{"id":70,"date":"2016-07-27T16:09:52","date_gmt":"2016-07-27T14:09:52","guid":{"rendered":"http:\/\/dev.yoho.pl\/beethoven\/stowarzyszenie\/?page_id=70"},"modified":"2026-02-06T15:10:44","modified_gmt":"2026-02-06T14:10:44","slug":"kontakt","status":"publish","type":"page","link":"https:\/\/beethoven.org.pl\/stowarzyszenie\/kontakt\/","title":{"rendered":"Kontakt"},"content":{"rendered":"<p><strong>Andrzej Giza<\/strong><br \/>\nPrezes Zarz\u0105du Stowarzyszenia im. Ludwiga van Beethovena<br \/>\nDyrektor Generalny Wielkanocnego Festiwalu Ludwiga van Beethovena<br \/>\nwi\u0119cej o <a href=\"https:\/\/beethoven.org.pl\/stowarzyszenie\/andrzej-giza\/\">Andrzeju Gizie<\/a><br \/>\n<a href=\"mailto:andrzej@beethoven.org.pl\">andrzej@beethoven.org.pl\u00a0<\/a><\/p>\n<p><strong>Iwona Dyrdu\u0142<\/strong><br \/>\nZast\u0119pca Dyrektora ds. finansowych<br \/>\n<a href=\"mailto:iwona@beethoven.org.pl\">iwona@beethoven.org.pl<\/a><\/p>\n<p><strong>El\u017cbieta Chojnowska<\/strong><br \/>\nKierownik impresariatu<br \/>\n<a href=\"mailto:ela@beethoven.org.pl\">ela@beethoven.org.pl<\/a><\/p>\n<p><strong>Ma\u0142gorzata Szyndel<\/strong><br \/>\nProject manager<br \/>\n<a href=\"mailto:malgorzata@beethoven.org.pl\">malgorzata@beethoven.org.pl<\/a><\/p>\n<p><strong>Irena\u00a0Tarkowska<\/strong><br \/>\nImpresariat, produkcja<br \/>\n<a href=\"mailto:irena@beethoven.org.pl\">irena@beethoven.org.pl<\/a><\/p>\n<p><strong>Joanna Tomaszewska<\/strong><br \/>\nProdukcja, Impresariat<br \/>\n<a href=\"mailto:joanna@beethoven.org.pl\">joanna@beethoven.org.pl<\/a><\/p>\n<p>&nbsp;<\/p>\n<hr \/>\n<p><strong>Adres biura Stowarzyszenia im. Ludwiga van Beethovena:<\/strong><br \/>\nul. S\u0142awkowska 14\/7<br \/>\n31-014 Krak\u00f3w<br \/>\nTel\/Fax (+48) 12 421 28 89<br \/>\ne-mail: biuro@beethoven.org.pl<\/p>\n<p><strong>Biuro w Warszawie:<\/strong><br \/>\nul. Chmielna 15\/10<br \/>\n00-021 Warszawa<br \/>\nTel. +48 22 331 70 18<br \/>\nFax. +48 22 313 00 05<br \/>\ne-mail: <a href=\"mailto:biuro@beethoven.org.pl\">biuro@beethoven.org.pl<\/a><br \/>\n<a href=\"http:\/\/www.beethoven.org.pl\">www.beethoven.org.pl<\/a><\/p>\n<p><strong>Numer konta:<\/strong><br \/>\n37 1020 2892 0000 5002 0146 1482<\/p>","protected":false},"excerpt":{"rendered":"<p>Andrzej Giza Prezes Zarz\u0105du Stowarzyszenia im. Ludwiga van Beethovena Dyrektor Generalny Wielkanocnego Festiwalu Ludwiga van Beethovena wi\u0119cej o Andrzeju Gizie andrzej@beethoven.org.pl\u00a0 Iwona Dyrdu\u0142 Zast\u0119pca Dyrektora ds. finansowych iwona@beethoven.org.pl El\u017cbieta Chojnowska Kierownik impresariatu ela@beethoven.org.pl Ma\u0142gorzata Szyndel Project manager malgorzata@beethoven.org.pl Irena\u00a0Tarkowska Impresariat, produkcja irena@beethoven.org.pl Joanna Tomaszewska Produkcja, Impresariat joanna@beethoven.org.pl &nbsp; Adres biura Stowarzyszenia im. Ludwiga van Beethovena: [&hellip;]<\/p>\n","protected":false},"author":1,"featured_media":0,"parent":0,"menu_order":14,"comment_status":"closed","ping_status":"closed","template":"","meta":{"footnotes":""},"class_list":["post-70","page","type-page","status-publish","hentry"],"_links":{"self":[{"href":"https:\/\/beethoven.org.pl\/stowarzyszenie\/wp-json\/wp\/v2\/pages\/70","targetHints":{"allow":["GET"]}}],"collection":[{"href":"https:\/\/beethoven.org.pl\/stowarzyszenie\/wp-json\/wp\/v2\/pages"}],"about":[{"href":"https:\/\/beethoven.org.pl\/stowarzyszenie\/wp-json\/wp\/v2\/types\/page"}],"author":[{"embeddable":true,"href":"https:\/\/beethoven.org.pl\/stowarzyszenie\/wp-json\/wp\/v2\/users\/1"}],"replies":[{"embeddable":true,"href":"https:\/\/beethoven.org.pl\/stowarzyszenie\/wp-json\/wp\/v2\/comments?post=70"}],"version-history":[{"count":77,"href":"https:\/\/beethoven.org.pl\/stowarzyszenie\/wp-json\/wp\/v2\/pages\/70\/revisions"}],"predecessor-version":[{"id":784,"href":"https:\/\/beethoven.org.pl\/stowarzyszenie\/wp-json\/wp\/v2\/pages\/70\/revisions\/784"}],"wp:attachment":[{"href":"https:\/\/beethoven.org.pl\/stowarzyszenie\/wp-json\/wp\/v2\/media?parent=70"}],"curies":[{"name":"wp","href":"https:\/\/api.w.org\/{rel}","templated":true}]}}