{"id":64,"date":"2016-07-27T16:09:27","date_gmt":"2016-07-27T14:09:27","guid":{"rendered":"http:\/\/dev.yoho.pl\/beethoven\/stowarzyszenie\/?page_id=64"},"modified":"2026-03-01T08:18:20","modified_gmt":"2026-03-01T07:18:20","slug":"english-czlonkowie","status":"publish","type":"page","link":"https:\/\/beethoven.org.pl\/stowarzyszenie\/en\/english-czlonkowie\/","title":{"rendered":"Members"},"content":{"rendered":"<p><\/p>\n<ul>\n<li>Adam Balas<\/li>\n<li>Regina Ch\u0142opicka +<\/li>\n<li>Andrzej Giza<\/li>\n<li>Iwona Dyrdu\u0142<\/li>\n<li>Krzysztof Ingarden<\/li>\n<li>Robert Kabara<\/li>\n<li>Jolanta R\u00f3\u017ca Koz\u0142owska<\/li>\n<li>J\u00f3zef Lassota<\/li>\n<li>Teresa Malecka<\/li>\n<li>Dominika Penderecka<\/li>\n<li>El\u017cbieta Penderecka +<\/li>\n<li>Krzysztof Penderecki +<\/li>\n<li>Ewa Siemdaj<\/li>\n<li>Marek Stachowski +<\/li>\n<li>Ma\u0142gorzata Janicka-S\u0142ysz<\/li>\n<li>Mariusz Tomasik<\/li>\n<li>Mieczys\u0142aw Tomaszewski +<\/li>\n<li>Joanna Wnuk-Nazarowa<\/li>\n<\/ul>\n<p><\/p>","protected":false},"excerpt":{"rendered":"<p>Adam Balas Regina Ch\u0142opicka + Andrzej Giza Iwona Dyrdu\u0142 Krzysztof Ingarden Robert Kabara Jolanta R\u00f3\u017ca Koz\u0142owska J\u00f3zef Lassota Teresa Malecka Dominika Penderecka El\u017cbieta Penderecka + Krzysztof Penderecki + Ewa Siemdaj Marek Stachowski + Ma\u0142gorzata Janicka-S\u0142ysz Mariusz Tomasik Mieczys\u0142aw Tomaszewski + Joanna Wnuk-Nazarowa<\/p>\n","protected":false},"author":1,"featured_media":0,"parent":0,"menu_order":11,"comment_status":"closed","ping_status":"closed","template":"","meta":{"footnotes":""},"class_list":["post-64","page","type-page","status-publish","hentry"],"_links":{"self":[{"href":"https:\/\/beethoven.org.pl\/stowarzyszenie\/en\/wp-json\/wp\/v2\/pages\/64","targetHints":{"allow":["GET"]}}],"collection":[{"href":"https:\/\/beethoven.org.pl\/stowarzyszenie\/en\/wp-json\/wp\/v2\/pages"}],"about":[{"href":"https:\/\/beethoven.org.pl\/stowarzyszenie\/en\/wp-json\/wp\/v2\/types\/page"}],"author":[{"embeddable":true,"href":"https:\/\/beethoven.org.pl\/stowarzyszenie\/en\/wp-json\/wp\/v2\/users\/1"}],"replies":[{"embeddable":true,"href":"https:\/\/beethoven.org.pl\/stowarzyszenie\/en\/wp-json\/wp\/v2\/comments?post=64"}],"version-history":[{"count":18,"href":"https:\/\/beethoven.org.pl\/stowarzyszenie\/en\/wp-json\/wp\/v2\/pages\/64\/revisions"}],"predecessor-version":[{"id":790,"href":"https:\/\/beethoven.org.pl\/stowarzyszenie\/en\/wp-json\/wp\/v2\/pages\/64\/revisions\/790"}],"wp:attachment":[{"href":"https:\/\/beethoven.org.pl\/stowarzyszenie\/en\/wp-json\/wp\/v2\/media?parent=64"}],"curies":[{"name":"wp","href":"https:\/\/api.w.org\/{rel}","templated":true}]}}