{"id":60,"date":"2016-07-27T16:08:51","date_gmt":"2016-07-27T14:08:51","guid":{"rendered":"http:\/\/dev.yoho.pl\/beethoven\/stowarzyszenie\/?page_id=60"},"modified":"2025-12-01T13:46:44","modified_gmt":"2025-12-01T12:46:44","slug":"elzbieta-penderecka","status":"publish","type":"page","link":"https:\/\/beethoven.org.pl\/stowarzyszenie\/elzbieta-penderecka\/","title":{"rendered":"El\u017cbieta Penderecka"},"content":{"rendered":"<p><img loading=\"lazy\" decoding=\"async\" class=\" wp-image-140 alignleft\" src=\"http:\/\/beethoven.org.pl\/stowarzyszenie\/wp-content\/uploads\/sites\/4\/2016\/07\/ePenderecki1-295x300.jpg\" alt=\"ependerecki1\" width=\"336\" height=\"341\" srcset=\"https:\/\/beethoven.org.pl\/stowarzyszenie\/wp-content\/uploads\/sites\/4\/2016\/07\/ePenderecki1-295x300.jpg 295w, https:\/\/beethoven.org.pl\/stowarzyszenie\/wp-content\/uploads\/sites\/4\/2016\/07\/ePenderecki1-768x780.jpg 768w, https:\/\/beethoven.org.pl\/stowarzyszenie\/wp-content\/uploads\/sites\/4\/2016\/07\/ePenderecki1-1008x1024.jpg 1008w\" sizes=\"auto, (max-width: 336px) 100vw, 336px\" \/><\/p>\n<p>Urodzi\u0142a si\u0119 w Krakowie. Po uko\u0144czeniu szko\u0142y \u015bredniej studiowa\u0142a fizyk\u0119 na Uniwersytecie Jagiello\u0144skim w Krakowie. Od 1965 roku prowadzi\u0142a sekretariat swojego m\u0119\u017ca, Krzysztofa Pendereckiego.<\/p>\n<p>W roku 1990 zosta\u0142a wsp\u00f3\u0142za\u0142o\u017cycielk\u0105 i prezesem pierwszej prywatnej agencji Heritage Promotion of Music and Art. T\u0119 dzia\u0142alno\u015b\u0107 zako\u0144czy\u0142a w po\u0142owie 1995 roku.<br \/>\nOd roku 1992 pomaga\u0142a m\u0119\u017cowi w organizacji Festiwalu im. Pablo Casalsa w San Juan w Puerto Rico. Krzysztof Penderecki by\u0142 dyrektorem artystycznym tego Festiwalu w latach 1992-2002.<br \/>\nEl\u017cbieta Penderecka zasiada\u0142\u0105 w radach nadzorczych kilku fundacji, w tym Europejskiej Fundacji Mozartowskiej, kt\u00f3ra zako\u0144czy\u0142a swoj\u0105 dzia\u0142alno\u015b\u0107 w grudniu 1998 roku i kt\u00f3rej siedziba przez cztery lata mie\u015bci\u0142a si\u0119 w Polsce. By\u0142a wsp\u00f3\u0142za\u0142o\u017cycielk\u0105 tej fundacji i aktywnie uczestniczy\u0142a w pracach Komitetu Doradczego i Rady Programowej. Przyczyni\u0142a si\u0119 walnie do powstania orkiestry kameralnej Sinfonietta Cracovia, oficjalnej orkiestry Sto\u0142ecznego Kr\u00f3lewskiego Miasta Krakowa. Pomaga\u0142a w promocji tego zespo\u0142u i organizacji koncert\u00f3w, obejmuj\u0105c jednocze\u015bnie nad ni\u0105 patronat.<\/p>\n<p>W listopadzie 1997 roku zorganizowa\u0142a wraz z Centrum Sztuki \u201eStudio\u201d koncert charytatywny na rzecz powodzian z udzia\u0142em Sinfonii Varsovii, Lorda Yehudi Menuhina, Ch\u00f3ru Filharmonii Narodowej oraz solist\u00f3w Izabeli K\u0142osi\u0144skiej, Arto Norasa i Ewy Pob\u0142ockiej.<br \/>\nW roku 1997 zainicjowa\u0142a cykl \u201eKoncerty Wielkich Mistrz\u00f3w \u2013 El\u017cbieta Penderecka zaprasza\u201d, prezentuj\u0105c tak znakomitych artyst\u00f3w jak M\u015bcis\u0142aw Rostropowicz, Jessye Norman czy Simon Estes. Kontynuowa\u0142a ten cykl w roku 1998, zapraszaj\u0105c do Krakowa Barbar\u0119 Hendricks i Stanis\u0142awa Bunina. W roku 1999 przyjechali do Krakowa m.in. Martha Argerich i Krystian Zimerman, a do Warszawy Olga Borodina i Maxim Vengerov, Shlomo Mintz, Heinrich Schiff i Julian Rachlin.<\/p>\n<p>W latach 1996-2000 by\u0142a Przewodnicz\u0105c\u0105 Rady Programowej Festiwalu Krak\u00f3w 2000 \u2013 Europejskie Miasto Kultury. W ramach Festiwalu Krak\u00f3w 2000, na zaproszenie El\u017cbiety Pendereckiej przyjechali do Krakowa Filharmonicy Nowojorscy z Kurtem Masurem, Norddeutsche Rundfunk z Christophem Eschenbachem, Concentus Musicus z Maestro Harnoncourtem, Bergen Philharmonic z Simone Young, Wiener Akademie z Martinem Haselb\u00f6ckiem, oraz Bundesjugendorchester pod dyrekcj\u0105 Maestro Gerda Albrechta. Wsp\u00f3lnie z Deutsche Stiftung Musikleben i Niemieck\u0105 Rad\u0105 Muzyki zorganizowa\u0142a tournee Bundesjugendorchester \u201ePoland and Germany \u2013 Together in the Heart of Europe\u201d, pod honorowym patronatem Prezydenta Niemiec Johannesa Raua i Prezydenta RP, Aleksandra Kwa\u015bniewskiego, w Krakowie, Warszawie, Poznaniu i Gda\u0144sku.<\/p>\n<p>W marcu 1997 roku zorganizowa\u0142a pierwszy Wielkanocny Festiwal Ludwiga van Beethovena. W nast\u0119pnych latach odbywa\u0142y si\u0119 kolejne edycje festiwalu, w kt\u00f3rych brali udzia\u0142 m.in.: Anne-Sophie Mutter z Penderecki Festival Orchestra, pod dyrekcj\u0105 Krzysztofa Pendereckiego, Juozas Domarkas, Thomas Sanderling, Aldo Ceccato, Leopold Hager, Christoph Eschenbach, John Neal Axelrod, Rudolf Buchbinder, Boris Pergamenschikow, Arto Noras, Barry Douglas, Yuri Bashmet, Shlomo Mintz, Boris Carmeli, Elena Zaremba, Matthias H\u00f6lle, Renate Behle, Chor der Bamberger Symphoniker i La Stagione Frankfurt, Deutsche Kammerorchester Berlin, NOSPR, Sinfonia Varsovia, Sinfonietta Cracovia, Tokyo String Quartet, i wielu innych wybitnych artyst\u00f3w.<\/p>\n<p>W roku 1998 El\u017cbieta Penderecka by\u0142a Dyrektorem Artystycznym Festiwalu Krzysztofa Pendereckiego. Wydarzenia muzyczne tego roku odbywa\u0142y si\u0119 w Krakowie pod patronatem samego kompozytora.<\/p>\n<p>El\u017cbieta Penderecka zosta\u0142a odznaczona w listopadzie 1996 roku Krzy\u017cem Kawalerskim Orderu Polonia Restituta. W listopadzie 1997 roku zosta\u0142a uhonorowana nagrod\u0105 PRO MUSICA VIVA, przyznan\u0105 przez Fundacj\u0119 Marii Strecker Daelen w uznaniu jej wybitnych osi\u0105gni\u0119\u0107 w polskim i mi\u0119dzynarodowym \u017cyciu muzycznym. 10 stycznia 1998 roku zosta\u0142a laureatk\u0105 nagrody specjalnej Z\u0142otej Statuetki Business Center Club. W styczniu 1999 roku otrzyma\u0142a z r\u0105k wojewody krakowskiego, Ryszarda Mas\u0142owskiego, Honorow\u0105 Odznak\u0119 \u201eZa zas\u0142ugi dla Wojew\u00f3dztwa Krakowskiego\u201d. W tym samym roku otrzyma\u0142a medal 40-lecia Programu Fulbrighta w Polsce. W zwi\u0105zku z t\u0105 uroczysto\u015bci\u0105 wsp\u00f3\u0142organizowa\u0142a w Teatrze Wielkim charytatywny koncert symfoniczny.<\/p>\n<p>El\u017cbieta Penderecka by\u0142 cz\u0142onkiem Rady Fundacji Zamku w \u0141a\u0144cucie. Zosta\u0142a zaproszona do wsp\u00f3\u0142pracy z jednym z polskich wydawnictw, kt\u00f3re wraz z Ministerstwem Spraw Zagranicznych opracowywa\u0142o promocj\u0119 Polski i akces Polski do UE. Za dzia\u0142alno\u015b\u0107 charytatywn\u0105 od 1995 roku na rzecz Fundacji Profilaktyki i Leczenia Chor\u00f3b Krwi im. Profesora Juliana Aleksandrowicza, wspomagaj\u0105cej rozw\u00f3j Kliniki Hematologii Collegium Medicum UJ, otrzyma\u0142a w grudniu 2000 roku Medal im. Profesora Juliana Aleksandrowicza.<br \/>\nW lutym 2001, w cyklu \u201eWielkie orkiestry \u2013 El\u017cbieta Penderecka zaprasza\u201d, wsp\u00f3lnie z Teatrem Wielkim w Warszawie, zorganizowa\u0142a koncert Cincinnati Symphony Orchestra. W maju 2001 recitalem m\u0142odego pianisty z Luksemburga, Francesco Tristano Schlim\u00e9 rozpocz\u0119\u0142a w Krakowie festiwal pianistyczny \u201eMistrzowie fortepianu \u2013 wielkie talenty\u201d. Festiwal kontynuowany by\u0142 w dniach 16-19 wrze\u015bnia. Wyst\u0105pili na nim piani\u015bci: Konstantin Scherbakov, Henri Sigfridsson, Filippo Gamba, Kun Woo Paik i Barry Douglas. Pierwsz\u0105 edycj\u0119 tego festiwalu zako\u0144czy\u0142 w listopadzie wyst\u0119p Aleksandra Gindina.<\/p>\n<p>El\u017cbieta Penderecka dwukrotnie zosta\u0142a nagrodzona przez miesi\u0119cznik \u201eHome &amp; Market\u201d, jako jedna z pi\u0119\u0107dziesi\u0119ciu najbardziej wp\u0142ywowych kobiet w Polsce. W maju 2002 roku otrzyma\u0142a na festiwalu Crackfilm nagrod\u0119 \u201eTytana Tytan\u00f3w\u201d za dzia\u0142ania na rzecz promocji wizerunku Polski w \u015bwiecie.<\/p>\n<p>W czerwcu 2002 decyzj\u0105 KulturForum Europa (Europejskie Forum Kultury) El\u017cbieta Penderecka zosta\u0142a laureatk\u0105 jubileuszowej nagrody Europejska Nagroda Kultury 2002 za swoje osi\u0105gni\u0119cia jako \u201eAmbasador Polski w otwieraniu Unii Europejskiej na Wsch\u00f3d\u201d. 9 wrze\u015bnia 2002 odby\u0142o si\u0119 oficjalne wr\u0119czenie Europejskiej Nagrody Kultury za rok 2002.<\/p>\n<p>28 marca 2003 roku El\u017cbieta Penderecka otrzyma\u0142a Z\u0142oty Krzy\u017c za Zas\u0142ugi dla Republiki Austrii przyznany przez Prezydenta Republiki Austrii. 14 kwietnia Austriacki Konsul Generalny wr\u0119czy\u0142 nagrod\u0119 na koncercie, kt\u00f3ry odby\u0142 si\u0119 w ramach 7. Wielkanocnego Festiwalu Ludwiga van Beethovena Na zako\u0144czenie festiwalu w kwietniu 2003 roku Prezydent Krakowa i Rada Miasta Krakowa przyzna\u0142a El\u017cbiecie Pendereckiej Z\u0142oty Medal Krak\u00f3w 2000 \u201cw dow\u00f3d uznania za promowanie Krakowa poprzez organizacj\u0119 i piecz\u0119 nad jednym z najwa\u017cniejszych wydarze\u0144 kulturalnych w Polsce i \u015bwiecie, Wielkanocnym Festiwalem Ludwiga van Beethovena\u201d.<\/p>\n<p>We wrze\u015bniu 2003 roku, z inicjatywy El\u017cbiety Pendereckiej, powsta\u0142o Stowarzyszenie im. Ludwiga van Beethovena. Zosta\u0142a jego prezesem. Od 2004 roku, Wielkanocny Festiwal Ludwiga van Beethovena jest organizowany poprzez Stowarzyszenie w Warszawie.<br \/>\nNajnowsze nagrody przyznane El\u017cbiecie Pendereckiej to Nagroda Bertelsmanna (2006), Krzy\u017c Oficerski Orderu Zas\u0142ugi Republiki Litewskiej (luty 2007), Krzy\u017c Komandorski Orderu Gwiazdy Solidarno\u015bci W\u0142oskiej (kwiecie\u0144 2007), Music Ambassador Award od Pro Musica Viva Stiftung w Mainz (listopad 2007), Honorowe Wyr\u00f3\u017cnienie Solidna Firma 2007 \u201eza propagowanie kultury \u015bwiatowej w Polsce\u201d (2008), Honorary Doctor of the Armenian Branch of the International Academy of Science of Nature and Society (2008), Order im. Bernardo O\u2019Higginsa stopnia kawalerskiego (2008), Honorowe odznaczenie od Ambasady Boliwaria\u0144skiej Republiki Wenezueli za \u201ecenn\u0105 wsp\u00f3\u0142prac\u0119 i wk\u0142ad w dzia\u0142alno\u015b\u0107\u201d (2008). 17 czerwca 2008 roku El\u017cbieta Penderecka zosta\u0142a uhonorowana nagrod\u0105 Kryszta\u0142owych Zwierciade\u0142 za wieloletnie tw\u00f3rcze uczestnictwo w polskim i mi\u0119dzynarodowym \u017cyciu muzycznym i za propagowanie muzyki wielkich mistrz\u00f3w, w tym Krzysztofa Pendereckiego. El\u017cbieta Penderecka by\u0142a doradc\u0105 Abu Dhabi Music and Arts Foundation oraz cz\u0142onkiem zarz\u0105du Mi\u0119dzynarodowego Konkursu im. Arama Chaczaturiana. W lutym 2010 roku otrzyma\u0142a Nagrod\u0119 \u201eZ\u0142ota My\u015bl\u201d za wk\u0142ad w rozw\u00f3j nauki i kultury polskiej.<\/p>\n<p>El\u017cbieta Penderecka otrzyma\u0142a Samuel Simons Sanford Medal od Yale University \u2013 Yale School of Music \u201eza wybitne zas\u0142ugi na rzecz muzyki\u201d. Nagroda zosta\u0142a wr\u0119czona przez dziekana Yale School of Music, prof. Roberta Blockera.<br \/>\n16 listopada 2010 r. El\u017cbieta Penderecka zosta\u0142a odznaczona przez Ministra Spraw Zagranicznych Odznak\u0105 Honorow\u0105 Bene Merito za dzia\u0142alno\u015b\u0107 wzmacniaj\u0105c\u0105 pozycj\u0119 Polski na arenie mi\u0119dzynarodowej.<\/p>\n<p>28 lutego 2011 r. El\u017cbieta Penderecka otrzyma\u0142a najwy\u017csze odznaczenie Suwerennego Wojskowego Zakonu Malta\u0144skiego przyznawane kobietom \u2013 Croix avec Plaque de L\u2019ordre \u201ePro Merito Melitensi\u201d. 19 kwietnia 2011 r. El\u017cbieta Penderecka zosta\u0142a odznaczona przez Ministra Kultury i Dziedzictwa Narodowego srebrnym medalem \u201eGloria Artis\u201d za wiele lat pracy na rzecz Wielkanocnego Festiwalu Ludwiga van Beethovena i za opiek\u0119 nad najwi\u0119kszymi wydarzeniami muzycznymi. 1 pa\u017adziernika 2011 roku podczas inauguracji roku akademickiego na Uniwersytecie Jagiello\u0144skim w Krakowie El\u017cbieta Penderecka otrzyma\u0142a z r\u0105k prof. Karola Musio\u0142a \u2013 rektora UJ, odznak\u0119 \u201eZas\u0142u\u017cony dla Uniwersytetu Jagiello\u0144skiego\u201d. 3 grudnia podczas VII Wieczoru Autorskiego prof. Antoniego Krzeskiego w Fabryce Trzciny w Warszawie, El\u017cbieta Penderecka zosta\u0142a uhonorowana godno\u015bci\u0105 Amicus Rhinologiae Polonicae (Przyjaciel Polskiej Rynologii).<\/p>\n<p>Z okazji \u015awi\u0119ta Narodowego 3 maja 2012, El\u017cbieta Penderecka otrzyma\u0142a z r\u0105k Prezydenta RP, Bronis\u0142awa Komorowskiego, Krzy\u017c Oficerski Orderu Odrodzenia Polski za wybitne zas\u0142ugi w propagowaniu i upowszechnianiu polskiej i \u015bwiatowej kultury, za osi\u0105gni\u0119cia w pracy artystycznej i tw\u00f3rczej. W pa\u017adzierniku 2012 roku El\u017cbieta Penderecka otrzyma\u0142a Krzy\u017c Zas\u0142ugi na Wst\u0119dze. Jest to odznaczenie Pa\u0144stwowe (federalne) nadawane przez Prezydenta Federalnego za zas\u0142ugi dla dobra spo\u0142ecznego, w tym przypadku za zas\u0142ugi w pracy na rzecz relacji polsko-niemieckich. (Zwyczajowo nadaje si\u0119 za pierwszym razem zawsze najni\u017cszy stopie\u0144 orderu, czyli Medal Zas\u0142ugi. W przypadku El\u017cbiety Pendereckiej nast\u0105pi\u0142 przeskok o dwie pozycje \u2013 Medal Zas\u0142ugi, Krzy\u017c Jubileuszowy, Krzy\u017c na Wst\u0119dze).<\/p>\n<p>W styczniu 2013 na gali Paszport\u00f3w Polityki El\u017cbieta Penderecka otrzyma\u0142a nagrod\u0119 Kreatora Kultury 2012 za stworzenie wa\u017cnych wydarze\u0144 muzycznych, przede wszystkim Wielkanocnego Festiwalu im. Ludwiga van Beethovena; za wydobycie na \u015bwiat\u0142o dzienne r\u0119kopis\u00f3w wielkich kompozytor\u00f3w przechowywanych w Bibliotece Jagiello\u0144skiej; za patronowanie zespo\u0142om Sinfonietta Cracovia i Orkiestrze Akademii Beethovenowskiej; za ogromne zas\u0142ugi dla polskiego \u017cycia muzycznego.<\/p>\n<p>W kwietniu 2013 El\u017cbieta Penderecka otrzyma\u0142a tytu\u0142 \u201ePrzyjaciel Warmii i Mazur\u201d od Marsza\u0142ka Wojew\u00f3dztwa Warmi\u0144sko-Mazurskiego Jacka Protasa za promocj\u0119 regionu Warmii, Mazur i Powi\u015bla oraz upowszechnianie osi\u0105gni\u0119\u0107 artystycznych Orkiestry Symfonicznej Warmi\u0144sko-Mazurskiej Filharmonii im. Feliksa Nowowiejskiego na arenie og\u00f3lnopolskiej i mi\u0119dzynarodowej.<\/p>\n<p>W pa\u017adzierniku 2014 roku El\u017cbieta Penderecka otrzyma\u0142a od Ambasady RP w Pekinie Medal w uznaniu zas\u0142ug dla rozwoju relacji polsko-chi\u0144skich, upami\u0119tniaj\u0105cy 65. rocznic\u0119 nawi\u0105zania stosunk\u00f3w mi\u0119dzy Polsk\u0105 a ChRL.<\/p>\n<p>We wrze\u015bniu 2016 roku El\u017cbieta Penderecka zosta\u0142a uhonorowana Z\u0142otym Medalem Ministra Kultury Armenii. Odznaczenie zosta\u0142o wr\u0119czone z okazji 20. rocznicy Wielkanocnego Festiwalu Ludwiga van Beethovena, a tak\u017ce za prezentowanie muzyki ormia\u0144skiej w Polsce i na \u015bwiecie. W listopadzie tego samego roku podczas uroczystej Gali organizowanej przez Inicjatyw\u0119 Sekretarza Generalnego ONZ-Global Compact Poland upami\u0119tniaj\u0105cej \u015awiatowy Dzie\u0144 ONZ El\u017cbiecie Pendereckiej przyznano nagrod\u0119 Architekt\u00f3w Zr\u00f3wnowa\u017conego Rozwoju. W ten spos\u00f3b jury postanowi\u0142o doceni\u0107 jej wk\u0142ad w promocj\u0119 polskiego dziedzictwa kulturalnego w Polsce i na \u015bwiecie. W listopadzie 2016 roku El\u017cbieta Penderecka otrzyma\u0142a Medal \u201cBene Merentibus\u201d od Stowarzyszenia Architekt\u00f3w Polskich w uznaniu zas\u0142ug dla rozwoju Architektury Polskiej i Stowarzyszenia Architekt\u00f3w Polskich. W grudniu tego samego roku zosta\u0142a honorowym cz\u0142onkiem Polish Singers Alliance America. W 2016 roku El\u017cbieta Penderecka otrzyma\u0142a r\u00f3wnie\u017c Medal Polonia Minor od Samorz\u0105du Wojew\u00f3dztwa Ma\u0142opolskiego w podzi\u0119kowaniu za rozw\u00f3j kulturalny Ma\u0142opolski przez wspieranie budowy Europejskiego Centrum Muzyki w Lus\u0142awicach i Centrum Muzyki w Krakowie, organizacj\u0119 dwudziestu Wielkanocnych Festiwali Beethovenowskich oraz doprowadzenie do powstania nowych orkiestr Sinfonietty Cracovii oraz Orkiestry Akademii Beethovenowskiej.<\/p>\n<p>W listopadzie 2017 roku Indiana University School of Global and International Studies przyzna\u0142 El\u017cbiecie Pendereckiej tytu\u0142 Globalnego Ambasadora Kultury w uznaniu d\u0142ugoletnich dzia\u0142a\u0144 promuj\u0105cych jedno\u015b\u0107 i zrozumienie poprzez muzyk\u0119.<br \/>\nW 2018 roku El\u017cbieta Penderecka otrzyma\u0142a tytu\u0142 Idola Stulecia od Fundacji Szansa dla Niewidomych.<br \/>\nW 2019 roku El\u017cbieta Penderecka zosta\u0142a odznaczona Krzy\u017cem Oficerskim Orderu Zas\u0142ugi Cywilnej, przyznanym przez Jego Kr\u00f3lewsk\u0105 Mo\u015b\u0107 Kr\u00f3la Hiszpanii Filipa VI. W 2020 roku zosta\u0142a uhonorowana tytu\u0142em Promotor Polski 2020 jako promotor kultury przez fundacj\u0119 Teraz Polska.<\/p>\n<p>El\u017cbieta Penderecka wsp\u00f3lnie z m\u0119\u017cem \u015bp. Krzysztofem Pendereckim by\u0142a kreatork\u0105 Europejskiego Centrum Muzyki Krzysztofa Pendereckiego w Lus\u0142awicach \u2013 unikatowego o\u015brodka rozwijania m\u0142odych talent\u00f3w muzycznych. El\u017cbieta Penderecka by\u0142a Prezesem Zarz\u0105du Stowarzyszenia im. Ludwiga van Beethovena, Dyrektorem Generalnym Wielkanocnego Festiwalu Ludwiga van Beethovena. 29 grudnia 2020 roku zosta\u0142a powo\u0142ana przez Ministra Kultury i Dziedzictwa Narodowego Prof. Piotra Gli\u0144skiego na przewodnicz\u0105c\u0105 Rady Programowej Europejskiego Centrum Muzyki Krzysztofa Pendereckiego. El\u017cbieta Penderecka by\u0142a te\u017c cz\u0142onkiem Rady Doradczej European Union Youth Orchestra (EUYO).<\/p>\n<p>W styczniu 2020 roku El\u017cbieta Penderecka otrzyma\u0142a z\u0142oty medal okoliczno\u015bciowy z okazji 100-lecia Polskiego Komitetu Olimpijskiego.<br \/>\nW marcu 2021 roku, w 100-lecie Polskiego Komitetu Olimpijskiego, El\u017cbieta Penderecka otrzyma\u0142a Honorowy Z\u0142oty Wawrzyn Olimpijski w uznaniu zas\u0142ug na rzecz umacniania wi\u0119zi \u015bwiata artystycznego z polskim ruchem olimpijskim.<br \/>\nW marcu 2022 roku El\u017cbieta Penderecka zosta\u0142a uhonorowana Nagrod\u0105 im. Kazimiery Bujwidowej za rok 2021. We wrze\u015bniu tego samego roku otrzyma\u0142a tytu\u0142 Honorowego Obywatela Miasta Zabrze w uznaniu zas\u0142ug dla rozwoju \u015bwiatowej muzyki i promocji Miasta Zabrze poprzez wsp\u00f3\u0142organizacj\u0119 takich wydarze\u0144 jak Mi\u0119dzynarodowy Festiwal im. Krzysztofa Pendereckiego czy Wielkanocny Festiwal Ludwiga van Beethovena.<\/p>\n<p>2 kwietnia 2023 roku El\u017cbieta Penderecka zosta\u0142a uhonorowana najwy\u017cszym odznaczeniem pozostaj\u0105cym w gestii ministra kultury \u2013 Z\u0142otym Medalem \u201eZas\u0142u\u017cony Kulturze Gloria Artis\u201d. Uroczysto\u015b\u0107 odby\u0142a si\u0119 w warszawskiej Filharmonii Narodowej. Wiceprezes Rady Ministr\u00f3w, minister kultury i dziedzictwa narodowego prof. Piotr Gli\u0144ski nada\u0142 to odznaczenie El\u017cbiecie Pendereckiej za szczeg\u00f3lne i owocne zaanga\u017cowanie w dzia\u0142alno\u015b\u0107 na rzecz kultury polskiej. Odznaczenie wr\u0119czy\u0142 sekretarz stanu w MKiDN dr Jaros\u0142aw Sellin.<\/p>\n<p>22 listopada 2023 roku El\u017cbieta Penderecka otrzyma\u0142a z r\u0105k Ambasador Finlandii, JE P\u00e4ivi Laine, odznaczenie Kawalera Orderu Bia\u0142ej R\u00f3\u017cy Finlandii, przyznane przez Prezydenta Republiki Finlandii. Uroczysto\u015b\u0107 odby\u0142a si\u0119 22 listopada 2023 w Ambasadzie Finlandii w Warszawie. W dniu 11 grudnia 2023 w Sali Senatorskiej Zamku Kr\u00f3lewskiego na Wawelu odby\u0142a si\u0119 gala 20-lecia Stowarzyszenia im. Ludwiga van Beethovena. Z okazji tego jubileuszu Stowarzyszenie mia\u0142o zaszczyt otrzyma\u0107 listy od Marsza\u0142ka Senatu RP, Pani Ma\u0142gorzaty Kidawy-B\u0142o\u0144skiej, od Marsza\u0142ka Sejmu RP, Pana Szymona Ho\u0142owni, oraz od Prezydenta Miasta Sto\u0142ecznego Warszawy, Pana Rafa\u0142a Trzaskowskiego. Jubileusz 20-lecia to okres podsumowa\u0144, aktywno\u015bci Stowarzyszenia im. Ludwiga van Beethovena na rzecz promocji polskiej kultury, polskiego dziedzictwa, polskiego kraju. Z tej okazji zosta\u0142 przyznany El\u017cbiecie Pendereckiej Krzy\u017c Komandorski z Gwiazd\u0105 Orderu Odrodzenia Polski.<\/p>\n<p>18 marca 2024 roku El\u017cbieta Penderecka otrzyma\u0142a odznaczenie Kawalera Orderu Zas\u0142ugi Wielkiego Ksi\u0119stwa Luksemburg z r\u0105k Jego Ekscelencji Ambasadora Paula Schmita.<\/p>\n<p>El\u017cbieta Penderecka zmar\u0142a niespodziewanie 31 pa\u017adziernika 2025 roku.<\/p>\n<p>Uroczysto\u015b\u0107 pogrzebowa \u015bp. El\u017cbiety Pendereckiej z asyst\u0105 wojskow\u0105 odby\u0142a si\u0119 w sobot\u0119, 8 listopada 2025 w Ko\u015bciele \u015awi\u0119tych Aposto\u0142\u00f3w Piotra i Paw\u0142a w Krakowie.<br \/>\nPodczas uroczystej Mszy \u015awi\u0119tej, zosta\u0142 odczytany list Prezydenta Rzeczypospolitej Polskiej Pana Karola Nawrockiego, jak r\u00f3wnie\u017c Postanowienie Prezydenta Rzeczypospolitej Polskiej o po\u015bmiertnym uhonorowaniu Zmar\u0142ej Krzy\u017cem Wielkim Orderu Odrodzenia Polski. Odznaczenie na r\u0119ce Dominiki Pendereckiej, c\u00f3rki Zmar\u0142ej, przekaza\u0142 Pan Wojciech Kolarski, Sekretarz Stanu w Kancelarii Prezydenta RP.<\/p>\n<p>\u015ap. El\u017cbieta Penderecka spocz\u0119\u0142a w Panteonie Narodowym przy Ko\u015bciele \u015awi\u0119tych Aposto\u0142\u00f3w Piotra i Paw\u0142a w Krakowie.<\/p>\n<p>&nbsp;<\/p>","protected":false},"excerpt":{"rendered":"<p>Urodzi\u0142a si\u0119 w Krakowie. Po uko\u0144czeniu szko\u0142y \u015bredniej studiowa\u0142a fizyk\u0119 na Uniwersytecie Jagiello\u0144skim w Krakowie. Od 1965 roku prowadzi\u0142a sekretariat swojego m\u0119\u017ca, Krzysztofa Pendereckiego. W roku 1990 zosta\u0142a wsp\u00f3\u0142za\u0142o\u017cycielk\u0105 i prezesem pierwszej prywatnej agencji Heritage Promotion of Music and Art. T\u0119 dzia\u0142alno\u015b\u0107 zako\u0144czy\u0142a w po\u0142owie 1995 roku. Od roku 1992 pomaga\u0142a m\u0119\u017cowi w organizacji Festiwalu [&hellip;]<\/p>\n","protected":false},"author":1,"featured_media":0,"parent":0,"menu_order":10,"comment_status":"closed","ping_status":"closed","template":"","meta":{"footnotes":""},"class_list":["post-60","page","type-page","status-publish","hentry"],"_links":{"self":[{"href":"https:\/\/beethoven.org.pl\/stowarzyszenie\/wp-json\/wp\/v2\/pages\/60","targetHints":{"allow":["GET"]}}],"collection":[{"href":"https:\/\/beethoven.org.pl\/stowarzyszenie\/wp-json\/wp\/v2\/pages"}],"about":[{"href":"https:\/\/beethoven.org.pl\/stowarzyszenie\/wp-json\/wp\/v2\/types\/page"}],"author":[{"embeddable":true,"href":"https:\/\/beethoven.org.pl\/stowarzyszenie\/wp-json\/wp\/v2\/users\/1"}],"replies":[{"embeddable":true,"href":"https:\/\/beethoven.org.pl\/stowarzyszenie\/wp-json\/wp\/v2\/comments?post=60"}],"version-history":[{"count":22,"href":"https:\/\/beethoven.org.pl\/stowarzyszenie\/wp-json\/wp\/v2\/pages\/60\/revisions"}],"predecessor-version":[{"id":781,"href":"https:\/\/beethoven.org.pl\/stowarzyszenie\/wp-json\/wp\/v2\/pages\/60\/revisions\/781"}],"wp:attachment":[{"href":"https:\/\/beethoven.org.pl\/stowarzyszenie\/wp-json\/wp\/v2\/media?parent=60"}],"curies":[{"name":"wp","href":"https:\/\/api.w.org\/{rel}","templated":true}]}}