{"id":58,"date":"2016-07-27T16:08:38","date_gmt":"2016-07-27T14:08:38","guid":{"rendered":"http:\/\/dev.yoho.pl\/beethoven\/stowarzyszenie\/?page_id=58"},"modified":"2025-02-05T18:21:17","modified_gmt":"2025-02-05T17:21:17","slug":"misja","status":"publish","type":"page","link":"https:\/\/beethoven.org.pl\/stowarzyszenie\/misja\/","title":{"rendered":"Misja"},"content":{"rendered":"<p><strong>W\u015br\u00f3d cel\u00f3w, przy\u015bwiecaj\u0105cych Stowarzyszeniu im. Ludwiga van Beethovena s\u0105 m.in.:<\/strong><\/p>\n<ul>\n<li>organizowanie sta\u0142ej imprezy cyklicznej tj. Wielkanocnego Festiwalu Ludwiga van Beethovena<\/li>\n<li>promocja muzyki klasycznej<\/li>\n<li>upowszechnianie wiedzy o muzyce klasycznej i jej autorach<\/li>\n<li>kszta\u0142cenie m\u0142odzie\u017cy uzdolnionej muzycznie<\/li>\n<li>ochrona muzycznego dziedzictwa narodowego<\/li>\n<li>promowanie muzyki jako narz\u0119dzia integracji spo\u0142ecze\u0144stw i narod\u00f3w Europy oraz \u015awiata<\/li>\n<li>prowadzenie dzia\u0142alno\u015bci wychowawczej i popularyzatorskiej w zakresie kultury<\/li>\n<li>wspieranie dobroczynno\u015bci i dzia\u0142a\u0144 humanitarnych<\/li>\n<\/ul>\n<p>&nbsp;<\/p>\n<p><strong>Stowarzyszenie realizuje swoje cele poprzez:<\/strong><\/p>\n<ul>\n<li>Organizowanie koncert\u00f3w, wystaw i innych imprez kulturalnych,<\/li>\n<li>Wspieranie \u015brodowisk tw\u00f3rczych<\/li>\n<li>Prowadzenie dzia\u0142alno\u015bci wydawniczej, informacyjno-promocyjnej i edukacyjno-szkoleniowej.<\/li>\n<li>Prowadzenie dzia\u0142alno\u015bci naukowej i badawczej<\/li>\n<li>Prowadzenie baz danych, zwi\u0105zanych tematycznie z celami statutowymi.<\/li>\n<li>Wspieranie organizacji pozarz\u0105dowych w procesie integracji europejskiej oraz ich wsp\u00f3\u0142pracy mi\u0119dzynarodowej.<\/li>\n<li>Opracowywanie i wydawanie materia\u0142\u00f3w informacyjno-prawnych dla os\u00f3b indywidualnych.<\/li>\n<li>Wypowiadanie si\u0119 w sprawach publicznych, zwi\u0105zanych z celami Stowarzyszenia.<\/li>\n<li>Wsp\u00f3\u0142praca z w\u0142adzami samorz\u0105dowymi, pa\u0144stwowymi, sektorem gospodarczym, \u015brodkami masowego przekazu.<\/li>\n<li>Udzielanie wsparcia, w tym finansowego inicjatywom i organizacjom pozarz\u0105dowym jak r\u00f3wnie\u017c osobom fizycznym i prawnym<\/li>\n<\/ul>\n<p><\/p>","protected":false},"excerpt":{"rendered":"<p>W\u015br\u00f3d cel\u00f3w, przy\u015bwiecaj\u0105cych Stowarzyszeniu im. Ludwiga van Beethovena s\u0105 m.in.: organizowanie sta\u0142ej imprezy cyklicznej tj. Wielkanocnego Festiwalu Ludwiga van Beethovena promocja muzyki klasycznej upowszechnianie wiedzy o muzyce klasycznej i jej autorach kszta\u0142cenie m\u0142odzie\u017cy uzdolnionej muzycznie ochrona muzycznego dziedzictwa narodowego promowanie muzyki jako narz\u0119dzia integracji spo\u0142ecze\u0144stw i narod\u00f3w Europy oraz \u015awiata prowadzenie dzia\u0142alno\u015bci wychowawczej i popularyzatorskiej [&hellip;]<\/p>\n","protected":false},"author":1,"featured_media":0,"parent":0,"menu_order":9,"comment_status":"closed","ping_status":"closed","template":"","meta":{"footnotes":""},"class_list":["post-58","page","type-page","status-publish","hentry"],"_links":{"self":[{"href":"https:\/\/beethoven.org.pl\/stowarzyszenie\/wp-json\/wp\/v2\/pages\/58","targetHints":{"allow":["GET"]}}],"collection":[{"href":"https:\/\/beethoven.org.pl\/stowarzyszenie\/wp-json\/wp\/v2\/pages"}],"about":[{"href":"https:\/\/beethoven.org.pl\/stowarzyszenie\/wp-json\/wp\/v2\/types\/page"}],"author":[{"embeddable":true,"href":"https:\/\/beethoven.org.pl\/stowarzyszenie\/wp-json\/wp\/v2\/users\/1"}],"replies":[{"embeddable":true,"href":"https:\/\/beethoven.org.pl\/stowarzyszenie\/wp-json\/wp\/v2\/comments?post=58"}],"version-history":[{"count":5,"href":"https:\/\/beethoven.org.pl\/stowarzyszenie\/wp-json\/wp\/v2\/pages\/58\/revisions"}],"predecessor-version":[{"id":404,"href":"https:\/\/beethoven.org.pl\/stowarzyszenie\/wp-json\/wp\/v2\/pages\/58\/revisions\/404"}],"wp:attachment":[{"href":"https:\/\/beethoven.org.pl\/stowarzyszenie\/wp-json\/wp\/v2\/media?parent=58"}],"curies":[{"name":"wp","href":"https:\/\/api.w.org\/{rel}","templated":true}]}}