{"id":56,"date":"2016-07-27T16:08:21","date_gmt":"2016-07-27T14:08:21","guid":{"rendered":"http:\/\/dev.yoho.pl\/beethoven\/stowarzyszenie\/?page_id=56"},"modified":"2026-02-14T09:39:49","modified_gmt":"2026-02-14T08:39:49","slug":"o-nas","status":"publish","type":"page","link":"https:\/\/beethoven.org.pl\/stowarzyszenie\/","title":{"rendered":"O nas"},"content":{"rendered":"<p><strong>Stowarzyszenie zosta\u0142o powo\u0142ane 24 wrze\u015bnia 2003 roku w Krakowie. Pomys\u0142odawc\u0105 i za\u0142o\u017cycielem instytucji by\u0142a El\u017cbieta Penderecka. Podstawowa dzia\u0142alno\u015b\u0107 Stowarzyszenia dotyczy organizacji Wielkanocnego Festiwalu Ludwiga van Beethovena i promocji muzyki klasycznej, dziedzictwa polskiej sztuki zagranic\u0105.<br \/>\nStowarzyszenie wsp\u00f3\u0142pracuje z krajowymi i zagranicznymi organizacjami i instytucjami, o tym samym lub podobnym profilu dzia\u0142ania oraz mo\u017ce pozostawa\u0107 cz\u0142onkiem tych organizacji na zasadach pe\u0142nej autonomii.<\/strong><\/p>\n<p>&nbsp;<\/p>\n<p><strong>Andrzej Giza<\/strong><br \/>\nPrezes Zarz\u0105du Stowarzyszenia im. Ludwiga van Beethovena<br \/>\nDyrektor Generalny Wielkanocnego Festiwalu Ludwiga van Beethovena<br \/>\n(<u><a href=\"mailto:andrzej@beethoven.org.pl\">andrzej@beethoven.org.pl<\/a>)<\/u><\/p>\n<p>&nbsp;<\/p>\n<p><strong>Adres biura Stowarzyszenia im. Ludwiga van Beethovena:<\/strong><br \/>\nul. S\u0142awkowska 14\/7<br \/>\n31-014 Krak\u00f3w<br \/>\ne-mail: <u><a href=\"mailto:biuro@beethoven.org.pl\">biuro@beethoven.org.pl<\/a><\/u><\/p>\n<p><strong>Numer konta:<\/strong><br \/>\n37 1020 2892 0000 5002 0146 1482<\/p>","protected":false},"excerpt":{"rendered":"<p>Stowarzyszenie zosta\u0142o powo\u0142ane 24 wrze\u015bnia 2003 roku w Krakowie. Pomys\u0142odawc\u0105 i za\u0142o\u017cycielem instytucji by\u0142a El\u017cbieta Penderecka. Podstawowa dzia\u0142alno\u015b\u0107 Stowarzyszenia dotyczy organizacji Wielkanocnego Festiwalu Ludwiga van Beethovena i promocji muzyki klasycznej, dziedzictwa polskiej sztuki zagranic\u0105. Stowarzyszenie wsp\u00f3\u0142pracuje z krajowymi i zagranicznymi organizacjami i instytucjami, o tym samym lub podobnym profilu dzia\u0142ania oraz mo\u017ce pozostawa\u0107 cz\u0142onkiem tych [&hellip;]<\/p>\n","protected":false},"author":1,"featured_media":0,"parent":0,"menu_order":8,"comment_status":"closed","ping_status":"closed","template":"template-home.php","meta":{"footnotes":""},"class_list":["post-56","page","type-page","status-publish","hentry"],"_links":{"self":[{"href":"https:\/\/beethoven.org.pl\/stowarzyszenie\/wp-json\/wp\/v2\/pages\/56","targetHints":{"allow":["GET"]}}],"collection":[{"href":"https:\/\/beethoven.org.pl\/stowarzyszenie\/wp-json\/wp\/v2\/pages"}],"about":[{"href":"https:\/\/beethoven.org.pl\/stowarzyszenie\/wp-json\/wp\/v2\/types\/page"}],"author":[{"embeddable":true,"href":"https:\/\/beethoven.org.pl\/stowarzyszenie\/wp-json\/wp\/v2\/users\/1"}],"replies":[{"embeddable":true,"href":"https:\/\/beethoven.org.pl\/stowarzyszenie\/wp-json\/wp\/v2\/comments?post=56"}],"version-history":[{"count":16,"href":"https:\/\/beethoven.org.pl\/stowarzyszenie\/wp-json\/wp\/v2\/pages\/56\/revisions"}],"predecessor-version":[{"id":772,"href":"https:\/\/beethoven.org.pl\/stowarzyszenie\/wp-json\/wp\/v2\/pages\/56\/revisions\/772"}],"wp:attachment":[{"href":"https:\/\/beethoven.org.pl\/stowarzyszenie\/wp-json\/wp\/v2\/media?parent=56"}],"curies":[{"name":"wp","href":"https:\/\/api.w.org\/{rel}","templated":true}]}}