{"id":516,"date":"2022-01-26T11:36:55","date_gmt":"2022-01-26T10:36:55","guid":{"rendered":"http:\/\/beethoven.org.pl\/stowarzyszenie\/?page_id=516"},"modified":"2025-08-27T14:19:39","modified_gmt":"2025-08-27T12:19:39","slug":"nagrania-artystow-impresaryjnych","status":"publish","type":"page","link":"https:\/\/beethoven.org.pl\/stowarzyszenie\/plyty\/nagrania-artystow-impresaryjnych\/","title":{"rendered":"Nagrania Artyst\u00f3w Impresaryjnych"},"content":{"rendered":"<p><\/p>\n<h3>Ksi\u0105\u017cek Piano Duo<\/h3>\n<h3>Chopin Piano Works<\/h3>\n<p>&nbsp;<\/p>\n<p>Reprezentowany przez\u00a0<i>Stowarzyszenie im. Ludwiga van Beethovena\u00a0<\/i><strong>Ksi\u0105\u017cek Piano Duo\u00a0<\/strong>to jedna z najciekawszych formacji duet\u00f3w fortepianowych na \u015bwiecie, tworzona przez dw\u00f3jk\u0119 wybitych polskich pianist\u00f3w:\u00a0<b>Agnieszk\u0119 Zahaczewsk\u0105-Ksi\u0105\u017cek\u00a0<\/b>i\u00a0<b>Krzysztofa Ksi\u0105\u017cka<\/b>. Od rozpocz\u0119cia wsp\u00f3\u0142pracy w 2012 roku, wielokrotnie nagradzany za granic\u0105 duet odby\u0142 szereg koncert\u00f3w w Szwajcarii, Francji, Tajlandii, Wielkiej Brytani i RPA, zdobywaj\u0105c uznanie publiczno\u015bci oraz pochlebne opinie mi\u0119dzynarodowej krytyki muzycznej.<br \/>\nNiniejszy album zawiera dzie\u0142a na dwa fortepiany\u00a0<b>Antona Are\u0144skiego\u00a0<\/b>i\u00a0<b>Sergeia Rachmaninova<\/b>, kt\u00f3re w spu\u015bci\u017anie kompozytorskiej obu tw\u00f3rc\u00f3w zajmuj\u0105 wa\u017cne miejsce. Cho\u0107 w wyj\u0105tkowym stopniu objawiaj\u0105ca si\u0119 u Rachmaninova, w obu przypadkach formacja dw\u00f3ch fortepian\u00f3w jest indywidualnie potraktowanym tworem, ukazuj\u0105cym doskonale rozumian\u0105 przez kompozytor\u00f3w technik\u0119 fortepianow\u0105, operuj\u0105c\u0105 szerokim wachlarzem mo\u017cliwo\u015bci i zalet instrumentu.<\/p>\n<p><a href=\"http:\/\/www.dux.pl\/arensky-rachmaninov-music-for-two-pianos-ksiazek-piano-duo.html\"><img loading=\"lazy\" decoding=\"async\" class=\"alignnone wp-image-536 size-medium\" src=\"http:\/\/beethoven.org.pl\/stowarzyszenie\/wp-content\/uploads\/sites\/4\/2022\/01\/arensky-rachmaninov-music-for-two-pianos-ksiazek-piano-duo.2-300x270.jpg\" alt=\"\" width=\"300\" height=\"270\" srcset=\"https:\/\/beethoven.org.pl\/stowarzyszenie\/wp-content\/uploads\/sites\/4\/2022\/01\/arensky-rachmaninov-music-for-two-pianos-ksiazek-piano-duo.2-300x270.jpg 300w, https:\/\/beethoven.org.pl\/stowarzyszenie\/wp-content\/uploads\/sites\/4\/2022\/01\/arensky-rachmaninov-music-for-two-pianos-ksiazek-piano-duo.2.jpg 600w\" sizes=\"auto, (max-width: 300px) 100vw, 300px\" \/><\/a><\/p>\n<p><a href=\"http:\/\/www.dux.pl\/arensky-rachmaninov-music-for-two-pianos-ksiazek-piano-duo.html\">KUP P\u0141YT\u0118<\/a><\/p>\n<hr \/>\n<p>&nbsp;<\/p>\n<p>&nbsp;<\/p>\n<h3>Agata Szymczewska<\/h3>\n<h3 id=\"modern-soul\">Modern Soul<\/h3>\n<p>&nbsp;<\/p>\n<p>P\u0142yta Modern Soul jest autorskim projektem Agaty Szymczewskiej. Zawiera cztery sonaty na skrzypce i r\u00f3\u017cne instrumenty. Solistce towarzysz\u0105 Marek Bracha i Grzegorz Skrobi\u0144ski (fortepian), Maciej Fr\u0105ckiewicz (akordeon) oraz \u0141ukasz Kuropaczewski (gitara).<br \/>\nKompozycje powsta\u0142y w latach 2013\u20132015 specjalnie dla tych wykonawc\u00f3w. Ignacy Zalewski, Miko\u0142aj Majkusiak, Marcin Markowicz i Aleksander Nowak to kompozytorzy m\u0142odszego pokolenia, w kt\u00f3rych dorobku ju\u017c wcze\u015bniej znalaz\u0142y si\u0119 dzie\u0142a przeznaczone na skrzypce, akordeon i gitar\u0119.<\/p>\n<p>Marcin Trz\u0119siok w om\u00f3wieniu programu p\u0142yty pisze:<br \/>\nOkre\u015blenie tych utwor\u00f3w ich mianem sonat wskazuje na klasyczny profil samej tej muzyki. Istotnie, cechuje j\u0105 elegancja, zmys\u0142 r\u00f3wnowagi, jubilerski kunszt. Ale nie jest to &#8222;muzyka o muzyce&#8221;. Mimo \u017ce wszystkie nawi\u0105zuj\u0105 do neostylistyk modernizmu i postmodernizmu, ka\u017cda z sonat odznacza si\u0119 osobnym tonem i wprowadza s\u0142uchacza w odmienny labirynt formy, w kt\u00f3rym chodzi o co\u015b wi\u0119cej ni\u017c tylko estetyczn\u0105 gr\u0119. Wypowiedzie\u0107 tre\u015bci wyrafinowane j\u0119zykiem przyst\u0119pnym \u2013 oto osi\u0105gni\u0119cie wysokiej pr\u00f3by.<\/p>\n<p><a href=\"https:\/\/www.empik.com\/modern-soul-szymczewska-agata,p1129188907,muzyka-p\"><img loading=\"lazy\" decoding=\"async\" class=\"alignnone wp-image-534 size-medium\" src=\"http:\/\/beethoven.org.pl\/stowarzyszenie\/wp-content\/uploads\/sites\/4\/2022\/01\/modern-soul-b-iext44508691-300x276.jpg\" alt=\"\" width=\"300\" height=\"276\" srcset=\"https:\/\/beethoven.org.pl\/stowarzyszenie\/wp-content\/uploads\/sites\/4\/2022\/01\/modern-soul-b-iext44508691-300x276.jpg 300w, https:\/\/beethoven.org.pl\/stowarzyszenie\/wp-content\/uploads\/sites\/4\/2022\/01\/modern-soul-b-iext44508691.jpg 386w\" sizes=\"auto, (max-width: 300px) 100vw, 300px\" \/><\/a><\/p>\n<p><a href=\"https:\/\/www.empik.com\/modern-soul-szymczewska-agata,p1129188907,muzyka-p\">KUP P\u0141YT\u0118<\/a><\/p>\n<p>&nbsp;<\/p>\n<p>&nbsp;<\/p>\n<p>&nbsp;<\/p>","protected":false},"excerpt":{"rendered":"<p>Ksi\u0105\u017cek Piano Duo Chopin Piano Works &nbsp; Reprezentowany przez\u00a0Stowarzyszenie im. Ludwiga van Beethovena\u00a0Ksi\u0105\u017cek Piano Duo\u00a0to jedna z najciekawszych formacji duet\u00f3w fortepianowych na \u015bwiecie, tworzona przez dw\u00f3jk\u0119 wybitych polskich pianist\u00f3w:\u00a0Agnieszk\u0119 Zahaczewsk\u0105-Ksi\u0105\u017cek\u00a0i\u00a0Krzysztofa Ksi\u0105\u017cka. Od rozpocz\u0119cia wsp\u00f3\u0142pracy w 2012 roku, wielokrotnie nagradzany za granic\u0105 duet odby\u0142 szereg koncert\u00f3w w Szwajcarii, Francji, Tajlandii, Wielkiej Brytani i RPA, zdobywaj\u0105c uznanie [&hellip;]<\/p>\n","protected":false},"author":2,"featured_media":0,"parent":348,"menu_order":2,"comment_status":"closed","ping_status":"closed","template":"template-records.php","meta":{"footnotes":""},"class_list":["post-516","page","type-page","status-publish","hentry"],"_links":{"self":[{"href":"https:\/\/beethoven.org.pl\/stowarzyszenie\/wp-json\/wp\/v2\/pages\/516","targetHints":{"allow":["GET"]}}],"collection":[{"href":"https:\/\/beethoven.org.pl\/stowarzyszenie\/wp-json\/wp\/v2\/pages"}],"about":[{"href":"https:\/\/beethoven.org.pl\/stowarzyszenie\/wp-json\/wp\/v2\/types\/page"}],"author":[{"embeddable":true,"href":"https:\/\/beethoven.org.pl\/stowarzyszenie\/wp-json\/wp\/v2\/users\/2"}],"replies":[{"embeddable":true,"href":"https:\/\/beethoven.org.pl\/stowarzyszenie\/wp-json\/wp\/v2\/comments?post=516"}],"version-history":[{"count":8,"href":"https:\/\/beethoven.org.pl\/stowarzyszenie\/wp-json\/wp\/v2\/pages\/516\/revisions"}],"predecessor-version":[{"id":752,"href":"https:\/\/beethoven.org.pl\/stowarzyszenie\/wp-json\/wp\/v2\/pages\/516\/revisions\/752"}],"up":[{"embeddable":true,"href":"https:\/\/beethoven.org.pl\/stowarzyszenie\/wp-json\/wp\/v2\/pages\/348"}],"wp:attachment":[{"href":"https:\/\/beethoven.org.pl\/stowarzyszenie\/wp-json\/wp\/v2\/media?parent=516"}],"curies":[{"name":"wp","href":"https:\/\/api.w.org\/{rel}","templated":true}]}}