{"id":514,"date":"2022-01-26T11:35:20","date_gmt":"2022-01-26T10:35:20","guid":{"rendered":"http:\/\/beethoven.org.pl\/stowarzyszenie\/?page_id=514"},"modified":"2025-11-28T13:53:53","modified_gmt":"2025-11-28T12:53:53","slug":"projekty","status":"publish","type":"page","link":"https:\/\/beethoven.org.pl\/stowarzyszenie\/plyty\/projekty\/","title":{"rendered":"Projekty"},"content":{"rendered":"<p><\/p>\n<h3>\u201eElsner, Krogulski, Dobrzy\u0144ski\u201d w wykonaniu polskich kameralist\u00f3w<\/h3>\n<p>&nbsp;<\/p>\n<p>Album jest zapisem fina\u0142owego koncertu III Festiwalu Romantycznych Kompozycji \u201eElsner<br \/>\ni jego romantyczni spadkobiercy\u201d, kt\u00f3ry odby\u0142 si\u0119 w Studiu Koncertowym Polskiego Radia im. Witolda Lutos\u0142awskiego w Warszawie 5 wrze\u015bnia 2021 r. Wzi\u0119li w nim udzia\u0142 znakomici polscy muzycy<br \/>\ni kamerali\u015bci: Zofia NEUGEBAUER (flet), Adrian JANDA (klarnet), Maria MACHOWSKA (skrzypce), Kamil STANICZEK (skrzypce), Mateusz DONIEC (alt\u00f3wka), Magdalena BOJANOWICZ (wiolonczela), Agata DOBRZA\u0143SKA (wiolonczela), Tomasz JANUCHTA (kontrabas), Jakub KUSZLIK (fortepian).<\/p>\n<p>Pierwsza kompozycja na p\u0142ycie to Septet D-dur na flet, klarnet, skrzypce, alt\u00f3wk\u0119, wiolonczel\u0119, kontrabas i\u00a0fortepian\u00a0<strong>J\u00f3zefa Elsnera<\/strong>, dojrza\u0142e dzie\u0142o kompozytora pochodz\u0105ce z ok. 1830 r., \u201epe\u0142ne wdzi\u0119ku,\u00a0emanuj\u0105ce pogodn\u0105, towarzysk\u0105 atmosfer\u0105\u201d \u2013 jak pisze Maciej Negrey w om\u00f3wieniu znajduj\u0105cym si\u0119 w booklecie p\u0142yty.<\/p>\n<p>Oktet d-moll op. 6 na fortepian, flet, klarnet, dwoje skrzypiec, alt\u00f3wk\u0119, wiolonczel\u0119 i\u00a0kontrabas\u00a0<strong>J\u00f3zefa Krogulskiego,\u00a0<\/strong>jest dzie\u0142em m\u0142odzie\u0144czym, w du\u017cej cz\u0119\u015bci \u017cywio\u0142owym, z wirtuozowsk\u0105 parti\u0105 fortepianu, tego znakomicie zapowiadaj\u0105cego si\u0119, zmar\u0142ego ju\u017c w wieku 26 lat, kompozytora.<\/p>\n<p>Sekstet smyczkowy Es-dur op. 39\u00a0<strong>Ignacego Feliksa Dobrzy\u0144skiego,\u00a0<\/strong>tw\u00f3rcy sk\u0142aniaj\u0105cego si\u0119 ku symfonice, \u00a0wykonany w\u00a0Lipsku w\u00a01845 r. z\u00a0udzia\u0142em muzyk\u00f3w Gewandhausu, to utw\u00f3r znakomity,\u00a0 napisany ze znawstwem instrument\u00f3w. Ciekawostk\u0105 jest melodia, kt\u00f3r\u0105 mo\u017cna us\u0142ysze\u0107 w III cz. utworu, znana \u00f3wcze\u015bnie z Poloneza Ko\u015bciuszki.<\/p>\n<p><em>P\u0142yt\u0119 dofinansowano ze \u015brodk\u00f3w Ministra Kultury i Dziedzictwa Narodowego pochodz\u0105cych z Funduszu Promocji Kultury w ramach programu \u201eMuzyczny \u015blad\u201d, realizowanego przez Narodowy Instytut Muzyki i Ta\u0144ca\u201d<\/em><\/p>\n<p><a href=\"http:\/\/www.dux.pl\/elsner-krogulski-dobrzynski-utwory-kameralne.html\"><img loading=\"lazy\" decoding=\"async\" class=\"alignnone wp-image-532 size-medium\" src=\"http:\/\/beethoven.org.pl\/stowarzyszenie\/wp-content\/uploads\/sites\/4\/2022\/01\/elsner-krogulski-dobrzynski-utwory-kameralne.2-300x270.jpg\" alt=\"\" width=\"300\" height=\"270\" srcset=\"https:\/\/beethoven.org.pl\/stowarzyszenie\/wp-content\/uploads\/sites\/4\/2022\/01\/elsner-krogulski-dobrzynski-utwory-kameralne.2-300x270.jpg 300w, https:\/\/beethoven.org.pl\/stowarzyszenie\/wp-content\/uploads\/sites\/4\/2022\/01\/elsner-krogulski-dobrzynski-utwory-kameralne.2.jpg 600w\" sizes=\"auto, (max-width: 300px) 100vw, 300px\" \/><\/a><\/p>\n<p><a href=\"http:\/\/www.dux.pl\/elsner-krogulski-dobrzynski-utwory-kameralne.html\">KUP P\u0141YT\u0118<\/a><\/p>","protected":false},"excerpt":{"rendered":"<p>\u201eElsner, Krogulski, Dobrzy\u0144ski\u201d w wykonaniu polskich kameralist\u00f3w &nbsp; Album jest zapisem fina\u0142owego koncertu III Festiwalu Romantycznych Kompozycji \u201eElsner i jego romantyczni spadkobiercy\u201d, kt\u00f3ry odby\u0142 si\u0119 w Studiu Koncertowym Polskiego Radia im. Witolda Lutos\u0142awskiego w Warszawie 5 wrze\u015bnia 2021 r. Wzi\u0119li w nim udzia\u0142 znakomici polscy muzycy i kamerali\u015bci: Zofia NEUGEBAUER (flet), Adrian JANDA (klarnet), Maria [&hellip;]<\/p>\n","protected":false},"author":2,"featured_media":0,"parent":348,"menu_order":3,"comment_status":"closed","ping_status":"closed","template":"template-records.php","meta":{"footnotes":""},"class_list":["post-514","page","type-page","status-publish","hentry"],"_links":{"self":[{"href":"https:\/\/beethoven.org.pl\/stowarzyszenie\/wp-json\/wp\/v2\/pages\/514","targetHints":{"allow":["GET"]}}],"collection":[{"href":"https:\/\/beethoven.org.pl\/stowarzyszenie\/wp-json\/wp\/v2\/pages"}],"about":[{"href":"https:\/\/beethoven.org.pl\/stowarzyszenie\/wp-json\/wp\/v2\/types\/page"}],"author":[{"embeddable":true,"href":"https:\/\/beethoven.org.pl\/stowarzyszenie\/wp-json\/wp\/v2\/users\/2"}],"replies":[{"embeddable":true,"href":"https:\/\/beethoven.org.pl\/stowarzyszenie\/wp-json\/wp\/v2\/comments?post=514"}],"version-history":[{"count":7,"href":"https:\/\/beethoven.org.pl\/stowarzyszenie\/wp-json\/wp\/v2\/pages\/514\/revisions"}],"predecessor-version":[{"id":766,"href":"https:\/\/beethoven.org.pl\/stowarzyszenie\/wp-json\/wp\/v2\/pages\/514\/revisions\/766"}],"up":[{"embeddable":true,"href":"https:\/\/beethoven.org.pl\/stowarzyszenie\/wp-json\/wp\/v2\/pages\/348"}],"wp:attachment":[{"href":"https:\/\/beethoven.org.pl\/stowarzyszenie\/wp-json\/wp\/v2\/media?parent=514"}],"curies":[{"name":"wp","href":"https:\/\/api.w.org\/{rel}","templated":true}]}}