{"id":512,"date":"2022-01-26T11:33:18","date_gmt":"2022-01-26T10:33:18","guid":{"rendered":"http:\/\/beethoven.org.pl\/stowarzyszenie\/?page_id=512"},"modified":"2026-03-19T07:48:07","modified_gmt":"2026-03-19T06:48:07","slug":"opery-nieznane","status":"publish","type":"page","link":"https:\/\/beethoven.org.pl\/stowarzyszenie\/plyty\/opery-nieznane\/","title":{"rendered":"Opery Nieznane"},"content":{"rendered":"<p><\/p>\n<h3 id=\"verter\"><span style=\"color: #ffffff\">Verter<\/span><\/h3>\n<hr \/>\n<h3>GIOVANNI SIMONE MAYR \u2022 VERTER<\/h3>\n<p>&nbsp;<\/p>\n<h3><img loading=\"lazy\" decoding=\"async\" class=\"alignnone wp-image-666 size-medium\" src=\"http:\/\/beethoven.org.pl\/stowarzyszenie\/wp-content\/uploads\/sites\/4\/2026\/03\/giovanni-simone-mayr-verter.2.jpg\" alt=\"\" width=\"300\" height=\"270\" \/><\/h3>\n<p>&nbsp;<\/p>\n<p><a href=\"http:\/\/beethoven.org.pl\/stowarzyszenie\/wp-content\/uploads\/sites\/4\/2026\/03\/Szczegolowy-program-koncertu-11.04.2025.pdf\">SZCZEG\u00d3\u0141OWE INFORMACJE<\/a><\/p>\n<p><a href=\"https:\/\/www.dux.pl\/giovanni-simone-mayr-verter.html\">KUP P\u0141YT\u0118<\/a><\/p>\n<hr \/>\n<h3>SALADE, OP. 83 \/ LE PAUVRE MATELOT, OP. 92<\/h3>\n<p>&nbsp;<\/p>\n<h3><img loading=\"lazy\" decoding=\"async\" class=\"alignnone wp-image-666 size-medium\" src=\"http:\/\/beethoven.org.pl\/stowarzyszenie\/wp-content\/uploads\/sites\/4\/2024\/12\/SALADE_CD_okladka-300x270.jpg\" alt=\"\" width=\"300\" height=\"270\" srcset=\"https:\/\/beethoven.org.pl\/stowarzyszenie\/wp-content\/uploads\/sites\/4\/2024\/12\/SALADE_CD_okladka-300x270.jpg 300w, https:\/\/beethoven.org.pl\/stowarzyszenie\/wp-content\/uploads\/sites\/4\/2024\/12\/SALADE_CD_okladka-1024x920.jpg 1024w, https:\/\/beethoven.org.pl\/stowarzyszenie\/wp-content\/uploads\/sites\/4\/2024\/12\/SALADE_CD_okladka-768x690.jpg 768w, https:\/\/beethoven.org.pl\/stowarzyszenie\/wp-content\/uploads\/sites\/4\/2024\/12\/SALADE_CD_okladka-1536x1381.jpg 1536w, https:\/\/beethoven.org.pl\/stowarzyszenie\/wp-content\/uploads\/sites\/4\/2024\/12\/SALADE_CD_okladka.jpg 1640w\" sizes=\"auto, (max-width: 300px) 100vw, 300px\" \/><\/h3>\n<p>&nbsp;<\/p>\n<p><a href=\"http:\/\/beethoven.org.pl\/wp-content\/uploads\/2026\/03\/Program-szczegolowy-22.03.2024-opera.pdf\">SZCZEG\u00d3\u0141OWE INFORMACJE<\/a><\/p>\n<hr \/>\n<h3>2021 Rimski-Korsakow ,,Nie\u015bmiertelny Ko\u015bciej&#8221;<\/h3>\n<p>&nbsp;<\/p>\n<p>W listopadzie 1900 roku dziennikarz muzyczny Jewgienij Pietrowski podsun\u0105\u0142\u00a0<b>Rimskiemu-Korsakowowi\u00a0<\/b>libretto swego autorstwa pt. Iwan Kr\u00f3lewicz, lu\u017ano oparte na rosyjskich ba\u015bniach ludowych o pod\u0142ym i szpetnym czarnoksi\u0119\u017cniku. Kompozytor \u2013 pocz\u0105tkowo zainteresowany \u2013 ostatecznie odrzuci\u0142 tekst, zniech\u0119cony jego niezrozumia\u0142\u0105 symbolik\u0105. Latem kolejnego roku zetkni\u0119cie z partytur\u0105 Wagnerowskiego Zygfryda obudzi\u0142o w nim jednak pok\u0142ady \u015bwie\u017cych i nowatorskich idei harmonicznych, kt\u00f3re zapragn\u0105\u0142 urzeczywistni\u0107 w\u0142a\u015bnie w dziele anga\u017cuj\u0105cym w\u0105tki z\u0142ej magii. Z pomoc\u0105 swej c\u00f3rki, Sofii, stworzy\u0142 wi\u0119c w\u0142asny scenariusz opieraj\u0105cy si\u0119 na pierwowzorze Pietrowskiego i ju\u017c wiosn\u0105 1902 roku mia\u0142 gotow\u0105 jednoaktow\u0105 oper\u0119 w trzech scenach \u2013\u00a0<i>Ko\u015bcieja Nie\u015bmiertelnego<\/i>; jeszcze przed ko\u0144cem roku wystawiono j\u0105 z sukcesem w Moskwie.<br \/>\nAlbum zawiera koncertowe nagranie opery, utrwalone podczas\u00a0<b>Wielkanocnego Festiwalu Ludwiga van Beethovena Wielkanocnego w 2018 r.<\/b><\/p>\n<p>&nbsp;<\/p>\n<h3><img loading=\"lazy\" decoding=\"async\" class=\"wp-image-522 size-medium alignnone\" src=\"http:\/\/beethoven.org.pl\/stowarzyszenie\/wp-content\/uploads\/sites\/4\/2022\/01\/rimski-korsakow-kosciej-niesmiertelny-orkiestra-filharmonii-poznanskiej-borowicz.2-300x268.jpg\" alt=\"\" width=\"300\" height=\"268\" srcset=\"https:\/\/beethoven.org.pl\/stowarzyszenie\/wp-content\/uploads\/sites\/4\/2022\/01\/rimski-korsakow-kosciej-niesmiertelny-orkiestra-filharmonii-poznanskiej-borowicz.2-300x268.jpg 300w, https:\/\/beethoven.org.pl\/stowarzyszenie\/wp-content\/uploads\/sites\/4\/2022\/01\/rimski-korsakow-kosciej-niesmiertelny-orkiestra-filharmonii-poznanskiej-borowicz.2.jpg 600w\" sizes=\"auto, (max-width: 300px) 100vw, 300px\" \/><\/h3>\n<p><a href=\"http:\/\/www.dux.pl\/rimski-korsakow-kosciej-niesmiertelny-orkiestra-filharmonii-poznanskiej-borowicz.html\">KUP P\u0141YT\u0118<\/a><\/p>\n<p>&nbsp;<\/p>\n<hr \/>\n<h3>2020 Cherubini ,,Faniska&#8221;<\/h3>\n<p>&nbsp;<\/p>\n<p>Faniska Opera w 3 aktach \u2022<\/p>\n<p><a href=\"http:\/\/www.dux.pl\/cherubini-faniska-borowicz-filharmonia-poznanska.html\"><img loading=\"lazy\" decoding=\"async\" class=\"alignnone wp-image-523 size-medium\" src=\"http:\/\/beethoven.org.pl\/stowarzyszenie\/wp-content\/uploads\/sites\/4\/2022\/01\/cherubini-faniska-borowicz-filharmonia-poznanska.2-300x270.jpg\" alt=\"\" width=\"300\" height=\"270\" srcset=\"https:\/\/beethoven.org.pl\/stowarzyszenie\/wp-content\/uploads\/sites\/4\/2022\/01\/cherubini-faniska-borowicz-filharmonia-poznanska.2-300x270.jpg 300w, https:\/\/beethoven.org.pl\/stowarzyszenie\/wp-content\/uploads\/sites\/4\/2022\/01\/cherubini-faniska-borowicz-filharmonia-poznanska.2.jpg 600w\" sizes=\"auto, (max-width: 300px) 100vw, 300px\" \/><\/a><\/p>\n<p><a href=\"http:\/\/www.dux.pl\/cherubini-faniska-borowicz-filharmonia-poznanska.html\">KUP P\u0141YT\u0118<\/a><\/p>\n<p>&nbsp;<\/p>\n<hr \/>\n<h3>2019 Moniuszko ,,Paria&#8221;<\/h3>\n<p>&nbsp;<\/p>\n<p><a href=\"http:\/\/www.dux.pl\/moniuszko-paria-poznan-philharmonic-orchestra-borowicz.html\"><img loading=\"lazy\" decoding=\"async\" class=\"alignnone wp-image-524 size-medium\" src=\"http:\/\/beethoven.org.pl\/stowarzyszenie\/wp-content\/uploads\/sites\/4\/2022\/01\/moniuszko-paria-poznan-philharmonic-orchestra-borowicz.2-300x271.jpg\" alt=\"\" width=\"300\" height=\"271\" srcset=\"https:\/\/beethoven.org.pl\/stowarzyszenie\/wp-content\/uploads\/sites\/4\/2022\/01\/moniuszko-paria-poznan-philharmonic-orchestra-borowicz.2-300x271.jpg 300w, https:\/\/beethoven.org.pl\/stowarzyszenie\/wp-content\/uploads\/sites\/4\/2022\/01\/moniuszko-paria-poznan-philharmonic-orchestra-borowicz.2.jpg 600w\" sizes=\"auto, (max-width: 300px) 100vw, 300px\" \/><\/a><\/p>\n<p><a href=\"http:\/\/www.dux.pl\/moniuszko-paria-poznan-philharmonic-orchestra-borowicz.html\">KUP P\u0141YT\u0118<\/a><\/p>\n<h3><\/h3>\n<hr \/>\n<h3>2017 Bizet ,,Djamileh&#8221;<\/h3>\n<p>&nbsp;<\/p>\n<p>Jednoaktowa opera\u00a0<b>Georges Bizeta\u00a0<\/b>do libretta Louisa Galleta opowiada orientaln\u0105\u00a0<i>love story\u00a0<\/i>pomi\u0119dzy tytu\u0142ow\u0105 niewolnic\u0105 Djamileh i kairskim su\u0142tanem Harounem. Fabu\u0142a, przywodz\u0105ca na my\u015bl atmosfer\u0119\u00a0<i>Ba\u015bni z tysi\u0105ca i jednej nocy<\/i>, jest do\u015b\u0107 typowym przyk\u0142adem romantycznych fascynacji Wschodem i od samego pocz\u0105tku wzbudza\u0142a w\u0105tpliwo\u015bci Bizeta, kt\u00f3ry uwa\u017ca\u0142 j\u0105 za trudn\u0105 do scenicznej adaptacji. Artyzm kompozytora\u00a0<i>Carmen z<\/i>r\u00f3wnowa\u017cy\u0142 jednak niedostatki libretta spowijaj\u0105c histori\u0119 orientalnych kochank\u00f3w sugestywn\u0105 aur\u0105 d\u017awi\u0119kow\u0105, uzyskn\u0105 dzi\u0119ki oryginalnej instrumentacji i \u015bmia\u0142emu, schromatyzowanemu j\u0119zykowi harmonicznemu. Kunszt wykonuj\u0105cej tytu\u0142ow\u0105 parti\u0119\u00a0<b>Jenniefer Feinstein<\/b>\u00a0sprawia, \u017ce s\u0142uchacz mo\u017ce cieszy\u0107 si\u0119 wszystkimi walorami tej ma\u0142o znanej opery.<\/p>\n<p><a href=\"http:\/\/www.dux.pl\/djamileh.html\"><img loading=\"lazy\" decoding=\"async\" class=\"alignnone wp-image-525 size-medium\" src=\"http:\/\/beethoven.org.pl\/stowarzyszenie\/wp-content\/uploads\/sites\/4\/2022\/01\/djamileh.2-300x267.jpg\" alt=\"\" width=\"300\" height=\"267\" srcset=\"https:\/\/beethoven.org.pl\/stowarzyszenie\/wp-content\/uploads\/sites\/4\/2022\/01\/djamileh.2-300x267.jpg 300w, https:\/\/beethoven.org.pl\/stowarzyszenie\/wp-content\/uploads\/sites\/4\/2022\/01\/djamileh.2.jpg 600w\" sizes=\"auto, (max-width: 300px) 100vw, 300px\" \/><\/a><\/p>\n<p><a href=\"http:\/\/www.dux.pl\/djamileh.html\">KUP P\u0141YT\u0118<\/a><\/p>\n<hr \/>\n<h3><\/h3>\n<h3>2016 Holst ,,At the boar&#8217;s head&#8221; &amp; Williams ,,Riders to the sea&#8221;<\/h3>\n<p>&nbsp;<\/p>\n<p>Na p\u0142ycie zarejestrowano koncert z 18 marca 2016, kiedy na scenie Filharmonii Narodowej w Warszawie, wykonano, w ramach\u00a0<b>20. Wielkanocnego Festiwalu Ludwiga van Beethovena<\/b>, dwie angielskie opery jednoaktowe z pocz\u0105tku XX wieku. Pierwsza z nich,\u00a0<i>Ober\u017ca pod dzikiem\u00a0<\/i>(<i>At the Boar\u2019s Head<\/i>) autorstwa\u00a0<b>Gustava Holsta\u00a0<\/b>nigdy przedtem nie doczeka\u0142a si\u0119 pe\u0142nego nagrania. Libretta dla jednoakt\u00f3wki<i>\u00a0<\/i>dostarczy\u0142 humorystyczny epizod z\u00a0<i>Henryka IV\u00a0<\/i>Szekspira, za\u015b muzyka zosta\u0142a oparta na angielskich melodiach tradycyjnych i folklorystycznych. Z weso\u0142o\u015bci\u0105\u00a0<i>Ober\u017cy\u00a0<\/i>kontrastuje ponury nastr\u00f3j\u00a0<i>Je\u017ad\u017ac\u00f3w ku morzu\u00a0<\/i>(<i>Riders to the Sea<\/i>)\u00a0<b>Ralpha Vaughana Williamsa<\/b>. Wykonana po raz pierwszy w Polsce opera opowiada tragiczn\u0105 histori\u0119 zmagania z \u017cywio\u0142em, oddaj\u0105c uniwersalnym j\u0119zykiem muzyki emocje towarzysz\u0105ce nag\u0142ej utracie bliskich. P\u0142yta otrzyma\u0142a\u00a0presti\u017cow\u0105 nagrod\u0119 JOKER belgijskiego magazynu CRESCENDO<\/p>\n<p><a href=\"http:\/\/www.dux.pl\/holst-at-the-boar-s-head-williams-riders-to-the-sea.html\"><img loading=\"lazy\" decoding=\"async\" class=\"alignnone wp-image-528 size-medium\" src=\"http:\/\/beethoven.org.pl\/stowarzyszenie\/wp-content\/uploads\/sites\/4\/2022\/01\/holst-at-the-boar-s-head-williams-riders-to-the-sea.2-300x270.jpg\" alt=\"\" width=\"300\" height=\"270\" srcset=\"https:\/\/beethoven.org.pl\/stowarzyszenie\/wp-content\/uploads\/sites\/4\/2022\/01\/holst-at-the-boar-s-head-williams-riders-to-the-sea.2-300x270.jpg 300w, https:\/\/beethoven.org.pl\/stowarzyszenie\/wp-content\/uploads\/sites\/4\/2022\/01\/holst-at-the-boar-s-head-williams-riders-to-the-sea.2.jpg 600w\" sizes=\"auto, (max-width: 300px) 100vw, 300px\" \/><\/a><\/p>\n<p><a href=\"http:\/\/www.dux.pl\/holst-at-the-boar-s-head-williams-riders-to-the-sea.html\">KUP P\u0141YT\u0118<\/a><\/p>\n<hr \/>\n<h3><\/h3>\n<h3>2015 Britten ,,The Turn of the Screw&#8221;<\/h3>\n<p>&nbsp;<\/p>\n<p>Rejestracja wykonania koncertowego opery Benjamina Brittena, dokonana w czasie Festiwalu Wielkanocnego Ludwika van Beethovena zyska\u0142o uznanie mi\u0119dzynarodowego jury nagrody ICMA.<\/p>\n<p><a href=\"https:\/\/www.empik.com\/britten-the-turn-of-the-screw-barry-eric-workman-emily-reveille-kathleen-montague-diana-lomas-robert-lynch-dominic,p1116654598,muzyka-p?gclid=Cj0KCQiA_8OPBhDtARIsAKQu0gZxxuwACEl3vKuDnpEsELz2jtRRwNMOh37i2Rr4gliSJjusul-YoQUaApohEALw_wcB&amp;gclsrc=aw.ds\"><img loading=\"lazy\" decoding=\"async\" class=\"alignnone wp-image-530 size-medium\" src=\"http:\/\/beethoven.org.pl\/stowarzyszenie\/wp-content\/uploads\/sites\/4\/2022\/01\/britten-the-turn-of-the-screw-w-iext36400260-300x270.jpg\" alt=\"\" width=\"300\" height=\"270\" srcset=\"https:\/\/beethoven.org.pl\/stowarzyszenie\/wp-content\/uploads\/sites\/4\/2022\/01\/britten-the-turn-of-the-screw-w-iext36400260-300x270.jpg 300w, https:\/\/beethoven.org.pl\/stowarzyszenie\/wp-content\/uploads\/sites\/4\/2022\/01\/britten-the-turn-of-the-screw-w-iext36400260.jpg 350w\" sizes=\"auto, (max-width: 300px) 100vw, 300px\" \/><\/a><\/p>\n<p><a href=\"http:\/\/www.dux.pl\/benjamin-britten-the-turn-of-the-screw-op-54-wykonanie-koncertowe.html\">KUP P\u0141YT\u0118<\/a><\/p>\n<p>&nbsp;<\/p>","protected":false},"excerpt":{"rendered":"<p>Verter GIOVANNI SIMONE MAYR \u2022 VERTER &nbsp; &nbsp; SZCZEG\u00d3\u0141OWE INFORMACJE KUP P\u0141YT\u0118 SALADE, OP. 83 \/ LE PAUVRE MATELOT, OP. 92 &nbsp; &nbsp; SZCZEG\u00d3\u0141OWE INFORMACJE 2021 Rimski-Korsakow ,,Nie\u015bmiertelny Ko\u015bciej&#8221; &nbsp; W listopadzie 1900 roku dziennikarz muzyczny Jewgienij Pietrowski podsun\u0105\u0142\u00a0Rimskiemu-Korsakowowi\u00a0libretto swego autorstwa pt. Iwan Kr\u00f3lewicz, lu\u017ano oparte na rosyjskich ba\u015bniach ludowych o pod\u0142ym i szpetnym czarnoksi\u0119\u017cniku. [&hellip;]<\/p>\n","protected":false},"author":2,"featured_media":0,"parent":348,"menu_order":4,"comment_status":"closed","ping_status":"closed","template":"template-records.php","meta":{"footnotes":""},"class_list":["post-512","page","type-page","status-publish","hentry"],"_links":{"self":[{"href":"https:\/\/beethoven.org.pl\/stowarzyszenie\/wp-json\/wp\/v2\/pages\/512","targetHints":{"allow":["GET"]}}],"collection":[{"href":"https:\/\/beethoven.org.pl\/stowarzyszenie\/wp-json\/wp\/v2\/pages"}],"about":[{"href":"https:\/\/beethoven.org.pl\/stowarzyszenie\/wp-json\/wp\/v2\/types\/page"}],"author":[{"embeddable":true,"href":"https:\/\/beethoven.org.pl\/stowarzyszenie\/wp-json\/wp\/v2\/users\/2"}],"replies":[{"embeddable":true,"href":"https:\/\/beethoven.org.pl\/stowarzyszenie\/wp-json\/wp\/v2\/comments?post=512"}],"version-history":[{"count":25,"href":"https:\/\/beethoven.org.pl\/stowarzyszenie\/wp-json\/wp\/v2\/pages\/512\/revisions"}],"predecessor-version":[{"id":799,"href":"https:\/\/beethoven.org.pl\/stowarzyszenie\/wp-json\/wp\/v2\/pages\/512\/revisions\/799"}],"up":[{"embeddable":true,"href":"https:\/\/beethoven.org.pl\/stowarzyszenie\/wp-json\/wp\/v2\/pages\/348"}],"wp:attachment":[{"href":"https:\/\/beethoven.org.pl\/stowarzyszenie\/wp-json\/wp\/v2\/media?parent=512"}],"curies":[{"name":"wp","href":"https:\/\/api.w.org\/{rel}","templated":true}]}}