{"id":348,"date":"2017-01-18T09:48:45","date_gmt":"2017-01-18T08:48:45","guid":{"rendered":"http:\/\/dev.yoho.pl\/beethoven\/stowarzyszenie\/?page_id=348"},"modified":"2025-03-18T00:59:34","modified_gmt":"2025-03-17T23:59:34","slug":"plyty","status":"publish","type":"page","link":"https:\/\/beethoven.org.pl\/stowarzyszenie\/plyty\/","title":{"rendered":"P\u0142yty"},"content":{"rendered":"<p><\/p>\n<h3>Zapraszamy do zapoznania si\u0119 z nagraniami realizowanymi przy wsp\u00f3\u0142pracy ze<\/h3>\n<h3>Stowarzyszeniem im. Ludwiga van Beethovena.<\/h3>\n<h3>W\u015br\u00f3d nich znale\u017a\u0107 mo\u017cna znale\u017a\u0107<\/h3>\n<h3><a href=\"http:\/\/beethoven.org.pl\/stowarzyszenie\/plyty\/opery-nieznane\/\">cykl &#8222;Oper Nieznanych&#8221;<\/a> &#8211; nagra\u0144 realizowanych podczas kolejnych edycji Wielkanocnego Festiwalu Ludwiga van Beethovena,\u00a0<a href=\"http:\/\/beethoven.org.pl\/stowarzyszenie\/plyty\/nagrania-artystow-impresaryjnych\/\">p\u0142yty artyst\u00f3w <\/a>reprezentowanych przez Impresariat Stowarzyszenia im. Ludwiga van Beethovena oraz\u00a0<a href=\"http:\/\/beethoven.org.pl\/stowarzyszenie\/plyty\/projekty\/\">albumy powsta\u0142e w ramach projekt\u00f3w specjalnych.<\/a><\/h3>\n<p><\/p>","protected":false},"excerpt":{"rendered":"<p>Zapraszamy do zapoznania si\u0119 z nagraniami realizowanymi przy wsp\u00f3\u0142pracy ze Stowarzyszeniem im. Ludwiga van Beethovena. W\u015br\u00f3d nich znale\u017a\u0107 mo\u017cna znale\u017a\u0107 cykl &#8222;Oper Nieznanych&#8221; &#8211; nagra\u0144 realizowanych podczas kolejnych edycji Wielkanocnego Festiwalu Ludwiga van Beethovena,\u00a0p\u0142yty artyst\u00f3w reprezentowanych przez Impresariat Stowarzyszenia im. Ludwiga van Beethovena oraz\u00a0albumy powsta\u0142e w ramach projekt\u00f3w specjalnych.<\/p>\n","protected":false},"author":2,"featured_media":0,"parent":0,"menu_order":5,"comment_status":"closed","ping_status":"closed","template":"template-records.php","meta":{"footnotes":""},"class_list":["post-348","page","type-page","status-publish","hentry"],"_links":{"self":[{"href":"https:\/\/beethoven.org.pl\/stowarzyszenie\/wp-json\/wp\/v2\/pages\/348","targetHints":{"allow":["GET"]}}],"collection":[{"href":"https:\/\/beethoven.org.pl\/stowarzyszenie\/wp-json\/wp\/v2\/pages"}],"about":[{"href":"https:\/\/beethoven.org.pl\/stowarzyszenie\/wp-json\/wp\/v2\/types\/page"}],"author":[{"embeddable":true,"href":"https:\/\/beethoven.org.pl\/stowarzyszenie\/wp-json\/wp\/v2\/users\/2"}],"replies":[{"embeddable":true,"href":"https:\/\/beethoven.org.pl\/stowarzyszenie\/wp-json\/wp\/v2\/comments?post=348"}],"version-history":[{"count":29,"href":"https:\/\/beethoven.org.pl\/stowarzyszenie\/wp-json\/wp\/v2\/pages\/348\/revisions"}],"predecessor-version":[{"id":662,"href":"https:\/\/beethoven.org.pl\/stowarzyszenie\/wp-json\/wp\/v2\/pages\/348\/revisions\/662"}],"wp:attachment":[{"href":"https:\/\/beethoven.org.pl\/stowarzyszenie\/wp-json\/wp\/v2\/media?parent=348"}],"curies":[{"name":"wp","href":"https:\/\/api.w.org\/{rel}","templated":true}]}}