{"id":911,"date":"2021-03-28T12:46:59","date_gmt":"2021-03-28T10:46:59","guid":{"rendered":"http:\/\/beethoven.org.pl\/recenzje\/?page_id=911"},"modified":"2021-03-28T20:47:16","modified_gmt":"2021-03-28T18:47:16","slug":"jacek-kaspszyk-i-apoteoza-rytmu","status":"publish","type":"page","link":"https:\/\/beethoven.org.pl\/recenzje\/jacek-kaspszyk-i-apoteoza-rytmu\/","title":{"rendered":"Jacek Kaspszyk i apoteoza rytmu"},"content":{"rendered":"<p><\/p>\n<p class=\"p1\">Na tym koncercie pod batut\u0105 Jacka Kaspszyka we wspania\u0142ej sali koncertowej Narodowej Orkiestry Symfonicznej Polskiego Radia w Katowicach mia\u0142a pierwotnie zabrzmie\u0107 <i>Missa solemnis<\/i> Ludwiga van Beethovena. Surowe obostrzenia antycovidowe uniemo\u017cliwi\u0142y jednak wykonanie tego dzie\u0142a.<\/p>\n<p class=\"p1\">W miejsce mszy pojawi\u0142y si\u0119 wi\u0119c dzie\u0142a symfoniczne Beethovena: rzadko wykonywana <i>Uwertura C-dur \u201ePo\u015bwi\u0119cenie domu\u201d <\/i>op. 124 i <i>VII Symfonia A-dur <\/i>op. 97.<\/p>\n<p class=\"p1\">Uwertura <i>Po\u015bwi\u0119cenie domu <\/i>powsta\u0142a w 1822 roku, ale s\u0142ycha\u0107 w niej dalekie echa o kilkana\u015bcie lat wcze\u015bniejszej <i>VI Symfonii F-dur \u201ePastoralnej\u201d. <\/i>Zosta\u0142a wykonana w 1824 roku przy okazji premiery innej Beethovenowskiej symfonii \u2013 <i>Dziewi\u0105tej <\/i>oraz trzech wybranych cz\u0119\u015bci <i>Missa solemnis<\/i>. Znajdujemy w niej ulubione przez kompozytora motywy heroiczne, walecznie brzmi\u0105ce fanfary tr\u0105bek i uderzenia kot\u0142\u00f3w. Jacek Kaspszyk i muzycy NOSPR ukazali r\u00f3\u017cnorodn\u0105 faktur\u0119 utworu, wymagaj\u0105c\u0105 od orkiestry nie lada wirtuozerii \u2013 jak we fragmencie z fanfar\u0105 tr\u0105bek, kt\u00f3rej towarzyszy koronkowy oparty na drobnych warto\u015bciach nutowych akompaniament solowego fagotu. Albo w fugowanym <i>Allegro<\/i> z podw\u00f3jnym kontrapunktem, w kt\u00f3rym przy\u0142\u0105czaj\u0105ce si\u0119 do fugi grupy instrument\u00f3w d\u0105\u017c\u0105 ostatecznie do efektownej kody.<\/p>\n<p class=\"p1\"><i>VII Symfonia A-dur <\/i>pod dyrekcj\u0105 Kaspszyka by\u0142a przyk\u0142adem wysokiej klasy zespo\u0142owego grania. Dyrygent postanowi\u0142 pochyli\u0107 si\u0119 z uwag\u0105 nad wst\u0119pem do pierwszej cz\u0119\u015bci (<i>Poco sostenuto \u2013 Vivace<\/i>), zwykle traktowanym jako konieczne przej\u015bcie do zasadniczego dania, kt\u00f3rym jest \u017cywio\u0142owe, spalaj\u0105ce si\u0119 w energicznym rytmie <i>Vivace. <\/i>A przecie\u017c to pi\u0119kna muzyka \u2013 Jacek Kaspszyk uwydatni\u0142 jeszcze jej wznios\u0142y i dostojny charakter. <i> <\/i><\/p>\n<p class=\"p1\">Samo <i>Vivace<\/i> (zagrane z repetycj\u0105 ekspozycji) u Kaspszyka mia\u0142o do\u015b\u0107 stateczne tempo \u2013 zn\u00f3w przeciwie\u0144stwo wsp\u00f3\u0142czesnych wykona\u0144 rozp\u0119dzonych do granic mo\u017cliwo\u015bci wykonania i percpecji. Orkiestra gra\u0142a \u015bpiewnie d\u0142ugimi \u0142agodnymi frazami, muzyk\u0119 przenika\u0142y entuzjazm, wzmagaj\u0105cy si\u0119 falami uniesienia, krzepka si\u0142a i energia.<\/p>\n<p class=\"p1\"><i>Allegretto<\/i>, kt\u00f3re jest rodzajem marsza \u017ca\u0142obnego, zabrzmia\u0142o jako melodia chwytaj\u0105ca za serce liryzmem, jak krucha skarga nucona przez smyczki, kt\u00f3ra narasta i przeradza si\u0119 w fal\u0119 rozdzieraj\u0105cego lamentu z towarzysz\u0105cym mu bezwzgl\u0119dnie rytmem wojskowego marsza w partii instrument\u00f3w d\u0119tych.<\/p>\n<p class=\"p1\">Cz\u0119\u015b\u0107 trzecia zabrzmia\u0142a rzeczywi\u015bcie w tempie <i>presto<\/i>, zgodnie ze wskazaniem w partyturze \u2013 skoczna, radosna muzyka, kojarz\u0105ca si\u0119 z erupcj\u0105 czyjego\u015b \u015bmiechu (ob\u00f3j, potem pozosta\u0142e d\u0119te i smyczki). Za to trio w cz\u0119\u015bci trzeciej sta\u0142o si\u0119 narracj\u0105 sam\u0105 w sobie, rozci\u0105gni\u0119te w czasie jak wygrzewaj\u0105cy si\u0119 w s\u0142o\u0144cu kot. Kaspszyk po mistrzowsku zmienia\u0142 wi\u0119c nastroje. Fina\u0142 symfonii (<em>Allegro con brio<\/em>) by\u0142 popisem wirtuozerii ca\u0142ej Narodowej Orkiestry Symfonicznej Polskiego Radia, jej pe\u0142nego zespo\u0142owego i spoistego brzmienia w tutti.<\/p>\n<p><strong>Anna S. D\u0119bowska<\/strong><\/p>\n<p><em>Sobota, 27 marca, godz. 19:30, Sala Koncertowa NOSPR w Katowicach<\/em><\/p>","protected":false},"excerpt":{"rendered":"<p>Na tym koncercie pod batut\u0105 Jacka Kaspszyka we wspania\u0142ej sali koncertowej Narodowej Orkiestry Symfonicznej Polskiego Radia w Katowicach mia\u0142a pierwotnie zabrzmie\u0107 Missa solemnis Ludwiga van Beethovena. Surowe obostrzenia antycovidowe uniemo\u017cliwi\u0142y jednak wykonanie tego dzie\u0142a. W miejsce mszy pojawi\u0142y si\u0119 wi\u0119c dzie\u0142a symfoniczne Beethovena: rzadko wykonywana Uwertura C-dur \u201ePo\u015bwi\u0119cenie domu\u201d op. 124 i VII Symfonia A-dur [&hellip;]<\/p>\n","protected":false},"author":8,"featured_media":0,"parent":0,"menu_order":0,"comment_status":"closed","ping_status":"closed","template":"","meta":{"footnotes":""},"class_list":["post-911","page","type-page","status-publish","hentry"],"_links":{"self":[{"href":"https:\/\/beethoven.org.pl\/recenzje\/wp-json\/wp\/v2\/pages\/911","targetHints":{"allow":["GET"]}}],"collection":[{"href":"https:\/\/beethoven.org.pl\/recenzje\/wp-json\/wp\/v2\/pages"}],"about":[{"href":"https:\/\/beethoven.org.pl\/recenzje\/wp-json\/wp\/v2\/types\/page"}],"author":[{"embeddable":true,"href":"https:\/\/beethoven.org.pl\/recenzje\/wp-json\/wp\/v2\/users\/8"}],"replies":[{"embeddable":true,"href":"https:\/\/beethoven.org.pl\/recenzje\/wp-json\/wp\/v2\/comments?post=911"}],"version-history":[{"count":1,"href":"https:\/\/beethoven.org.pl\/recenzje\/wp-json\/wp\/v2\/pages\/911\/revisions"}],"predecessor-version":[{"id":912,"href":"https:\/\/beethoven.org.pl\/recenzje\/wp-json\/wp\/v2\/pages\/911\/revisions\/912"}],"wp:attachment":[{"href":"https:\/\/beethoven.org.pl\/recenzje\/wp-json\/wp\/v2\/media?parent=911"}],"curies":[{"name":"wp","href":"https:\/\/api.w.org\/{rel}","templated":true}]}}