{"id":857,"date":"2020-12-02T12:27:47","date_gmt":"2020-12-02T11:27:47","guid":{"rendered":"http:\/\/beethoven.org.pl\/recenzje\/?page_id=857"},"modified":"2020-12-02T12:27:47","modified_gmt":"2020-12-02T11:27:47","slug":"ruch-muzyczny-pazdziernik-2020","status":"publish","type":"page","link":"https:\/\/beethoven.org.pl\/recenzje\/ruch-muzyczny-pazdziernik-2020\/","title":{"rendered":"Ruch Muzyczny pa\u017adziernik 2020"},"content":{"rendered":"<p><strong><em>Andrzej Wierci\u0144ski to pianista przekonywuj\u0105cy, wirtuozowski, spontaniczny, pozwalaj\u0105cy si\u0119 nie\u015b\u0107 wyobra\u017ani i daj\u0105cy czyst\u0105 rado\u015b\u0107 s\u0142uchania<\/em><\/strong><\/p>","protected":false},"excerpt":{"rendered":"<p>Andrzej Wierci\u0144ski to pianista przekonywuj\u0105cy, wirtuozowski, spontaniczny, pozwalaj\u0105cy si\u0119 nie\u015b\u0107 wyobra\u017ani i daj\u0105cy czyst\u0105 rado\u015b\u0107 s\u0142uchania<\/p>\n","protected":false},"author":2,"featured_media":0,"parent":0,"menu_order":0,"comment_status":"closed","ping_status":"closed","template":"","meta":{"footnotes":""},"class_list":["post-857","page","type-page","status-publish","hentry"],"_links":{"self":[{"href":"https:\/\/beethoven.org.pl\/recenzje\/wp-json\/wp\/v2\/pages\/857","targetHints":{"allow":["GET"]}}],"collection":[{"href":"https:\/\/beethoven.org.pl\/recenzje\/wp-json\/wp\/v2\/pages"}],"about":[{"href":"https:\/\/beethoven.org.pl\/recenzje\/wp-json\/wp\/v2\/types\/page"}],"author":[{"embeddable":true,"href":"https:\/\/beethoven.org.pl\/recenzje\/wp-json\/wp\/v2\/users\/2"}],"replies":[{"embeddable":true,"href":"https:\/\/beethoven.org.pl\/recenzje\/wp-json\/wp\/v2\/comments?post=857"}],"version-history":[{"count":1,"href":"https:\/\/beethoven.org.pl\/recenzje\/wp-json\/wp\/v2\/pages\/857\/revisions"}],"predecessor-version":[{"id":858,"href":"https:\/\/beethoven.org.pl\/recenzje\/wp-json\/wp\/v2\/pages\/857\/revisions\/858"}],"wp:attachment":[{"href":"https:\/\/beethoven.org.pl\/recenzje\/wp-json\/wp\/v2\/media?parent=857"}],"curies":[{"name":"wp","href":"https:\/\/api.w.org\/{rel}","templated":true}]}}