{"id":81,"date":"2016-11-30T20:18:59","date_gmt":"2016-11-30T19:18:59","guid":{"rendered":"http:\/\/dev.yoho.pl\/beethoven\/recenzje\/?page_id=81"},"modified":"2016-11-30T20:18:59","modified_gmt":"2016-11-30T19:18:59","slug":"larry-fuchsberg-opera-news-pazdziernik-2007","status":"publish","type":"page","link":"https:\/\/beethoven.org.pl\/recenzje\/larry-fuchsberg-opera-news-pazdziernik-2007\/","title":{"rendered":"Larry Fuchsberg, \u201eOpera News\u201d, pa\u017adziernik 2007"},"content":{"rendered":"<p><strong>\u201eW\u0142oszka w Algierze\u201d Gioaccino Rossiniego (Mustafa), Minnesota Opera, 2007\u00a0<\/strong><br \/>\n<em>Jako Mustafa, sympatyczny bej Algieru (pomimo rzucanych mimochodem aluzji o wbijaniu na pal), Wojtek Gierlach sprawdzi\u0142 si\u0119 jako pierwszorz\u0119dny aktor komiczny: jego pot\u0119\u017cny bas i afektowana gra stanowi\u0142y cudownie osobliwy zestaw. Ten m\u0142ody Polak jest na progu wielkiej kariery.<\/em><\/p>","protected":false},"excerpt":{"rendered":"<p>\u201eW\u0142oszka w Algierze\u201d Gioaccino Rossiniego (Mustafa), Minnesota Opera, 2007\u00a0 Jako Mustafa, sympatyczny bej Algieru (pomimo rzucanych mimochodem aluzji o wbijaniu na pal), Wojtek Gierlach sprawdzi\u0142 si\u0119 jako pierwszorz\u0119dny aktor komiczny: jego pot\u0119\u017cny bas i afektowana gra stanowi\u0142y cudownie osobliwy zestaw. Ten m\u0142ody Polak jest na progu wielkiej kariery.<\/p>\n","protected":false},"author":2,"featured_media":0,"parent":0,"menu_order":0,"comment_status":"closed","ping_status":"closed","template":"","meta":{"footnotes":""},"class_list":["post-81","page","type-page","status-publish","hentry"],"_links":{"self":[{"href":"https:\/\/beethoven.org.pl\/recenzje\/wp-json\/wp\/v2\/pages\/81","targetHints":{"allow":["GET"]}}],"collection":[{"href":"https:\/\/beethoven.org.pl\/recenzje\/wp-json\/wp\/v2\/pages"}],"about":[{"href":"https:\/\/beethoven.org.pl\/recenzje\/wp-json\/wp\/v2\/types\/page"}],"author":[{"embeddable":true,"href":"https:\/\/beethoven.org.pl\/recenzje\/wp-json\/wp\/v2\/users\/2"}],"replies":[{"embeddable":true,"href":"https:\/\/beethoven.org.pl\/recenzje\/wp-json\/wp\/v2\/comments?post=81"}],"version-history":[{"count":1,"href":"https:\/\/beethoven.org.pl\/recenzje\/wp-json\/wp\/v2\/pages\/81\/revisions"}],"predecessor-version":[{"id":82,"href":"https:\/\/beethoven.org.pl\/recenzje\/wp-json\/wp\/v2\/pages\/81\/revisions\/82"}],"wp:attachment":[{"href":"https:\/\/beethoven.org.pl\/recenzje\/wp-json\/wp\/v2\/media?parent=81"}],"curies":[{"name":"wp","href":"https:\/\/api.w.org\/{rel}","templated":true}]}}