{"id":78,"date":"2016-11-30T20:16:55","date_gmt":"2016-11-30T19:16:55","guid":{"rendered":"http:\/\/dev.yoho.pl\/beethoven\/recenzje\/?page_id=78"},"modified":"2016-11-30T20:17:47","modified_gmt":"2016-11-30T19:17:47","slug":"rob-hubbard-pioneer-press-the-twin-cities-newspaper-11-listopada-2007","status":"publish","type":"page","link":"https:\/\/beethoven.org.pl\/recenzje\/rob-hubbard-pioneer-press-the-twin-cities-newspaper-11-listopada-2007\/","title":{"rendered":"Rob Hubbard (Pioneer Press), \u201eThe Twin Cities Newspaper\u201d, 11 listopada 2007"},"content":{"rendered":"<p><em>Partytura Rossiniego i interpretacja re\u017cyserki Heleny Binder pozwoli\u0142y wszystkim osobom na scenie pokaza\u0107 swoje mo\u017cliwo\u015bci wokalne i komediowe. Pod oboma wzgl\u0119dami, Wojtek Gierlach wyr\u00f3\u017cnia\u0142 si\u0119 jako Mustafa.<\/em><\/p>","protected":false},"excerpt":{"rendered":"<p>Partytura Rossiniego i interpretacja re\u017cyserki Heleny Binder pozwoli\u0142y wszystkim osobom na scenie pokaza\u0107 swoje mo\u017cliwo\u015bci wokalne i komediowe. Pod oboma wzgl\u0119dami, Wojtek Gierlach wyr\u00f3\u017cnia\u0142 si\u0119 jako Mustafa.<\/p>\n","protected":false},"author":2,"featured_media":0,"parent":0,"menu_order":0,"comment_status":"closed","ping_status":"closed","template":"","meta":{"footnotes":""},"class_list":["post-78","page","type-page","status-publish","hentry"],"_links":{"self":[{"href":"https:\/\/beethoven.org.pl\/recenzje\/wp-json\/wp\/v2\/pages\/78","targetHints":{"allow":["GET"]}}],"collection":[{"href":"https:\/\/beethoven.org.pl\/recenzje\/wp-json\/wp\/v2\/pages"}],"about":[{"href":"https:\/\/beethoven.org.pl\/recenzje\/wp-json\/wp\/v2\/types\/page"}],"author":[{"embeddable":true,"href":"https:\/\/beethoven.org.pl\/recenzje\/wp-json\/wp\/v2\/users\/2"}],"replies":[{"embeddable":true,"href":"https:\/\/beethoven.org.pl\/recenzje\/wp-json\/wp\/v2\/comments?post=78"}],"version-history":[{"count":2,"href":"https:\/\/beethoven.org.pl\/recenzje\/wp-json\/wp\/v2\/pages\/78\/revisions"}],"predecessor-version":[{"id":80,"href":"https:\/\/beethoven.org.pl\/recenzje\/wp-json\/wp\/v2\/pages\/78\/revisions\/80"}],"wp:attachment":[{"href":"https:\/\/beethoven.org.pl\/recenzje\/wp-json\/wp\/v2\/media?parent=78"}],"curies":[{"name":"wp","href":"https:\/\/api.w.org\/{rel}","templated":true}]}}