{"id":673,"date":"2018-09-30T13:43:06","date_gmt":"2018-09-30T11:43:06","guid":{"rendered":"http:\/\/beethoven.org.pl\/recenzje\/?page_id=673"},"modified":"2018-09-30T13:43:06","modified_gmt":"2018-09-30T11:43:06","slug":"dariusz-marciniszyn-ruch-muzyczny-ksiazek-znow-zaskakuje","status":"publish","type":"page","link":"https:\/\/beethoven.org.pl\/recenzje\/dariusz-marciniszyn-ruch-muzyczny-ksiazek-znow-zaskakuje\/","title":{"rendered":"Dariusz Marciniszyn, Ruch Muzyczny &#8211; 'Ksi\u0105\u017cek zn\u00f3w zaskakuje '"},"content":{"rendered":"<p><strong>Ksi\u0105\u017cek zn\u00f3w zaskakuje<\/strong><\/p>\n<p>Krzysztof Ksi\u0105\u017cek to dzi\u015b jeden z najbardziej rozpoznawalnych pianist\u00f3w m\u0142odego pokolenia w Polsce. Jego fenomenalne wyst\u0119py na ostatnim Konkursie Chopinowskim przysporzy\u0142y mu wielu zwolennik\u00f3w, dlatego te\u017c z du\u017c\u0105 niecierpliwo\u015bci\u0105 oczekiwa\u0142em wydanego przez wytw\u00f3rni\u0119 DUX albumu zawieraj\u0105cego szereg utwor\u00f3w Fryderyka Chopina. P\u0142yta potwierdzi\u0142a tylko moje entuzjastyczne spostrze\u017cenia z roku 2015. Krzysztof Ksi\u0105\u017cek to pianista, dla kt\u00f3rego najwa\u017cniejsz\u0105 muzyczn\u0105 warto\u015bci\u0105 jest niuansowanie brzmienia instrumentu, wyra\u017cane poprzez bardzo zr\u00f3\u017cnicowan\u0105 pedalizacj\u0119 dopasowywan\u0105 przez artyst\u0119 do konkretnych Chopinowskich gatunk\u00f3w. Tak zbilansowany d\u017awi\u0119k jest dla Ksi\u0105\u017cka warto\u015bci\u0105 fundamentaln\u0105, kt\u00f3rej podporz\u0105dkowuje pozosta\u0142e elementy interpretacji. Album otwieraj\u0105 Mazurki,: cztery pierwsze z op. 7 oraz 3 Mazurki op. 50. Ksi\u0105\u017cek gra je w mistrzowski spos\u00f3b, \u0142\u0105cz\u0105c dobitnie uwypuklany w swojej grze idiom folklorystyczny z elementami poetyckimi, sk\u0142aniaj\u0105cymi s\u0142uchacza do g\u0142\u0119bszych refleksji. Ka\u017cdy Mazurek wykonywany jest z du\u017c\u0105 \u015bwiadomo\u015bci\u0105 zachodz\u0105cych w nim metrorytmicznych komplikacji. Najwi\u0119ksze wra\u017cenie wywar\u0142y na mnie dwa Mazurki: As-dur op. 2 nr 2 oraz cis-moll op. 50 nr 3 &#8211; pianista poprzez do\u015b\u0107 oryginalne<\/p>\n<p>zawieszenia poszczeg\u00f3lnych fraz uczyni\u0142 z nich poematy zbli\u017cone do balladowej narracji. Kolejny utw\u00f3r na p\u0142ycie to Scherzo h-moll op. 20. P\u0142ytowa interpretacja jest inna od konkursowej, w\u00f3wczas problematycznej. Pianista buduje dramaturgi\u0119 Scherza z niewielkich odcink\u00f3w muycznych o nieco odmiennym charakterze, przez co pot\u0119guje<\/p>\n<p>symptomatyczne dla tej kom-pozycji wra\u017cenie niepokoju i bezradno\u015bci. W tym wykonaniu akcentowane s\u0105 te\u017c niekt\u00f3re d\u017awi\u0119ki w partii lewej r\u0119ki, co wzmacnia tylko dramaturgi\u0119 kompozycji. R\u00f3wnie oryginalnie wypada Fantazja. f-moli op. 49, kt\u00f3r\u0105 artysta traktuje analogicznie, konstruuj\u0105c jej architektonik\u0119 z mniejszych odr\u0119bnych odcink\u00f3w. Fenomenaln\u0105 point\u0105 albumu okazuje si\u0119 zagrany niemal na jednym oddechu Polonez fis-moll op. 44. Ksi\u0105\u017cek udowadnia w tej interpretacji, \u017ce w uzasadnionych przypadkach potrafi gra\u0107 ostrym, przeszywaj\u0105cym d\u017awi\u0119kiem, w\u0142a\u015bciwym do zinterpretowania burzliwych cz\u0119\u015bci skrajnych Poloneza. Jedynym, niewielkim mankamentem odczuwalnym w grze Krzysztofa Ksi\u0105\u017cka, jest objawiaj\u0105ca si\u0119 epizodycznie niepewno\u015b\u0107 techniczna. W kontek\u015bcie tak sugestywnych i przekonuj\u0105cych kreacji nie ma ona jednak najmniejszego znaczenia w odbiorze ca\u0142o\u015bci albumu.<\/p>\n<p>Dariusz Marciniszyn, \u201eRuch Muzyczny\u201d<\/p>\n<p>&nbsp;<\/p>","protected":false},"excerpt":{"rendered":"<p>Ksi\u0105\u017cek zn\u00f3w zaskakuje Krzysztof Ksi\u0105\u017cek to dzi\u015b jeden z najbardziej rozpoznawalnych pianist\u00f3w m\u0142odego pokolenia w Polsce. Jego fenomenalne wyst\u0119py na ostatnim Konkursie Chopinowskim przysporzy\u0142y mu wielu zwolennik\u00f3w, dlatego te\u017c z du\u017c\u0105 niecierpliwo\u015bci\u0105 oczekiwa\u0142em wydanego przez wytw\u00f3rni\u0119 DUX albumu zawieraj\u0105cego szereg utwor\u00f3w Fryderyka Chopina. P\u0142yta potwierdzi\u0142a tylko moje entuzjastyczne spostrze\u017cenia z roku 2015. Krzysztof Ksi\u0105\u017cek to [&hellip;]<\/p>\n","protected":false},"author":2,"featured_media":0,"parent":0,"menu_order":0,"comment_status":"closed","ping_status":"closed","template":"","meta":{"footnotes":""},"class_list":["post-673","page","type-page","status-publish","hentry"],"_links":{"self":[{"href":"https:\/\/beethoven.org.pl\/recenzje\/wp-json\/wp\/v2\/pages\/673","targetHints":{"allow":["GET"]}}],"collection":[{"href":"https:\/\/beethoven.org.pl\/recenzje\/wp-json\/wp\/v2\/pages"}],"about":[{"href":"https:\/\/beethoven.org.pl\/recenzje\/wp-json\/wp\/v2\/types\/page"}],"author":[{"embeddable":true,"href":"https:\/\/beethoven.org.pl\/recenzje\/wp-json\/wp\/v2\/users\/2"}],"replies":[{"embeddable":true,"href":"https:\/\/beethoven.org.pl\/recenzje\/wp-json\/wp\/v2\/comments?post=673"}],"version-history":[{"count":1,"href":"https:\/\/beethoven.org.pl\/recenzje\/wp-json\/wp\/v2\/pages\/673\/revisions"}],"predecessor-version":[{"id":674,"href":"https:\/\/beethoven.org.pl\/recenzje\/wp-json\/wp\/v2\/pages\/673\/revisions\/674"}],"wp:attachment":[{"href":"https:\/\/beethoven.org.pl\/recenzje\/wp-json\/wp\/v2\/media?parent=673"}],"curies":[{"name":"wp","href":"https:\/\/api.w.org\/{rel}","templated":true}]}}