{"id":671,"date":"2018-09-29T20:39:42","date_gmt":"2018-09-29T18:39:42","guid":{"rendered":"http:\/\/beethoven.org.pl\/recenzje\/?page_id=671"},"modified":"2018-09-29T20:39:42","modified_gmt":"2018-09-29T18:39:42","slug":"stanislaw-dybowski-twoja-muza-perfekcyjny-chopin-krzysztofa-ksiazka","status":"publish","type":"page","link":"https:\/\/beethoven.org.pl\/recenzje\/stanislaw-dybowski-twoja-muza-perfekcyjny-chopin-krzysztofa-ksiazka\/","title":{"rendered":"Stanis\u0142aw Dybowski, Twoja Muza &#8211; 'Perfekcyjny Chopin Krzysztofa Ksi\u0105\u017cka'"},"content":{"rendered":"<p>Wychowankowie profesora Stefana Wojtasa, to piani\u015bci \u015bwietnie przygotowani, znako\u00admicie wyuczeni, a jednocze\u015bnie tak ukszta\u0142towani, aby ich ory\u00adginalne cechy nie zosta\u0142y utra\u00adcone. Profesor, sam wspania\u0142y pianista (do\u015b\u0107 pos\u0142ucha\u0107 jego nagra\u0144 sonat Chopina), potrafi rozwija\u0107 w swych podopiecz\u00adnych wrodzone predyspozycje, \u015bwiadcz\u0105ce o oryginalno\u015bci talent\u00f3w. Podobnie jak Liszt, kt\u00f3ry rewelacyjnie diagnozowa\u0142 talent ucznia, koncentruje prac\u0119 nad doskonaleniem element\u00f3w wartych rozwijania. Na tym m.in. polega klasa pedagoga, kt\u00f3r\u0105 mo\u017cna wyrazi\u0107 s\u0142owami: pomagaj\u0105c, nie przeszkadza\u0107.<br \/>\nKrzysztof Ksi\u0105\u017cek, skrzyw\u00addzony przez jury na minio\u00adnym Konkursie Chopinowskim w 2015 r., utytu\u0142owany p\u00f3\u017aniej licznymi nagrodami i wyr\u00f3\u017c\u00adnieniami mi\u0119dzynarodowych konkurs\u00f3w, udost\u0119pnia ostat\u00adnio melomanom p\u0142yt\u0119 chopi\u00adnowsk\u0105, na kt\u00f3rej utrwali\u0142 swe interpretacje mazurk\u00f3w (op. 7 i op. 50), Scherza h-moll, Preludium cis-moll, Walca As\u00ad-dur op. 42, Fantazji f-moll, Nokturnu fis-moll i Poloneza fis-moll. By\u0142y to utwory, kt\u00f3\u00adre gra\u0142 na rzeczonym turnieju chopinowskim w Warszawie. Wtedy wykonania tych utwo\u00adr\u00f3w nie doprowadzi\u0142y pianisty do miana laureata. A dzisiaj?<\/p>\n<p>Dzisiaj mo\u017cna si\u0119 dziwi\u0107, \u017ce w\u00f3wczas nie wywo\u0142a\u0142y aprobaty s\u0119dzi\u00f3w, bo s\u0105 to interpretacje \u015bwietne, poka\u00adzuj\u0105ce odcienie chopinowskiej muzyki. Ksi\u0105\u017cek znakomicie np. rozr\u00f3\u017cnia mazurki, ukazuj\u0105c, kt\u00f3re s\u0105 de facto oberkami, kujawiakami lub mazurami. A jest to umiej\u0119tno\u015b\u0107 funda\u00admentalna, szczeg\u00f3lnie trudna do opanowania przez obco\u00adkrajowc\u00f3w, poniewa\u017c z danym ta\u0144cem wi\u0105\u017ce si\u0119 konkretny wyraz muzyczny i charakter. Pod tym wzgl\u0119dem Chopin skomplikowa\u0142 interpretacj\u0119 w spos\u00f3b wyj\u0105tkowy, dopusz\u00adczaj\u0105c do swej tajemnicy tylko wybranych. Ksi\u0105\u017cek z pewno\u015bci\u0105 do nich teraz nale\u017cy.<\/p>\n<p>Pianista znakomicie operuje czasem, wiedz\u0105c, jakie frazy nieco przyspiesza\u0107, a inne nieco spowalnia\u0107. U Chopina taka umiej\u0119tno\u015bci to r\u00f3wnie\u017c sztu\u00adka. S\u0142ycha\u0107 to wyra\u017anie m.in. w quasi impresjonistycznym Preludium cis-moll, uy Polonezie fis-moll, gdzie w \u015brodkowej cz\u0119\u015bci kompozytor wykorzysta\u0142 mazurka.<\/p>\n<p>Walorem gry Krzysztofa Ksi\u0105\u017c\u00adka jest \u015bwietna pianistyka, ope\u00adruj\u0105ca wyr\u00f3wnanym d\u017awi\u0119kiem i przejrzysto\u015bci\u0105. Fragmenty utrzymane w bardzo szybkim tempie nie s\u0105 zamazywane, lecz selektywne, a przekaz muzyczny jednoznaczny. W jego grze panuje \u0142ad i porz\u0105dek i wy\u00adst\u0119puje znakomita proporcja wszystkich element\u00f3w dzie\u0142a muzycznego, co powoduje, \u017ce jego gry s\u0142uchamy z przy\u00adjemno\u015bci\u0105 i satysfakcj\u0105.<\/p>\n<p><em>Stanis\u0142aw Dybowski<\/em>, Twoja Muza<em><br \/>\n<\/em><\/p>","protected":false},"excerpt":{"rendered":"<p>Wychowankowie profesora Stefana Wojtasa, to piani\u015bci \u015bwietnie przygotowani, znako\u00admicie wyuczeni, a jednocze\u015bnie tak ukszta\u0142towani, aby ich ory\u00adginalne cechy nie zosta\u0142y utra\u00adcone. Profesor, sam wspania\u0142y pianista (do\u015b\u0107 pos\u0142ucha\u0107 jego nagra\u0144 sonat Chopina), potrafi rozwija\u0107 w swych podopiecz\u00adnych wrodzone predyspozycje, \u015bwiadcz\u0105ce o oryginalno\u015bci talent\u00f3w. Podobnie jak Liszt, kt\u00f3ry rewelacyjnie diagnozowa\u0142 talent ucznia, koncentruje prac\u0119 nad doskonaleniem element\u00f3w [&hellip;]<\/p>\n","protected":false},"author":2,"featured_media":0,"parent":0,"menu_order":0,"comment_status":"closed","ping_status":"closed","template":"","meta":{"footnotes":""},"class_list":["post-671","page","type-page","status-publish","hentry"],"_links":{"self":[{"href":"https:\/\/beethoven.org.pl\/recenzje\/wp-json\/wp\/v2\/pages\/671","targetHints":{"allow":["GET"]}}],"collection":[{"href":"https:\/\/beethoven.org.pl\/recenzje\/wp-json\/wp\/v2\/pages"}],"about":[{"href":"https:\/\/beethoven.org.pl\/recenzje\/wp-json\/wp\/v2\/types\/page"}],"author":[{"embeddable":true,"href":"https:\/\/beethoven.org.pl\/recenzje\/wp-json\/wp\/v2\/users\/2"}],"replies":[{"embeddable":true,"href":"https:\/\/beethoven.org.pl\/recenzje\/wp-json\/wp\/v2\/comments?post=671"}],"version-history":[{"count":1,"href":"https:\/\/beethoven.org.pl\/recenzje\/wp-json\/wp\/v2\/pages\/671\/revisions"}],"predecessor-version":[{"id":672,"href":"https:\/\/beethoven.org.pl\/recenzje\/wp-json\/wp\/v2\/pages\/671\/revisions\/672"}],"wp:attachment":[{"href":"https:\/\/beethoven.org.pl\/recenzje\/wp-json\/wp\/v2\/media?parent=671"}],"curies":[{"name":"wp","href":"https:\/\/api.w.org\/{rel}","templated":true}]}}