{"id":645,"date":"2018-03-28T15:19:11","date_gmt":"2018-03-28T13:19:11","guid":{"rendered":"http:\/\/beethoven.org.pl\/recenzje\/?page_id=645"},"modified":"2018-03-28T16:55:08","modified_gmt":"2018-03-28T14:55:08","slug":"wspanialy-koncert-muzyki-choralnej","status":"publish","type":"page","link":"https:\/\/beethoven.org.pl\/recenzje\/wspanialy-koncert-muzyki-choralnej\/","title":{"rendered":"Wspania\u0142y koncert muzyki ch\u00f3ralnej"},"content":{"rendered":"<p>Wtorkowy koncert mia\u0142 trzech bohater\u00f3w. Byli nimi: Krzysztof Penderecki, Violetta Bielecka i jej Ch\u00f3r Opery i Filharmonii Podlaskiej, oraz debiutuj\u0105cy na Festiwalu Beethovenowskim m\u0142ody dyrygent Dawid Runtz.<\/p>\n<p>Dawid Runtz, absolwent Uniwersytetu Muzycznego Fryderyka Chopina i Riccardo Muti Italian Opera Academy w Rawennie, jest obecnie pierwszym dyrygentem Polskiej Opery Kr\u00f3lewskiej w Warszawie.<\/p>\n<p>To w\u0142a\u015bnie pod jego batut\u0105 zabrzmia\u0142y niezwyk\u0142e <i>Chichester Psalms<\/i> Leonarda Bernsteina z okazji setnej rocznicy urodzin tego wielkiego dyrygenta, kompozytora i pianisty. Utw\u00f3r powsta\u0142 w 1963 roku i cho\u0107 oparty jest na wersetach biblijnych, to s\u0142ycha\u0107 w nim dalekie echo s\u0142ynnego musicalu Bernsteina <i>West Side Story<\/i>. Runtz bardzo sprawnie poprowadzi\u0142 Ch\u00f3r Opery i Filharmonii Podlaskiej, kt\u00f3remu towarzyszy\u0142 g\u0142os perkusji (Sebastian Sojka) i harfy (Julia \u0141opuszy\u0144ska) oraz organy (Roman Perucki), kt\u00f3re gra\u0142y tak\u017ce parti\u0119 solow\u0105.<\/p>\n<p><i>Psalmy<\/i> Bernsteina wyra\u017caj\u0105 przede wszystkim ufno\u015b\u0107 i dzi\u0119kczynienie w stosunku do Stw\u00f3rcy, a \u015bwietnym \u015brodkiem artystycznym podj\u0119tym w tym celu jest \u201eniewinny\u201d \u015bpiew ch\u0142opi\u0119cy i solo na dyszkant, kt\u00f3re pojawia si\u0119 w drugiej cz\u0119\u015bci i powraca w finale cz\u0119\u015bci trzeciej utworu. Czysto i naturalnie zabrzmia\u0142 w tej partii g\u0142os Jakuba Mroza, solisty Warszawskiego Ch\u00f3ru Ch\u0142opi\u0119cego.<\/p>\n<p>Jednak niezwyk\u0142e wra\u017cenie artystyczny mia\u0142y dopiero nast\u0105pi\u0107. Sw\u00f3j kunszt Ch\u00f3r Opery i Filharmonii Podlaskiej pokaza\u0142 w utworach a cappella Krzysztofa Pendereckiego, kt\u00f3rymi zadyrygowa\u0142a szefowa tego zespo\u0142u, Violetta Bielecka. Najpierw zabrzmia\u0142a <i>Pie\u015b\u0144 Cherubin\u00f3w<\/i>, kt\u00f3r\u0105 Penderecki skomponowa\u0142 na 60. urodziny swego przyjaciela, M\u015bcis\u0142awa Rostropowicza. To nowoczesna interpretacja prawos\u0142awnej liturgii. Soprany i alty pi\u0119knie prowadzi\u0142y d\u0142ugoodechow\u0105 melodi\u0119, tenory czysto poprowadzi\u0142y unisono chora\u0142owy temat, basy brzmia\u0142y na sta\u0142ych nutach g\u0142\u0119boko i mi\u0119kko, a\u017c do subtelnego wyciszenia, kt\u00f3rym zako\u0144czy\u0142 si\u0119 ten ciekawy utw\u00f3r. Bardzo plastycznie zabrzmia\u0142 motet <i>Agnus Dei <\/i>z <i>Polskiego Requiem<\/i>, z powracaj\u0105c\u0105 w sopranach smutn\u0105 i pokorn\u0105 inwokacj\u0105. W kulminacji licz\u0105cy ok. 50 os\u00f3b ch\u00f3r osi\u0105gn\u0105\u0142 maksimum ekspresji. Bia\u0142ostoccy ch\u00f3rzy\u015bci wykonali jeszcze a cappella, ca\u0142y czas pod kierunkiem Violetty Bieleckiej, <i>Missa Brevis<\/i>, <i>De Profundis<\/i> z <i>VII Symfonii \u201eSiedem bram Jerozolimy\u201d <\/i>i <i>O gloriosa virginum.\u00a0<\/i>Lirycznie i mi\u0119kko, stopniuj\u0105c dynamik\u0119 i ukazuj\u0105c bogactwo pomys\u0142\u00f3w fakturalnych i artykulacyjnych w utworach ch\u00f3ralnych Pendereckiego (kompozytor by\u0142 obecny na sali), ich wyrafinowane pi\u0119kno i prostot\u0119 wyrazu. Du\u017ce brawa dla tego zespo\u0142u!<\/p>\n<p>Ostatnim punktem programu by\u0142y <i>Psalmy Dawida<\/i>, m\u0142odzie\u0144czy utw\u00f3r Krzysztofa Pendereckiego, nagrodzony w Konkursie M\u0142odzych Kompozytor\u00f3w ZKP w 1959 roku. Utworem tym, skomponowanym na ch\u00f3r mieszany, perkusj\u0119 (soli\u015bci Orkiestry Akademii Beethovenowskiej), grup\u0119 kontrabas\u00f3w (instrumentali\u015bci Filharmonii Narodowej), dwa fortepiany (Marek Bracha i Grzegorz Gorczyca) oraz harf\u0119 zadyrygowa\u0142 precyzyjnie Dawid Runtz.<\/p>\n<p><b>Anna S. D\u0119bowska<\/b><\/p>\n<p><em>Koncert odby\u0142 si\u0119 27 marca w Filharmonii Narodowej w Warszawie<\/em><\/p>","protected":false},"excerpt":{"rendered":"<p>Wtorkowy koncert mia\u0142 trzech bohater\u00f3w. Byli nimi: Krzysztof Penderecki, Violetta Bielecka i jej Ch\u00f3r Opery i Filharmonii Podlaskiej, oraz debiutuj\u0105cy na Festiwalu Beethovenowskim m\u0142ody dyrygent Dawid Runtz. Dawid Runtz, absolwent Uniwersytetu Muzycznego Fryderyka Chopina i Riccardo Muti Italian Opera Academy w Rawennie, jest obecnie pierwszym dyrygentem Polskiej Opery Kr\u00f3lewskiej w Warszawie. To w\u0142a\u015bnie pod jego [&hellip;]<\/p>\n","protected":false},"author":8,"featured_media":0,"parent":0,"menu_order":0,"comment_status":"closed","ping_status":"closed","template":"","meta":{"footnotes":""},"class_list":["post-645","page","type-page","status-publish","hentry"],"_links":{"self":[{"href":"https:\/\/beethoven.org.pl\/recenzje\/wp-json\/wp\/v2\/pages\/645","targetHints":{"allow":["GET"]}}],"collection":[{"href":"https:\/\/beethoven.org.pl\/recenzje\/wp-json\/wp\/v2\/pages"}],"about":[{"href":"https:\/\/beethoven.org.pl\/recenzje\/wp-json\/wp\/v2\/types\/page"}],"author":[{"embeddable":true,"href":"https:\/\/beethoven.org.pl\/recenzje\/wp-json\/wp\/v2\/users\/8"}],"replies":[{"embeddable":true,"href":"https:\/\/beethoven.org.pl\/recenzje\/wp-json\/wp\/v2\/comments?post=645"}],"version-history":[{"count":2,"href":"https:\/\/beethoven.org.pl\/recenzje\/wp-json\/wp\/v2\/pages\/645\/revisions"}],"predecessor-version":[{"id":648,"href":"https:\/\/beethoven.org.pl\/recenzje\/wp-json\/wp\/v2\/pages\/645\/revisions\/648"}],"wp:attachment":[{"href":"https:\/\/beethoven.org.pl\/recenzje\/wp-json\/wp\/v2\/media?parent=645"}],"curies":[{"name":"wp","href":"https:\/\/api.w.org\/{rel}","templated":true}]}}