{"id":547,"date":"2017-05-24T11:24:56","date_gmt":"2017-05-24T09:24:56","guid":{"rendered":"http:\/\/beethoven.org.pl\/recenzje\/?page_id=547"},"modified":"2017-05-24T11:24:56","modified_gmt":"2017-05-24T09:24:56","slug":"lukasz-krupinski-espressione-from-bolzano-to-san-marino-haydn-chopin-skrabin-dux","status":"publish","type":"page","link":"https:\/\/beethoven.org.pl\/recenzje\/lukasz-krupinski-espressione-from-bolzano-to-san-marino-haydn-chopin-skrabin-dux\/","title":{"rendered":"\u0141ukasz Krupi\u0144ski. \u201cEspressione\u2026 from Bolzano to San Marino\u201d (Haydn, Chopin, Skrabin) DUX"},"content":{"rendered":"<p>Finalista Konkursu im Busoniego w Bolzano, zwyci\u0119zca Konkursu w San Marino, jeden z najlepszych Polak\u00f3w na Konkursie Chopinowskim w 2015 roku. Obecnie pod menad\u017cersk\u0105 opiek\u0105 El\u017cbiety Pendereckiej. Pierwsza p\u0142yta \u0141ukasza Krupi\u0144skiego to mi\u0142a niespodzianka. 25-letni pianista \u015bwietnie czuje si\u0119 w wymagaj\u0105cym precyzji i kultury muzycznej Haydnie i w miniaturach Chpionowskich (Walc Es-dur op. 18 \u201eLento con gran espressione\u201d). Rozumie te\u017c charakter poloneza, zw\u0142aszcza tak z\u0142o\u017conego i dramatycznego jak Polonez-Fantazja As-dur.<\/p>\n<p>Anna S. D\u0119bowska Gazeta Wayborcza 10 luty 2017 r.<\/p>","protected":false},"excerpt":{"rendered":"<p>Finalista Konkursu im Busoniego w Bolzano, zwyci\u0119zca Konkursu w San Marino, jeden z najlepszych Polak\u00f3w na Konkursie Chopinowskim w 2015 roku. Obecnie pod menad\u017cersk\u0105 opiek\u0105 El\u017cbiety Pendereckiej. Pierwsza p\u0142yta \u0141ukasza Krupi\u0144skiego to mi\u0142a niespodzianka. 25-letni pianista \u015bwietnie czuje si\u0119 w wymagaj\u0105cym precyzji i kultury muzycznej Haydnie i w miniaturach Chpionowskich (Walc Es-dur op. 18 \u201eLento [&hellip;]<\/p>\n","protected":false},"author":2,"featured_media":0,"parent":0,"menu_order":0,"comment_status":"closed","ping_status":"closed","template":"","meta":{"footnotes":""},"class_list":["post-547","page","type-page","status-publish","hentry"],"_links":{"self":[{"href":"https:\/\/beethoven.org.pl\/recenzje\/wp-json\/wp\/v2\/pages\/547","targetHints":{"allow":["GET"]}}],"collection":[{"href":"https:\/\/beethoven.org.pl\/recenzje\/wp-json\/wp\/v2\/pages"}],"about":[{"href":"https:\/\/beethoven.org.pl\/recenzje\/wp-json\/wp\/v2\/types\/page"}],"author":[{"embeddable":true,"href":"https:\/\/beethoven.org.pl\/recenzje\/wp-json\/wp\/v2\/users\/2"}],"replies":[{"embeddable":true,"href":"https:\/\/beethoven.org.pl\/recenzje\/wp-json\/wp\/v2\/comments?post=547"}],"version-history":[{"count":1,"href":"https:\/\/beethoven.org.pl\/recenzje\/wp-json\/wp\/v2\/pages\/547\/revisions"}],"predecessor-version":[{"id":548,"href":"https:\/\/beethoven.org.pl\/recenzje\/wp-json\/wp\/v2\/pages\/547\/revisions\/548"}],"wp:attachment":[{"href":"https:\/\/beethoven.org.pl\/recenzje\/wp-json\/wp\/v2\/media?parent=547"}],"curies":[{"name":"wp","href":"https:\/\/api.w.org\/{rel}","templated":true}]}}