{"id":444,"date":"2017-04-08T16:05:47","date_gmt":"2017-04-08T14:05:47","guid":{"rendered":"http:\/\/beethoven.org.pl\/recenzje\/?page_id=444"},"modified":"2017-04-10T14:46:54","modified_gmt":"2017-04-10T12:46:54","slug":"tchuburidze-jako-kameralistka","status":"publish","type":"page","link":"https:\/\/beethoven.org.pl\/recenzje\/tchuburidze-jako-kameralistka\/","title":{"rendered":"Tchumburidze jako kameralistka"},"content":{"rendered":"<p><img loading=\"lazy\" decoding=\"async\" class=\"size-medium wp-image-455 aligncenter\" src=\"http:\/\/beethoven.org.pl\/recenzje\/wp-content\/uploads\/sites\/9\/2017\/04\/BF170407_2180-300x200.jpg\" alt=\"BF170407_2180\" width=\"300\" height=\"200\" srcset=\"https:\/\/beethoven.org.pl\/recenzje\/wp-content\/uploads\/sites\/9\/2017\/04\/BF170407_2180-300x200.jpg 300w, https:\/\/beethoven.org.pl\/recenzje\/wp-content\/uploads\/sites\/9\/2017\/04\/BF170407_2180-768x512.jpg 768w, https:\/\/beethoven.org.pl\/recenzje\/wp-content\/uploads\/sites\/9\/2017\/04\/BF170407_2180-1024x682.jpg 1024w, https:\/\/beethoven.org.pl\/recenzje\/wp-content\/uploads\/sites\/9\/2017\/04\/BF170407_2180.jpg 1180w\" sizes=\"auto, (max-width: 300px) 100vw, 300px\" \/><\/p>\n<p>\u015awietny duet: Veriko Tchumburidze na skrzypcach i Aleksandra \u015awigut na fortepianie, wyst\u0105pi\u0142 w pi\u0105tek na Zamku Kr\u00f3lewskim w Warszawie.<\/p>\n<p>Swoboda, si\u0142a, temperament, du\u017cy potencja\u0142 talentu to g\u0142\u00f3wne atuty Veriko Tchumburidze, 21-letniej skrzypaczki tureckiej pochodzenia ormia\u0144skiego, kt\u00f3ra w pa\u017adzierniku ubieg\u0142ego roku wygra\u0142a 15. Mi\u0119dzynarodowy Konkurs Skrzypcowy im. Henryka Wieniawskiego w Poznaniu. Artystka ju\u017c kilkakrotnie wyst\u0105pi\u0142a w Warszawie, ale za ka\u017cdym razem z towarzyszeniem orkiestry symfonicznej, natomiast Wielkanocny Festiwal Ludwiga van Beethovena da\u0142 publiczno\u015bci mo\u017cliwo\u015b\u0107 wys\u0142uchania skrzypaczki w solowym i kameralnym repertuarze. Turczynce znakomicie partnerowa\u0142a przy fortepianie 25-letnia Aleksandra \u015awigut \u2013 pianistka, kt\u00f3ra studiowa\u0142a tak\u017ce gr\u0119 na fortepianie historycznym i klawesyn, ju\u017c teraz jest bardzo dobr\u0105 kameralistk\u0105, wra\u017cliw\u0105 na partnera, eksponuj\u0105c\u0105 dialog i detal zapisu muzycznego. Veriko Tchumburidze jest dominuj\u0105c\u0105 osobowo\u015bci\u0105, wi\u0119c to ona gra\u0142a g\u0142\u00f3wn\u0105 rol\u0119, nawet w <i>Sonacie \u201eKreutzerowskiej\u201d<\/i> Ludwiga van Beethovena, w kt\u00f3rej fortepian odgrywa przecie\u017c nie mniejsz\u0105 rol\u0119 ni\u017c skrzypce. Tchumburidze przypomina wirtuoz\u00f3w dawnego typu, kt\u00f3rzy eksponowali swoj\u0105 indywidualno\u015b\u0107, tymczasem \u015awigut pokaza\u0142a tak\u017ce dba\u0142o\u015b\u0107 o styl i klarowno\u015b\u0107 d\u017awi\u0119ku.<\/p>\n<p><img loading=\"lazy\" decoding=\"async\" class=\"size-medium wp-image-456 aligncenter\" src=\"http:\/\/beethoven.org.pl\/recenzje\/wp-content\/uploads\/sites\/9\/2017\/04\/BF170407_2184-300x200.jpg\" alt=\"BF170407_2184\" width=\"300\" height=\"200\" srcset=\"https:\/\/beethoven.org.pl\/recenzje\/wp-content\/uploads\/sites\/9\/2017\/04\/BF170407_2184-300x200.jpg 300w, https:\/\/beethoven.org.pl\/recenzje\/wp-content\/uploads\/sites\/9\/2017\/04\/BF170407_2184-768x512.jpg 768w, https:\/\/beethoven.org.pl\/recenzje\/wp-content\/uploads\/sites\/9\/2017\/04\/BF170407_2184-1024x682.jpg 1024w, https:\/\/beethoven.org.pl\/recenzje\/wp-content\/uploads\/sites\/9\/2017\/04\/BF170407_2184.jpg 1180w\" sizes=\"auto, (max-width: 300px) 100vw, 300px\" \/><\/p>\n<p>Po Beethovenie Veriko Tchumburidze zagra\u0142a <i>I Suit\u0119 <\/i>na skrzypce solo Ernsta Blocha, rzecz w\u0142a\u015bciwie nie wykonywan\u0105, a ciekaw\u0105 \u2013 g\u0142\u0119boki uk\u0142on w stron\u0119 Jana Sebastiana Bacha i jego partit na skrzypce solo, utw\u00f3r skomponowany w 1958 roku na zam\u00f3wienie Yehudi Menuhina. Utw\u00f3r wirtuozowski, rapsodyczne, daj\u0105cy du\u017ce pole do popisu dla wyobra\u017ani skrzypka by\u0142 idealny dla Tchumburidze, kt\u00f3ra mog\u0142a si\u0119 w nim wy\u017cy\u0107, pokaza\u0107 \u015bwietn\u0105 technik\u0119, temperament i pot\u0119\u017cny d\u017awi\u0119k. Skrzypaczka gra\u0142a na wspania\u0142ym instrumencie \u2013 skrzypcach Giambattisty Guadagniniego z 1756 roku. Ich s\u0142odki, ciep\u0142y, jasny, \u201edzwoneczkowy\u201d ton, zw\u0142aszcza w wysokich pozycjach, pasowa\u0142 do <i>Mit\u00f3w<\/i> op. 30 Karola Karola Szymanowskiego, a bardziej jeszcze do Griega \u2013 obie artystki wykona\u0142y z du\u017cym polotem jego <i>II Sonat\u0119 G-dur <\/i>na skrzypce i fortepian op. 13, w kt\u00f3rej odzywa si\u0119 norweski folklor i echo ludowych skrzypiec hardingfele.<\/p>\n<p><b>Anna S. D\u0119bowska<\/b><\/p>\n<p><i>Pi\u0105tek, 7 kwietnia, godz. 17, Zamek Kr\u00f3lewski<\/i><\/p>\n<p>Wi\u0119cej zdj\u0119\u0107: <a href=\"http:\/\/brunofidrych.com\/21beethoven\/07.04.2017\/koncert12\/index.html\">TUTAJ<br \/>\n<\/a>(Fot. Bruno Fidrych \/ Studio fotograficzne Plasterstudio)<\/p>","protected":false},"excerpt":{"rendered":"<p>\u015awietny duet: Veriko Tchumburidze na skrzypcach i Aleksandra \u015awigut na fortepianie, wyst\u0105pi\u0142 w pi\u0105tek na Zamku Kr\u00f3lewskim w Warszawie. Swoboda, si\u0142a, temperament, du\u017cy potencja\u0142 talentu to g\u0142\u00f3wne atuty Veriko Tchumburidze, 21-letniej skrzypaczki tureckiej pochodzenia ormia\u0144skiego, kt\u00f3ra w pa\u017adzierniku ubieg\u0142ego roku wygra\u0142a 15. Mi\u0119dzynarodowy Konkurs Skrzypcowy im. Henryka Wieniawskiego w Poznaniu. Artystka ju\u017c kilkakrotnie wyst\u0105pi\u0142a w [&hellip;]<\/p>\n","protected":false},"author":8,"featured_media":0,"parent":0,"menu_order":0,"comment_status":"closed","ping_status":"closed","template":"","meta":{"footnotes":""},"class_list":["post-444","page","type-page","status-publish","hentry"],"_links":{"self":[{"href":"https:\/\/beethoven.org.pl\/recenzje\/wp-json\/wp\/v2\/pages\/444","targetHints":{"allow":["GET"]}}],"collection":[{"href":"https:\/\/beethoven.org.pl\/recenzje\/wp-json\/wp\/v2\/pages"}],"about":[{"href":"https:\/\/beethoven.org.pl\/recenzje\/wp-json\/wp\/v2\/types\/page"}],"author":[{"embeddable":true,"href":"https:\/\/beethoven.org.pl\/recenzje\/wp-json\/wp\/v2\/users\/8"}],"replies":[{"embeddable":true,"href":"https:\/\/beethoven.org.pl\/recenzje\/wp-json\/wp\/v2\/comments?post=444"}],"version-history":[{"count":6,"href":"https:\/\/beethoven.org.pl\/recenzje\/wp-json\/wp\/v2\/pages\/444\/revisions"}],"predecessor-version":[{"id":476,"href":"https:\/\/beethoven.org.pl\/recenzje\/wp-json\/wp\/v2\/pages\/444\/revisions\/476"}],"wp:attachment":[{"href":"https:\/\/beethoven.org.pl\/recenzje\/wp-json\/wp\/v2\/media?parent=444"}],"curies":[{"name":"wp","href":"https:\/\/api.w.org\/{rel}","templated":true}]}}