{"id":39,"date":"2016-11-29T16:07:35","date_gmt":"2016-11-29T15:07:35","guid":{"rendered":"http:\/\/dev.yoho.pl\/beethoven\/recenzje\/?page_id=39"},"modified":"2016-11-29T16:07:35","modified_gmt":"2016-11-29T15:07:35","slug":"anna-wozniakowska-ruch-muzyczny-22-lipca-2012-nr-15","status":"publish","type":"page","link":"https:\/\/beethoven.org.pl\/recenzje\/anna-wozniakowska-ruch-muzyczny-22-lipca-2012-nr-15\/","title":{"rendered":"Anna Wo\u017aniakowska, \u201eRuch Muzyczny\u201d, 22 lipca 2012, nr 15"},"content":{"rendered":"<p><em>Przez ponad p\u00f3\u0142 roku, jakie min\u0119\u0142o od Konkursu im. Wieniawskiego, dwudziestojednoletnia Aleksandra Kuls wspaniale si\u0119 rozwin\u0119\u0142a, nie trac\u0105c m\u0142odzie\u0144czej spontaniczno\u015bci. Pog\u0142\u0119bi\u0142a wykazywane ju\u017c przedtem doskona\u0142e wyczucie czasu w muzyce oraz jej epicko\u015bci, co pozwoli\u0142o z III Sonaty d-moll Brahmsa stworzy\u0107\u00a0prawdziw\u0105 kreacj\u0119.<\/em><\/p>\n<p>(&#8230;)\u00a0<em>Potencja\u0142 artystyczny Aleksandry Kuls wydaje si\u0119 nie mie\u0107 granic.<\/em><\/p>","protected":false},"excerpt":{"rendered":"<p>Przez ponad p\u00f3\u0142 roku, jakie min\u0119\u0142o od Konkursu im. Wieniawskiego, dwudziestojednoletnia Aleksandra Kuls wspaniale si\u0119 rozwin\u0119\u0142a, nie trac\u0105c m\u0142odzie\u0144czej spontaniczno\u015bci. Pog\u0142\u0119bi\u0142a wykazywane ju\u017c przedtem doskona\u0142e wyczucie czasu w muzyce oraz jej epicko\u015bci, co pozwoli\u0142o z III Sonaty d-moll Brahmsa stworzy\u0107\u00a0prawdziw\u0105 kreacj\u0119. (&#8230;)\u00a0Potencja\u0142 artystyczny Aleksandry Kuls wydaje si\u0119 nie mie\u0107 granic.<\/p>\n","protected":false},"author":2,"featured_media":0,"parent":0,"menu_order":0,"comment_status":"closed","ping_status":"closed","template":"","meta":{"footnotes":""},"class_list":["post-39","page","type-page","status-publish","hentry"],"_links":{"self":[{"href":"https:\/\/beethoven.org.pl\/recenzje\/wp-json\/wp\/v2\/pages\/39","targetHints":{"allow":["GET"]}}],"collection":[{"href":"https:\/\/beethoven.org.pl\/recenzje\/wp-json\/wp\/v2\/pages"}],"about":[{"href":"https:\/\/beethoven.org.pl\/recenzje\/wp-json\/wp\/v2\/types\/page"}],"author":[{"embeddable":true,"href":"https:\/\/beethoven.org.pl\/recenzje\/wp-json\/wp\/v2\/users\/2"}],"replies":[{"embeddable":true,"href":"https:\/\/beethoven.org.pl\/recenzje\/wp-json\/wp\/v2\/comments?post=39"}],"version-history":[{"count":1,"href":"https:\/\/beethoven.org.pl\/recenzje\/wp-json\/wp\/v2\/pages\/39\/revisions"}],"predecessor-version":[{"id":40,"href":"https:\/\/beethoven.org.pl\/recenzje\/wp-json\/wp\/v2\/pages\/39\/revisions\/40"}],"wp:attachment":[{"href":"https:\/\/beethoven.org.pl\/recenzje\/wp-json\/wp\/v2\/media?parent=39"}],"curies":[{"name":"wp","href":"https:\/\/api.w.org\/{rel}","templated":true}]}}