{"id":379,"date":"2015-10-12T15:40:55","date_gmt":"2015-10-12T13:40:55","guid":{"rendered":"http:\/\/dev.yoho.pl\/beethoven\/recenzje\/?page_id=379"},"modified":"2017-01-30T15:45:47","modified_gmt":"2017-01-30T14:45:47","slug":"anna-s-debowska-gazeta-wyborcza-12-pazdziernika-2015","status":"publish","type":"page","link":"https:\/\/beethoven.org.pl\/recenzje\/anna-s-debowska-gazeta-wyborcza-12-pazdziernika-2015\/","title":{"rendered":"Anna S. D\u0119bowska \u201eGazeta Wyborcza\u201d 12 pa\u017adziernika 2015"},"content":{"rendered":"<p><em>Objawieniem II etapu by\u0142 Polak\u00a0Krzysztof Ksi\u0105\u017cek: pi\u0119kne mazurki, quasi-improwizacyjna Fantazja f-moll, zmys\u0142owy, \u017cywy d\u017awi\u0119k. Chce si\u0119 go s\u0142ucha\u0107 dalej.<\/em><\/p>\n<p>http:\/\/wyborcza.pl\/1,75248,18997039,konkurs-chopinowski-mamy-wyniki-ii-etapu-dalej-przeszli.html<\/p>","protected":false},"excerpt":{"rendered":"<p>Objawieniem II etapu by\u0142 Polak\u00a0Krzysztof Ksi\u0105\u017cek: pi\u0119kne mazurki, quasi-improwizacyjna Fantazja f-moll, zmys\u0142owy, \u017cywy d\u017awi\u0119k. Chce si\u0119 go s\u0142ucha\u0107 dalej. http:\/\/wyborcza.pl\/1,75248,18997039,konkurs-chopinowski-mamy-wyniki-ii-etapu-dalej-przeszli.html<\/p>\n","protected":false},"author":2,"featured_media":0,"parent":0,"menu_order":0,"comment_status":"closed","ping_status":"closed","template":"","meta":{"footnotes":""},"class_list":["post-379","page","type-page","status-publish","hentry"],"_links":{"self":[{"href":"https:\/\/beethoven.org.pl\/recenzje\/wp-json\/wp\/v2\/pages\/379","targetHints":{"allow":["GET"]}}],"collection":[{"href":"https:\/\/beethoven.org.pl\/recenzje\/wp-json\/wp\/v2\/pages"}],"about":[{"href":"https:\/\/beethoven.org.pl\/recenzje\/wp-json\/wp\/v2\/types\/page"}],"author":[{"embeddable":true,"href":"https:\/\/beethoven.org.pl\/recenzje\/wp-json\/wp\/v2\/users\/2"}],"replies":[{"embeddable":true,"href":"https:\/\/beethoven.org.pl\/recenzje\/wp-json\/wp\/v2\/comments?post=379"}],"version-history":[{"count":1,"href":"https:\/\/beethoven.org.pl\/recenzje\/wp-json\/wp\/v2\/pages\/379\/revisions"}],"predecessor-version":[{"id":380,"href":"https:\/\/beethoven.org.pl\/recenzje\/wp-json\/wp\/v2\/pages\/379\/revisions\/380"}],"wp:attachment":[{"href":"https:\/\/beethoven.org.pl\/recenzje\/wp-json\/wp\/v2\/media?parent=379"}],"curies":[{"name":"wp","href":"https:\/\/api.w.org\/{rel}","templated":true}]}}