{"id":367,"date":"2015-01-04T13:27:35","date_gmt":"2015-01-04T12:27:35","guid":{"rendered":"http:\/\/dev.yoho.pl\/beethoven\/recenzje\/?page_id=367"},"modified":"2017-01-04T13:29:14","modified_gmt":"2017-01-04T12:29:14","slug":"367-2","status":"publish","type":"page","link":"https:\/\/beethoven.org.pl\/recenzje\/367-2\/","title":{"rendered":"Daniel Cichy, Tygodnik Powszechny, 12 pa\u017adziernika 2010"},"content":{"rendered":"<p><strong>Niemo\u017cliwe \u2013 mo\u017cliwe<br \/>\n<\/strong><em>(&#8230;) Fantastycznie intencje zar\u00f3wno kompozytora, jak i re\u017cysera odczyta\u0142 zesp\u00f3\u0142 solist\u00f3w. Elena Kelessidi jako Marta, Agnieszka Rehlis, fenomenalnie wokalnie i aktorsko interpretuj\u0105ca parti\u0119 Lisy, dobrzy Roberto Sacc? w roli Waltera i Artur Ruci\u0144ski jako Tadeusz zapracowali na solidne brawa.\u00a0<\/em><strong><\/p>\n<p><\/strong><\/p>","protected":false},"excerpt":{"rendered":"<p>Niemo\u017cliwe \u2013 mo\u017cliwe (&#8230;) Fantastycznie intencje zar\u00f3wno kompozytora, jak i re\u017cysera odczyta\u0142 zesp\u00f3\u0142 solist\u00f3w. Elena Kelessidi jako Marta, Agnieszka Rehlis, fenomenalnie wokalnie i aktorsko interpretuj\u0105ca parti\u0119 Lisy, dobrzy Roberto Sacc? w roli Waltera i Artur Ruci\u0144ski jako Tadeusz zapracowali na solidne brawa.\u00a0<\/p>\n","protected":false},"author":2,"featured_media":0,"parent":0,"menu_order":0,"comment_status":"closed","ping_status":"closed","template":"","meta":{"footnotes":""},"class_list":["post-367","page","type-page","status-publish","hentry"],"_links":{"self":[{"href":"https:\/\/beethoven.org.pl\/recenzje\/wp-json\/wp\/v2\/pages\/367","targetHints":{"allow":["GET"]}}],"collection":[{"href":"https:\/\/beethoven.org.pl\/recenzje\/wp-json\/wp\/v2\/pages"}],"about":[{"href":"https:\/\/beethoven.org.pl\/recenzje\/wp-json\/wp\/v2\/types\/page"}],"author":[{"embeddable":true,"href":"https:\/\/beethoven.org.pl\/recenzje\/wp-json\/wp\/v2\/users\/2"}],"replies":[{"embeddable":true,"href":"https:\/\/beethoven.org.pl\/recenzje\/wp-json\/wp\/v2\/comments?post=367"}],"version-history":[{"count":2,"href":"https:\/\/beethoven.org.pl\/recenzje\/wp-json\/wp\/v2\/pages\/367\/revisions"}],"predecessor-version":[{"id":369,"href":"https:\/\/beethoven.org.pl\/recenzje\/wp-json\/wp\/v2\/pages\/367\/revisions\/369"}],"wp:attachment":[{"href":"https:\/\/beethoven.org.pl\/recenzje\/wp-json\/wp\/v2\/media?parent=367"}],"curies":[{"name":"wp","href":"https:\/\/api.w.org\/{rel}","templated":true}]}}