{"id":336,"date":"2009-04-07T18:11:52","date_gmt":"2009-04-07T16:11:52","guid":{"rendered":"http:\/\/dev.yoho.pl\/beethoven\/recenzje\/?page_id=336"},"modified":"2016-12-19T18:12:52","modified_gmt":"2016-12-19T17:12:52","slug":"tokyo-string-quartet-koncert-drugi","status":"publish","type":"page","link":"https:\/\/beethoven.org.pl\/recenzje\/tokyo-string-quartet-koncert-drugi\/","title":{"rendered":"Tokyo String Quartet &#8211; koncert drugi"},"content":{"rendered":"<p>Kwartet smyczkowy by\u0142 od pocz\u0105tk\u00f3w swego istnienia uznawany za gatunek szczeg\u00f3lny, przeznaczony dla koneser\u00f3w, za sztuk\u0119 stawiaj\u0105c\u0105 zar\u00f3wno przed wykonawcami, jak i kompozytorami poprzeczk\u0119 wymaga\u0144 niezwykle wysoko. Tak naprawd\u0119, to tylko ci pierwsi \u2013 w momencie odczytywania partytury i samej gry \u2013 mog\u0105 w pe\u0142ni do\u015bwiadczy\u0107 kunsztu i smakowa\u0107 rozwi\u0105zania zaproponowane przez tych drugich. Nie\u0142atwo \u00f3w paradoks zrozumie\u0107, bo wi\u0105\u017ce si\u0119 on z histori\u0105 i funkcjonowaniem formy \u2013 przez d\u0142ugi czas przeznaczonej w\u0142a\u015bnie do wykonywania w zaciszu salon\u00f3w, praktycznie bez udzia\u0142u audytorium.<\/p>\n<p>W tym historycznym kontek\u015bcie objawia si\u0119 fenomen Tokyo String Quartet. Zesp\u00f3\u0142 ten fenomenalnie \u201ebawi\u0105c si\u0119\u201d wykonywan\u0105 muzyk\u0105, delektuj\u0105c jej konstrukcyjn\u0105 tkank\u0105 i tre\u015bciow\u0105 zawarto\u015bci\u0105 nie zapomina o publiczno\u015bci. Podaj\u0105c na swych koncertach lektur\u0119 o skrajnym stopniu trudno\u015bci, potrafi s\u0142uchacza zafrapowa\u0107, a w\u0142a\u015bciwie wci\u0105gn\u0105\u0107 bez reszty w smakowanie muzyki. Nawet wi\u0119cej, na koncercie Tokyo String Quartet, delektuj\u0105c si\u0119 sztuk\u0105, zapomina si\u0119 o Bo\u017cym \u015bwiecie! Ten zesp\u00f3\u0142 gra w spos\u00f3b subtelny i wyrafinowany, perfekcyjnie precyzyjny, cyzeluj\u0105c ka\u017cdy detal, sprawia swojej publiczno\u015bci uczt\u0119 niezwyk\u0142\u0105.<\/p>\n<p>Program drugiego koncertu Tokijczyk\u00f3w sk\u0142ada\u0142 si\u0119 z dw\u00f3ch kwartet\u00f3w opus 76 J\u00f3zefa Haydna (<i>Es-dur<\/i> nr 6 i <i>C-dur<\/i> nr 3 <i>\u201eCesarskiego\u201d<\/i> \u2013 to by\u0142o doko\u0144czenie prezentacji ca\u0142ego cyklu) oraz <i>III Kwartetu smyczkowego B-dur<\/i> op. 67 Johannesa Brahmsa. Te dwa muzyczne \u015bwiaty zosta\u0142y \u015bwietnie zr\u00f3\u017cnicowane \u2013 przede wszystkim gatunkiem d\u017awi\u0119ku i barw\u0105 brzmienia. Haydn by\u0142 l\u017cejszy i bardziej ulotny, Brahms potraktowany bardziej serio, mo\u017ce z domieszk\u0105 niezb\u0119dnego\u2026 aksamitu. Ju\u017c tylko ten aspekt wykonawstwa \u015bwiadczy o klasie muzyk\u00f3w. Dodatkowo, im d\u0142u\u017cej Kwartet Tokijski gra\u0142, tym brzmia\u0142 doskonalej, jakby nobliwe instrumenty (Stradivariusy nale\u017c\u0105ce niegdy\u015b do Paganiniego) wymaga\u0142y czasu do ujawnienia pe\u0142ni swoich wyrazowych mo\u017cliwo\u015bci. Logiczna prostota przeistoczy\u0142a si\u0119 tu w now\u0105, wy\u017csz\u0105 jako\u015b\u0107. Multum perlistych ozdobnik\u00f3w, skontrastowanych my\u015bli g\u0142\u00f3wnych i pobocznych, wzorowo wiedzionych kontrapunkt\u00f3w i cudownych kantylen \u2013 tymi s\u0142owy (nie oddaj\u0105cymi zreszt\u0105 prawdziwej aury gry) mo\u017cna pr\u00f3bowa\u0107 opisa\u0107 interpretacje dzie\u0142 Haydna zaproponowane przez zesp\u00f3\u0142. A absolutnym szczytem okaza\u0142y si\u0119 s\u0142ynne Wariacje na temat austriackiego hymnu z <i>Kwartetu \u201eCesarskiego\u201d<\/i>. Tak doskona\u0142ego wykonania w ostatnich latach w Warszawie po prostu nie by\u0142o.<\/p>\n<p>Kiedy my\u015bla\u0142em, \u017ce nic ju\u017c mnie nie zaskoczy, w nowy wymiar przeni\u00f3s\u0142 mnie <i>Kwartet B-dur<\/i> op. 67 Johannesa Brahmsa. O w\u0142os masywniejszy ni\u017c muzyka Haydna, potraktowany z wi\u0119ksz\u0105 doz\u0105 dostoje\u0144stwa, emanowa\u0142 naturalnym, niewymuszonym spokojem i arystokratyczn\u0105 gracj\u0105. Interpretacji Tokyo String Quartet s\u0142ucha\u0142em jak urzeczony, chyba zahipnotyzowany gr\u0105. Pewnie o to im chodzi\u0142o \u2013 o publiczno\u015bci nie zapomnieli! Szkoda, \u017ce nie b\u0119dzie trzeciego ich koncertu. Uzbrajam si\u0119 w cierpliwo\u015b\u0107 i czekam do przysz\u0142ego roku, z nadziej\u0105 \u017ce na Festiwal Beethovenowski zawitaj\u0105.<\/p>\n<p>Marcin Majchrowski<br \/>\n(Polskie Radio)<\/p>","protected":false},"excerpt":{"rendered":"<p>Kwartet smyczkowy by\u0142 od pocz\u0105tk\u00f3w swego istnienia uznawany za gatunek szczeg\u00f3lny, przeznaczony dla koneser\u00f3w, za sztuk\u0119 stawiaj\u0105c\u0105 zar\u00f3wno przed wykonawcami, jak i kompozytorami poprzeczk\u0119 wymaga\u0144 niezwykle wysoko. Tak naprawd\u0119, to tylko ci pierwsi \u2013 w momencie odczytywania partytury i samej gry \u2013 mog\u0105 w pe\u0142ni do\u015bwiadczy\u0107 kunsztu i smakowa\u0107 rozwi\u0105zania zaproponowane przez tych drugich. Nie\u0142atwo [&hellip;]<\/p>\n","protected":false},"author":2,"featured_media":0,"parent":0,"menu_order":0,"comment_status":"closed","ping_status":"closed","template":"","meta":{"footnotes":""},"class_list":["post-336","page","type-page","status-publish","hentry"],"_links":{"self":[{"href":"https:\/\/beethoven.org.pl\/recenzje\/wp-json\/wp\/v2\/pages\/336","targetHints":{"allow":["GET"]}}],"collection":[{"href":"https:\/\/beethoven.org.pl\/recenzje\/wp-json\/wp\/v2\/pages"}],"about":[{"href":"https:\/\/beethoven.org.pl\/recenzje\/wp-json\/wp\/v2\/types\/page"}],"author":[{"embeddable":true,"href":"https:\/\/beethoven.org.pl\/recenzje\/wp-json\/wp\/v2\/users\/2"}],"replies":[{"embeddable":true,"href":"https:\/\/beethoven.org.pl\/recenzje\/wp-json\/wp\/v2\/comments?post=336"}],"version-history":[{"count":1,"href":"https:\/\/beethoven.org.pl\/recenzje\/wp-json\/wp\/v2\/pages\/336\/revisions"}],"predecessor-version":[{"id":337,"href":"https:\/\/beethoven.org.pl\/recenzje\/wp-json\/wp\/v2\/pages\/336\/revisions\/337"}],"wp:attachment":[{"href":"https:\/\/beethoven.org.pl\/recenzje\/wp-json\/wp\/v2\/media?parent=336"}],"curies":[{"name":"wp","href":"https:\/\/api.w.org\/{rel}","templated":true}]}}