{"id":334,"date":"2009-04-06T18:10:27","date_gmt":"2009-04-06T16:10:27","guid":{"rendered":"http:\/\/dev.yoho.pl\/beethoven\/recenzje\/?page_id=334"},"modified":"2016-12-19T18:11:22","modified_gmt":"2016-12-19T17:11:22","slug":"orchestre-philharmonique-de-monte-carlo","status":"publish","type":"page","link":"https:\/\/beethoven.org.pl\/recenzje\/orchestre-philharmonique-de-monte-carlo\/","title":{"rendered":"Orchestre Philharmonique de Monte Carlo"},"content":{"rendered":"<p>Wieczorny koncert w Teatrze Wielkim \u2013 Operze Narodowej zapowiada\u0142 si\u0119 bardzo atrakcyjnie. Wykonawcy, Orchestre Philharmonique de Monte Carlo pod dyrekcj\u0105 Yakova Kreitzberga i pianista Lars Vogt, mieli wykona\u0107 dwie symfonie Schuberta przedzielone <i>I Koncertem fortepianowym g-moll <\/i>Mendelssohna.<br \/>\nYakov Kreitzberg pojawi\u0142 si\u0119 na estradzie w eleganckim garniturze, b\u0119d\u0105cym \u015bmia\u0142\u0105 pr\u00f3b\u0105 zerwania z frakiem, wci\u0105\u017c jeszcze obowi\u0105zuj\u0105cym, kr\u0119puj\u0105cym i do\u015b\u0107 anachronicznym spadkiem po romantyzmie. Dyrygent prowadzi\u0142 orkiestr\u0119 stosuj\u0105c niezwykle oszcz\u0119dny gest, osi\u0105gaj\u0105c pe\u0142ni\u0119 kontroli nad wszystkimi elementami wykonania. Precyzja rytmiczna by\u0142a na poziomie zespo\u0142u kameralnego, a p\u0142ynno\u015b\u0107 zmian agogicznych i dynamicznych sprawia\u0142a wr\u0119cz wra\u017cenie, jakby wszystko wykonywa\u0142a jedna tylko osoba. Maj\u0105c do dyspozycji takie mo\u017cliwo\u015bci, Kreitzberg poprowadzi\u0142 obie Schubertowskie symfonie (<i>h-moll<\/i> \u2013 <i>\u201eNiedoko\u0144czon\u0105\u201d<\/i> oraz <i>C-dur \u2013 \u201eWielk\u0105\u201d<\/i>) bardzo przekonuj\u0105co. Cz\u0119\u015b\u0107 powolna w <i>Symfonii C-dur<\/i> by\u0142a ze smakiem zagrana przez sekcj\u0119 drzewa, precyzyjnie intonacyjnie i z w\u0142a\u015bciwie dobranymi proporcjami brzmienia w zespole. Rogi przesz\u0142y magiczn\u0105 przemian\u0119 podczas przerwy \u2013 w pierwszej cz\u0119\u015bci wieczoru by\u0142y zupe\u0142nie obok, po przerwie natomiast by\u0142o ju\u017c znacznie czy\u015bciej.<br \/>\n\u015awietna jako\u015b\u0107 wykonania zapewni\u0142a utrzymanie uwagi s\u0142uchaczy w trakcie ca\u0142ej podr\u00f3\u017cy przez Schubertowskie \u201eniebia\u0144skie przestrzenie\u201d. Bardzo udana interpretacja.<br \/>\nNajja\u015bniejszym punktem wieczoru by\u0142o jednak wykonanie <i>I Koncertu fortepianowego<\/i> Mendelssohna. To urocze dzie\u0142o \u2013 melodyjne, b\u0142yskotliwe i pe\u0142ne energii. M\u0142ody Mendelssohn zrobi\u0142 tu wszystko po swojemu, dzie\u0142o zatem pe\u0142ne jest niezwyk\u0142ych pomys\u0142\u00f3w formalnych i technicznych. Znakomite s\u0105 rozwi\u0105zania wsp\u00f3\u0142dzia\u0142ania fortepianu z orkiestr\u0105, jakie niecz\u0119sto si\u0119 spotyka w dzie\u0142ach ze standardowego repertuaru. Sam <i>Koncert <\/i>cieszy\u0142 si\u0119 niezwyk\u0142\u0105 popularno\u015bci\u0105 w XIX wieku. Po\u017c\u0105danym by\u0142oby, gdyby podobnie mia\u0142o si\u0119 sta\u0107 w naszych czasach.<br \/>\nWyst\u0119puj\u0105cy w roli pianisty Lars Vogt pokaza\u0142 b\u0142yskotliw\u0105 technik\u0119, \u0142\u0105cz\u0105c dojrza\u0142o\u015b\u0107 interpretacji z m\u0142odzie\u0144cz\u0105 energi\u0105. Doskonale panowa\u0142 nad ka\u017cdym aspektem wykonania, precyzyjnie nadaj\u0105c muzyczny sens ka\u017cdej nucie. By\u0142a w tym kultura, brawura, wirtuozeria, wdzi\u0119k i humor. Fragmenty wirtuozowskie sprawia\u0142y najwyra\u017aniej wielk\u0105 przyjemno\u015b\u0107 samemu piani\u015bcie, a jego wsp\u00f3\u0142dzia\u0142anie z orkiestr\u0105 i dyrygentem by\u0142o po prostu modelowe. To wykonanie bez w\u0105tpienia przejdzie do anna\u0142\u00f3w jako jeden z najja\u015bniejszych punkt\u00f3w tegorocznego Festiwalu.<\/p>\n<p>Krzysztof Komarnicki<\/p>","protected":false},"excerpt":{"rendered":"<p>Wieczorny koncert w Teatrze Wielkim \u2013 Operze Narodowej zapowiada\u0142 si\u0119 bardzo atrakcyjnie. Wykonawcy, Orchestre Philharmonique de Monte Carlo pod dyrekcj\u0105 Yakova Kreitzberga i pianista Lars Vogt, mieli wykona\u0107 dwie symfonie Schuberta przedzielone I Koncertem fortepianowym g-moll Mendelssohna. Yakov Kreitzberg pojawi\u0142 si\u0119 na estradzie w eleganckim garniturze, b\u0119d\u0105cym \u015bmia\u0142\u0105 pr\u00f3b\u0105 zerwania z frakiem, wci\u0105\u017c jeszcze obowi\u0105zuj\u0105cym, [&hellip;]<\/p>\n","protected":false},"author":2,"featured_media":0,"parent":0,"menu_order":0,"comment_status":"closed","ping_status":"closed","template":"","meta":{"footnotes":""},"class_list":["post-334","page","type-page","status-publish","hentry"],"_links":{"self":[{"href":"https:\/\/beethoven.org.pl\/recenzje\/wp-json\/wp\/v2\/pages\/334","targetHints":{"allow":["GET"]}}],"collection":[{"href":"https:\/\/beethoven.org.pl\/recenzje\/wp-json\/wp\/v2\/pages"}],"about":[{"href":"https:\/\/beethoven.org.pl\/recenzje\/wp-json\/wp\/v2\/types\/page"}],"author":[{"embeddable":true,"href":"https:\/\/beethoven.org.pl\/recenzje\/wp-json\/wp\/v2\/users\/2"}],"replies":[{"embeddable":true,"href":"https:\/\/beethoven.org.pl\/recenzje\/wp-json\/wp\/v2\/comments?post=334"}],"version-history":[{"count":1,"href":"https:\/\/beethoven.org.pl\/recenzje\/wp-json\/wp\/v2\/pages\/334\/revisions"}],"predecessor-version":[{"id":335,"href":"https:\/\/beethoven.org.pl\/recenzje\/wp-json\/wp\/v2\/pages\/334\/revisions\/335"}],"wp:attachment":[{"href":"https:\/\/beethoven.org.pl\/recenzje\/wp-json\/wp\/v2\/media?parent=334"}],"curies":[{"name":"wp","href":"https:\/\/api.w.org\/{rel}","templated":true}]}}