{"id":326,"date":"2009-04-04T18:01:34","date_gmt":"2009-04-04T16:01:34","guid":{"rendered":"http:\/\/dev.yoho.pl\/beethoven\/recenzje\/?page_id=326"},"modified":"2016-12-19T18:02:51","modified_gmt":"2016-12-19T17:02:51","slug":"hoffmeister-bottesini-beethoven","status":"publish","type":"page","link":"https:\/\/beethoven.org.pl\/recenzje\/hoffmeister-bottesini-beethoven\/","title":{"rendered":"Hoffmeister &#8211; Bottesini &#8211; Beethoven"},"content":{"rendered":"<p>Sobotni koncert kameralny po\u015bwi\u0119cony zosta\u0142 dzie\u0142om na do\u015b\u0107 nietypowe sk\u0142ady instrumentalne. Kontrabas mia\u0142 rol\u0119 wiod\u0105c\u0105 w pierwszej cz\u0119\u015bci programu, za\u015b w drugiej us\u0142yszeli\u015bmy ciekawe zestawienie instrument\u00f3w d\u0119tych i smyczkowych.<br \/>\nFranz Anton Hoffmeister pami\u0119tany jest dzisiaj jako wydawca, natomiast jako kompozytor jest zupe\u0142nie zapoznany. Niezbyt to sprawiedliwy wyrok historii, o ile mo\u017cna tak stwierdzi\u0107 po zapoznaniu si\u0119 z jednym tylko dzie\u0142em. <i>Solo-Quartett D-dur <\/i>na kontrabas i trio smyczkowe to dzie\u0142o bardzo przyjemne w odbiorze, \u015bwietnie skomponowane i pe\u0142ne inwencji melodycznej. Partia kontrabasu, traktowanego solowo, zawiera\u0142a wi\u0119c \u015bpiewne melodie i wirtuozowskie pasa\u017ce, przy czym kompozytorowi uda\u0142o si\u0119 zachowa\u0107 w\u0142a\u015bciwe proporcje, tak, aby wirtuozeria nie przes\u0142ania\u0142a muzycznego sensu. W r\u0119kach Jerzego Dyba\u0142a kontrabas zdaje si\u0119 nie mie\u0107 \u017cadnych ogranicze\u0144. \u0141amane akordy, d\u017awi\u0119ki w najwy\u017cszym rejestrze, fla\u017colety naturalne i sztuczne \u2013 wszystko wykonywane by\u0142o z najwi\u0119ksz\u0105 \u0142atwo\u015bci\u0105 i precyzj\u0105. Podobnie by\u0142o w duecie Bottesiniego, gdy do kontrabasisty do\u0142\u0105czy\u0142 graj\u0105cy na klarnecie Michel Lethiec, a towarzysz\u0105ce trio zosta\u0142o powi\u0119kszone do kwartetu.<br \/>\nChocia\u017c Bottesini urodzi\u0142 si\u0119 po \u015bmierci Hoffmeistra, trudno by\u0142o odczu\u0107 zmian\u0119 muzycznej epoki, jaka w mi\u0119dzyczasie nast\u0105pi\u0142a. Na szcz\u0119\u015bcie, z perspektywy czasu, nie ma to najmniejszego znaczenia. Interesuje nas jedynie, czy dana muzyka jest z\u0142a czy dobra. A <i>Duo concertante<\/i> Bottesiniego to dobra muzyka, \u015bwietnie zachowuj\u0105ca proporcje mi\u0119dzy obiema partiami solowymi. Wykonanie by\u0142o pe\u0142ne energii i humoru. Komunikacja mi\u0119dzy muzykami by\u0142a znakomita. Szkoda jedynie, \u017ce muzycy kwartetu nie zawsze byli w stanie pod\u0105\u017cy\u0107 za kontrabasist\u0105 w d\u00f3\u0142 skali dynamicznej. A kontrabasowe piano jest niesamowite \u2013 jaka\u017c czysto\u015b\u0107 d\u017awi\u0119ku na samej granicy s\u0142yszalno\u015bci!<br \/>\nW drugiej cz\u0119\u015bci koncertu us\u0142yszeli\u015bmy s\u0142awny <i>Septet Es-dur<\/i> Ludwika van Beethovena na skrzypce, alt\u00f3wk\u0119, wiolonczel\u0119 i kontrabas uzupe\u0142nione klarnetem, fagotem i waltorni\u0105. Dzie\u0142o to dostarczy\u0142o s\u0142uchaczom wiele rado\u015bci. Wykonawcy oddali si\u0119 pasji kameralnego muzykowania, zachowuj\u0105c odpowiednie proporcje pomi\u0119dzy partiami i przekonuj\u0105co oddaj\u0105c zmienne nastroje tej muzyki. Prawdziw\u0105 zagadka by\u0142o jednak potraktowanie znak\u00f3w repetycji. Wszystkie zosta\u0142y uwzgl\u0119dnione w wykonaniu, poza powt\u00f3rzeniem ekspozycji pierwszej cz\u0119\u015bci formy sonatowej. Niewyt\u0142umaczalne przeoczenie.<br \/>\nNie zwa\u017caj\u0105c na to, publiczno\u015b\u0107 da\u0142a si\u0119 oczarowa\u0107 wykonawcom. <i>Menuet <\/i>z <i>Septetu <\/i>zosta\u0142 powt\u00f3rzony raz jeszcze, jako bis.<\/p>\n<p>Krzysztof Komarnicki<\/p>","protected":false},"excerpt":{"rendered":"<p>Sobotni koncert kameralny po\u015bwi\u0119cony zosta\u0142 dzie\u0142om na do\u015b\u0107 nietypowe sk\u0142ady instrumentalne. Kontrabas mia\u0142 rol\u0119 wiod\u0105c\u0105 w pierwszej cz\u0119\u015bci programu, za\u015b w drugiej us\u0142yszeli\u015bmy ciekawe zestawienie instrument\u00f3w d\u0119tych i smyczkowych. Franz Anton Hoffmeister pami\u0119tany jest dzisiaj jako wydawca, natomiast jako kompozytor jest zupe\u0142nie zapoznany. Niezbyt to sprawiedliwy wyrok historii, o ile mo\u017cna tak stwierdzi\u0107 po zapoznaniu [&hellip;]<\/p>\n","protected":false},"author":2,"featured_media":0,"parent":0,"menu_order":0,"comment_status":"closed","ping_status":"closed","template":"","meta":{"footnotes":""},"class_list":["post-326","page","type-page","status-publish","hentry"],"_links":{"self":[{"href":"https:\/\/beethoven.org.pl\/recenzje\/wp-json\/wp\/v2\/pages\/326","targetHints":{"allow":["GET"]}}],"collection":[{"href":"https:\/\/beethoven.org.pl\/recenzje\/wp-json\/wp\/v2\/pages"}],"about":[{"href":"https:\/\/beethoven.org.pl\/recenzje\/wp-json\/wp\/v2\/types\/page"}],"author":[{"embeddable":true,"href":"https:\/\/beethoven.org.pl\/recenzje\/wp-json\/wp\/v2\/users\/2"}],"replies":[{"embeddable":true,"href":"https:\/\/beethoven.org.pl\/recenzje\/wp-json\/wp\/v2\/comments?post=326"}],"version-history":[{"count":1,"href":"https:\/\/beethoven.org.pl\/recenzje\/wp-json\/wp\/v2\/pages\/326\/revisions"}],"predecessor-version":[{"id":327,"href":"https:\/\/beethoven.org.pl\/recenzje\/wp-json\/wp\/v2\/pages\/326\/revisions\/327"}],"wp:attachment":[{"href":"https:\/\/beethoven.org.pl\/recenzje\/wp-json\/wp\/v2\/media?parent=326"}],"curies":[{"name":"wp","href":"https:\/\/api.w.org\/{rel}","templated":true}]}}