{"id":317,"date":"2009-04-01T10:50:41","date_gmt":"2009-04-01T08:50:41","guid":{"rendered":"http:\/\/dev.yoho.pl\/beethoven\/recenzje\/?page_id=317"},"modified":"2016-12-19T17:56:45","modified_gmt":"2016-12-19T16:56:45","slug":"leipziger-streichquartett-wieczor-drugi","status":"publish","type":"page","link":"https:\/\/beethoven.org.pl\/recenzje\/leipziger-streichquartett-wieczor-drugi\/","title":{"rendered":"Leipziger Streichquartett &#8211; wiecz\u00f3r drugi"},"content":{"rendered":"<p>Jak\u017ce zazdroszcz\u0119 tym, kt\u00f3rzy byli na dzisiejszym koncercie Leipziger Streichquartett i nie musz\u0105 o tym pisa\u0107! Mog\u0105 zachowa\u0107 naj\u017cywsze wspomnienia o doskona\u0142ym brzmieniu tego zespo\u0142u oraz o wspania\u0142o\u015bci Beethovenowskich arcydzie\u0142, ale nie musz\u0105 walczy\u0107 ze s\u0142owami w skazanych na pora\u017ck\u0119 usi\u0142owaniach wyra\u017cenia tego, co zdolna jest wyrazi\u0107 jedynie muzyka.<br \/>\nNa program koncertu z\u0142o\u017cy\u0142y si\u0119: <i>Kwartet D-dur <\/i>op. 18 nr 3, <i>Wielka fuga B-dur<\/i> op. 133 oraz <i>Kwartet cis-moll<\/i> op. 131. Pierwsze dzie\u0142o oddane zosta\u0142o z godn\u0105 podziwu zr\u0119czno\u015bci\u0105 w \u0142\u0105czeniu rado\u015bci i powagi, kt\u00f3re zawsze s\u0142u\u017cy\u0142y budowaniu muzycznej dramaturgii. Wyczucie formy muzycznej emanowa\u0142o zar\u00f3wno ze szczeg\u00f3\u0142\u00f3w jak i z ca\u0142o\u015bci wykonania. Z najwy\u017cszym uznaniem trzeba podkre\u015bli\u0107, \u017ce muzycy Lipskiego Kwartetu uszanowali wszystkie znaki repetycji i zrealizowali owe dyspozycje w spos\u00f3b idealny. Tak jak humor i powaga obecne s\u0105 w grze zespo\u0142u, tak wiedza oraz instynkt odgrywaj\u0105 kluczow\u0105 rol\u0119 w ich podej\u015bciu do wykonywanych dzie\u0142.<br \/>\nPo tak udanym pocz\u0105tku wieczoru us\u0142yszeli\u015bmy <i>Wielk\u0105 fug\u0119 B-dur<\/i>. To wymagaj\u0105ce &#8211; r\u00f3wnie wiele od wykonawc\u00f3w co od s\u0142uchaczy \u2013 dzie\u0142o zosta\u0142o zagrane znakomicie. Czytelno\u015b\u0107 kontrapunktuj\u0105cych si\u0119 wzajemnie linii wsparta zosta\u0142a idealnym zgraniem i czysto\u015bci\u0105 wsp\u00f3\u0142brzmie\u0144. Trudno sobie wyobrazi\u0107 lepsze wykonanie.<br \/>\nWszystkie zalety zespo\u0142u ujawni\u0142y si\u0119 raz jeszcze tego wieczoru w <i>Kwartecie cis-moll<\/i> op. 131. Muzycy Lipskiego Kwartetu znakomicie poprowadzili s\u0142uchaczy przez meandry mozaikowej budowy tego dzie\u0142a, z\u0142o\u017conego z siedmiu bardzo zr\u00f3\u017cnicowanych ogniw.<br \/>\nWykonanie by\u0142o bez zarzutu, czemu s\u0142u\u017cy\u0142a \u015bwietna technika i niemal doskona\u0142a intonacja. Brzmienie Kwartetu by\u0142o czaruj\u0105ce, a rado\u015b\u0107 muzykowania udziela\u0142a si\u0119 publiczno\u015bci. Wykonanie zosta\u0142o przyj\u0119te gor\u0105cymi brawami, przy czym publiczno\u015b\u0107 warszawska dokona\u0142a odkrycia nowej formy wyra\u017cania uznania wykonawcom, kt\u00f3r\u0105 nazwa\u0142bym run-out ovation. Ledwie ucicha\u0142a ostatnia nuta <i>Kwartetu cis-moll<\/i>, a publiczno\u015b\u0107 zerwa\u0142a si\u0119 z miejsc i rzuci\u0142a do wyj\u015bcia, nie przerywaj\u0105c wszak\u017ce energicznego klaskania. Rzut oka na zegarek przyni\u00f3s\u0142 wyja\u015bnienie tego zachowania. By\u0142o pi\u0119\u0107 po si\u00f3dmej, a o wp\u00f3\u0142 do \u00f3smej zaczyna\u0142 si\u0119 ju\u017c kolejny koncert w sali Filharmonii Narodowej.<br \/>\nPozosta\u0142y jeszcze dwa <i>Kwartety<\/i> z op. 18, kt\u00f3re nie by\u0142y dot\u0105d wykonane przez Leipziger Streichquartett w Warszawie. Z niecierpliwo\u015bci\u0105 wi\u0119c czekam na przysz\u0142oroczne koncerty tego znakomitego zespo\u0142u podczas 14. Wielkanocnego Festiwalu Ludwika van Beethovena!<\/p>\n<p>Krzysztof Komarnicki<\/p>","protected":false},"excerpt":{"rendered":"<p>Jak\u017ce zazdroszcz\u0119 tym, kt\u00f3rzy byli na dzisiejszym koncercie Leipziger Streichquartett i nie musz\u0105 o tym pisa\u0107! Mog\u0105 zachowa\u0107 naj\u017cywsze wspomnienia o doskona\u0142ym brzmieniu tego zespo\u0142u oraz o wspania\u0142o\u015bci Beethovenowskich arcydzie\u0142, ale nie musz\u0105 walczy\u0107 ze s\u0142owami w skazanych na pora\u017ck\u0119 usi\u0142owaniach wyra\u017cenia tego, co zdolna jest wyrazi\u0107 jedynie muzyka. Na program koncertu z\u0142o\u017cy\u0142y si\u0119: Kwartet [&hellip;]<\/p>\n","protected":false},"author":2,"featured_media":0,"parent":0,"menu_order":0,"comment_status":"closed","ping_status":"closed","template":"","meta":{"footnotes":""},"class_list":["post-317","page","type-page","status-publish","hentry"],"_links":{"self":[{"href":"https:\/\/beethoven.org.pl\/recenzje\/wp-json\/wp\/v2\/pages\/317","targetHints":{"allow":["GET"]}}],"collection":[{"href":"https:\/\/beethoven.org.pl\/recenzje\/wp-json\/wp\/v2\/pages"}],"about":[{"href":"https:\/\/beethoven.org.pl\/recenzje\/wp-json\/wp\/v2\/types\/page"}],"author":[{"embeddable":true,"href":"https:\/\/beethoven.org.pl\/recenzje\/wp-json\/wp\/v2\/users\/2"}],"replies":[{"embeddable":true,"href":"https:\/\/beethoven.org.pl\/recenzje\/wp-json\/wp\/v2\/comments?post=317"}],"version-history":[{"count":1,"href":"https:\/\/beethoven.org.pl\/recenzje\/wp-json\/wp\/v2\/pages\/317\/revisions"}],"predecessor-version":[{"id":318,"href":"https:\/\/beethoven.org.pl\/recenzje\/wp-json\/wp\/v2\/pages\/317\/revisions\/318"}],"wp:attachment":[{"href":"https:\/\/beethoven.org.pl\/recenzje\/wp-json\/wp\/v2\/media?parent=317"}],"curies":[{"name":"wp","href":"https:\/\/api.w.org\/{rel}","templated":true}]}}