{"id":313,"date":"2009-03-31T17:25:52","date_gmt":"2009-03-31T15:25:52","guid":{"rendered":"http:\/\/dev.yoho.pl\/beethoven\/recenzje\/?page_id=313"},"modified":"2016-12-19T17:26:53","modified_gmt":"2016-12-19T16:26:53","slug":"leipziger-streichquartett","status":"publish","type":"page","link":"https:\/\/beethoven.org.pl\/recenzje\/leipziger-streichquartett\/","title":{"rendered":"Leipziger Streichquartett"},"content":{"rendered":"<p>Leipziger Streichquartett nie po raz pierwszy go\u015bci\u0142 na Festiwalu Ludwiga van Beethovena. W roku ubieg\u0142ym, podczas dw\u00f3ch koncert\u00f3w, niemieccy muzycy wykonali sze\u015b\u0107 dzie\u0142 patrona Festiwalu, po dwa z opus\u00f3w 18 i 59 oraz kwartety ostatnie \u2013 opus 135 i 130. W tym \u2013 kwartetowego maratonu i \u201ezderze\u0144\u201d dzie\u0142 Beethovena z lat 1800 i 1806 nast\u0105pi\u0142 ci\u0105g dalszy. Trzeba wyra\u017anie podkre\u015bli\u0107, \u017ce warszawska publiczno\u015b\u0107 akurat do nurtu koncert\u00f3w kameralnych Festiwalu ma bardzo wiele szcz\u0119\u015bcia, a ten zesp\u00f3\u0142 to absolutna per\u0142a w koronie wykonawc\u00f3w muzyki <i>da camera<\/i> na cztery instrumenty smyczkowe. Jednocze\u015bnie chyl\u0119 czo\u0142a przed wyzwaniem, kt\u00f3re Lipski Kwartet podj\u0105\u0142 i konsekwentnie w Warszawie realizuje, bo nie ka\u017cdy wykonawca daje si\u0119 skusi\u0107 na prezentacj\u0119 bardzo wymagaj\u0105cych, monograficznych program\u00f3w. Poprzeczka w takich wypadkach zawieszona jest niezwykle wysoko, a od r\u00f3\u017cnorakich raf czyhaj\u0105cych na muzyk\u00f3w a\u017c si\u0119 roi. Takie koncerty s\u0105 bardzo wymagaj\u0105ce, \u0142atwo przecie\u017c popa\u015b\u0107 w rutyn\u0119, z zasady nale\u017cy unika\u0107 powielania w\u0142asnych pomys\u0142\u00f3w, powtarzania interpretacyjnych rozwi\u0105za\u0144 czy wykonawczych chwyt\u00f3w. Szcz\u0119\u015bliwie Leipziger Streichquartett bardzo dobrze potrafi owe rafy omija\u0107 i bezpiecznie \u017ceglowa\u0107 po \u201eburzliwych wodach\u201d dzie\u0142 Wielkiego Ludwika.<\/p>\n<p>Podczas pierwszego ze swych tegorocznych koncert\u00f3w muzycy jeszcze raz udowodnili, \u017ce materia dw\u00f3ch, kluczowych chyba kwartetowych opus\u00f3w Beethovena, nie ma dla nich tajemnic. Dwa dzie\u0142a \u2013 <i>Kwartet F-dur <\/i>op. 18 nr 1 (okrzykni\u0119ty notabene przez Louisa Spohra za \u201eklasyczny idea\u0142 kwartetu\u201d) i <i>Kwartet F-dur<\/i> op. 59 nr 1, dzieli oko\u0142o 6-7 lat, ale s\u0105 to dwa r\u00f3\u017cne artystyczne \u015bwiaty. Pierwszy, ju\u017c przez wsp\u00f3\u0142czesnych uznany za utw\u00f3r niezwykle trudny \u2013 zapatrzony jest jeszcze w dokonania \u201eojca gatunku\u201d J\u00f3zefa Haydna; drugi \u2013 dor\u00f3wnuj\u0105cy niemal rozmiarami <i>Eroice<\/i> \u2013 mo\u017cna uzna\u0107 za prekursorskie spojrzenie w muzyczn\u0105 przysz\u0142o\u015b\u0107, pierwszy krok na drodze, kt\u00f3ra doprowadzi Beethovena do kwartet\u00f3w ostatnich i <i>Wielkiej fugi<\/i> B-dur.<\/p>\n<p>R\u00f3\u017cnica w interpretacyjnym podej\u015bciu do obu dzie\u0142 uchwytna by\u0142a od razu. Zesp\u00f3\u0142 z Lipska \u015bwietnie odmieni\u0142 swoje brzmienie: Kwartet F-dur op. 18 wydawa\u0142 si\u0119 \u201el\u017cejszy\u201d, bardziej potoczysty, nast\u0119pny masywniejszy i bardziej nasycony, co nie oznacza, \u017ce ci\u0119\u017cszy, bo wszelkie detale i niuanse faktury by\u0142y jak najbardziej podkre\u015blone i respektowane. Leipziger Streichquartett jest zespo\u0142em, kt\u00f3ry doskonale panuje nad dramaturgi\u0105, pomys\u0142y jej przeprowadzenia ma doskonale przemy\u015blane, a co wa\u017cniejsze, realizuje je z perfekcyjn\u0105 konsekwencj\u0105. Najlepszy przyk\u0142ad stanowi\u0142o <i>Allegretto vivace e sempre <\/i><i>scherzando <\/i>(cz\u0119\u015b\u0107 druga <i>Kwartetu F-dur<\/i> z op. 59) \u2013 rozpi\u0119ta gdzie\u015b mi\u0119dzy krotochwilnym \u017cartem i patosem, ale w \u017cadnym momencie nie przerysowana. R\u00f3\u017cnic i kontrast\u00f3w, dialog\u00f3w i \u015bwietnego zespo\u0142owego wsp\u00f3\u0142dzia\u0142ania, burzliwych kulminacji i moment\u00f3w g\u0142\u0119bokiego liryzmu \u2013 takich chwil podczas tego koncertu by\u0142o co niemiara. O perfekcyjnej technice i niemal nieskazitelnej intonacji (z nieistotnymi wyj\u0105tkami) wspomina\u0107 nie trzeba, bo Lipski Kwartet Smyczkowy jest zespo\u0142em z\u0142o\u017conym ze \u015bwietnych wirtuoz\u00f3w. Z wykonawczego skupienia nie by\u0142 w stanie wyrwa\u0107 czw\u00f3rki muzyk\u00f3w nawet zamkowy telefon, z uporem maniaka odzywaj\u0105cy si\u0119 g\u0142o\u015bnym dzwonkiem akurat w pauzach lirycznego <i>Adagio affettuoso<\/i> w pierwszej cz\u0119\u015bci koncertu (tusz\u0119, \u017ce to telefon zamkowy, bo nie chce mi si\u0119 wierzy\u0107, by kto\u015b nie wy\u0142\u0105czy\u0142 kom\u00f3rki).<\/p>\n<p>Marcin Majchrowski<br \/>\n(Polskie Radio)<\/p>\n<p>Ps. Na \u015brodowy koncert Leipziger Streichquartett (Zamek Kr\u00f3lewski, g. 17.00) \u2013 trzeba si\u0119 wybra\u0107 koniecznie. B\u0119dzie ci\u0105g dalszy niezapomnianych, kwartetowych wra\u017ce\u0144!<\/p>","protected":false},"excerpt":{"rendered":"<p>Leipziger Streichquartett nie po raz pierwszy go\u015bci\u0142 na Festiwalu Ludwiga van Beethovena. W roku ubieg\u0142ym, podczas dw\u00f3ch koncert\u00f3w, niemieccy muzycy wykonali sze\u015b\u0107 dzie\u0142 patrona Festiwalu, po dwa z opus\u00f3w 18 i 59 oraz kwartety ostatnie \u2013 opus 135 i 130. W tym \u2013 kwartetowego maratonu i \u201ezderze\u0144\u201d dzie\u0142 Beethovena z lat 1800 i 1806 nast\u0105pi\u0142 [&hellip;]<\/p>\n","protected":false},"author":2,"featured_media":0,"parent":0,"menu_order":0,"comment_status":"closed","ping_status":"closed","template":"","meta":{"footnotes":""},"class_list":["post-313","page","type-page","status-publish","hentry"],"_links":{"self":[{"href":"https:\/\/beethoven.org.pl\/recenzje\/wp-json\/wp\/v2\/pages\/313","targetHints":{"allow":["GET"]}}],"collection":[{"href":"https:\/\/beethoven.org.pl\/recenzje\/wp-json\/wp\/v2\/pages"}],"about":[{"href":"https:\/\/beethoven.org.pl\/recenzje\/wp-json\/wp\/v2\/types\/page"}],"author":[{"embeddable":true,"href":"https:\/\/beethoven.org.pl\/recenzje\/wp-json\/wp\/v2\/users\/2"}],"replies":[{"embeddable":true,"href":"https:\/\/beethoven.org.pl\/recenzje\/wp-json\/wp\/v2\/comments?post=313"}],"version-history":[{"count":1,"href":"https:\/\/beethoven.org.pl\/recenzje\/wp-json\/wp\/v2\/pages\/313\/revisions"}],"predecessor-version":[{"id":314,"href":"https:\/\/beethoven.org.pl\/recenzje\/wp-json\/wp\/v2\/pages\/313\/revisions\/314"}],"wp:attachment":[{"href":"https:\/\/beethoven.org.pl\/recenzje\/wp-json\/wp\/v2\/media?parent=313"}],"curies":[{"name":"wp","href":"https:\/\/api.w.org\/{rel}","templated":true}]}}