{"id":311,"date":"2009-03-30T17:23:41","date_gmt":"2009-03-30T15:23:41","guid":{"rendered":"http:\/\/dev.yoho.pl\/beethoven\/recenzje\/?page_id=311"},"modified":"2016-12-19T17:25:50","modified_gmt":"2016-12-19T16:25:50","slug":"mendelssohn-i-czajkowski","status":"publish","type":"page","link":"https:\/\/beethoven.org.pl\/recenzje\/mendelssohn-i-czajkowski\/","title":{"rendered":"Mendelssohn i Czajkowski"},"content":{"rendered":"<p>Natura i kultura, b\u0119d\u0105ce mottem tegorocznego festiwalu, by\u0142y r\u00f3wnie\u017c przewodnim motywem dzisiejszego koncertu. By\u0142o to oczywiste ju\u017c od pierwszych takt\u00f3w uwertury Hebrydy Mendelssohna. Sam utw\u00f3r, ilustruj\u0105cy rozmaite zjawiska przyrody, \u0142\u0105czy\u0142 w sobie oba w\u0105tki. Na estradzie kr\u00f3lowa\u0142 istny \u017cywio\u0142 m\u0142odzie\u0144czej energii, pasji oraz rado\u015bci gry, jaki zaprezentowali m\u0142odzi muzycy Orkiestry Akademii Beethovenowskiej. Doda\u0107 do tego nale\u017cy precyzj\u0119 rytmiczn\u0105 i klarowno\u015b\u0107 formy, bez w\u0105tpienia b\u0119d\u0105ce zas\u0142ug\u0105 dyrygenta, Micha\u0142a Dworzy\u0144skiego.<br \/>\nPo tak wspania\u0142ym pocz\u0105tku nadszed\u0142 czas na I Koncert fortepianowy Czajkowskiego. I zn\u00f3w festiwalowe motto by\u0142o jak najbardziej na miejscu. Wigorowi orkiestry przeciwstawiona zosta\u0142a wielka kompetencja i kultura wykonawcza Konstantina Scherbakova. Rygor rytmiczny i dobra wsp\u00f3\u0142praca wszystkich wykonawc\u00f3w zapewni\u0142y bardzo sp\u00f3jn\u0105 interpretacj\u0119 pierwszej cz\u0119\u015bci dzie\u0142a, nieustannie zmieniaj\u0105cej charakter i tempo. Bardzo \u0142adnie zabrzmia\u0142 pocz\u0105tek drugiej cz\u0119\u015bci, a trio by\u0142o pe\u0142ne humoru. Fina\u0142 koncertu zosta\u0142 wykonany brawurowo zar\u00f3wno przez solist\u0119 jak i orkiestr\u0119. Skandowane oklaski przywo\u0142a\u0142y Konstantina Scherbakova pi\u0119ciokrotnie, jednak bisu nie by\u0142o.<br \/>\nPo przerwie us\u0142yszeli\u015bmy 4 Interludia z opery Intermezzo Ryszarda Straussa. Fragmenty te stanowi\u0105 definicj\u0119 Straussowskiego \u201eSchwungu\u201d. Po raz kolejny m\u0142odzie\u0144cza natura muzyk\u00f3w zosta\u0142a ucywilizowana przez precyzj\u0119 rytmiczn\u0105 i staranne budowanie formy. Dworzy\u0144ski znakomicie przeprowadzi\u0142 zw\u0142aszcza drugie Interludium, \u015bwietnie doprowadzaj\u0105c do ekstatycznej kulminacji, by nast\u0119pnie wygasi\u0107 emocje. Dobrze uda\u0142o si\u0119 trzecie ogniwo z licznymi partiami solowymi. Strauss, podobnie jak Czajkowski, nigdy nie zapomnia\u0142 o efektownym i odpowiednio g\u0142o\u015bnym zako\u0144czeniu dzie\u0142a. R\u00f3wnie\u017c dzisiaj da\u0142o to spodziewany efekt. Jednak mimo bardzo przychylnego przyj\u0119cia przez publiczno\u015b\u0107 warszawsk\u0105, arty\u015bci nie zdecydowali si\u0119 na bisy.<br \/>\nOrkiestra Akademii Beethovenowskiej ma niew\u0105tpliwie ogromny potencja\u0142. Smyczki tworz\u0105 ju\u017c bardzo dobrze brzmi\u0105c\u0105 grup\u0119. Zastrze\u017cenia mo\u017cna mie\u0107 do czysto\u015bci akord\u00f3w w drzewie, st\u0105d o wiele lepiej wypada\u0142y partie solowe, ale te\u017c w\u0142a\u015bnie ustawienie brzmienia tej sekcji wymaga najwi\u0119cej pracy. Co stanie si\u0119 z tymi m\u0142odymi muzykami za lat kilka? Czy rozjad\u0105 si\u0119 po innych zespo\u0142ach? Zdecydowanie po\u017c\u0105danym by\u0142oby stworzenie temu zespo\u0142owi okazji do wsp\u00f3lnego zestarzenia si\u0119. Gdyby tak si\u0119 sta\u0142o, mieliby\u015bmy kolejn\u0105 znakomit\u0105 polsk\u0105 orkiestr\u0119.<\/p>\n<p>Krzysztof Komarnicki<\/p>","protected":false},"excerpt":{"rendered":"<p>Natura i kultura, b\u0119d\u0105ce mottem tegorocznego festiwalu, by\u0142y r\u00f3wnie\u017c przewodnim motywem dzisiejszego koncertu. By\u0142o to oczywiste ju\u017c od pierwszych takt\u00f3w uwertury Hebrydy Mendelssohna. Sam utw\u00f3r, ilustruj\u0105cy rozmaite zjawiska przyrody, \u0142\u0105czy\u0142 w sobie oba w\u0105tki. Na estradzie kr\u00f3lowa\u0142 istny \u017cywio\u0142 m\u0142odzie\u0144czej energii, pasji oraz rado\u015bci gry, jaki zaprezentowali m\u0142odzi muzycy Orkiestry Akademii Beethovenowskiej. Doda\u0107 do tego [&hellip;]<\/p>\n","protected":false},"author":2,"featured_media":0,"parent":0,"menu_order":0,"comment_status":"closed","ping_status":"closed","template":"","meta":{"footnotes":""},"class_list":["post-311","page","type-page","status-publish","hentry"],"_links":{"self":[{"href":"https:\/\/beethoven.org.pl\/recenzje\/wp-json\/wp\/v2\/pages\/311","targetHints":{"allow":["GET"]}}],"collection":[{"href":"https:\/\/beethoven.org.pl\/recenzje\/wp-json\/wp\/v2\/pages"}],"about":[{"href":"https:\/\/beethoven.org.pl\/recenzje\/wp-json\/wp\/v2\/types\/page"}],"author":[{"embeddable":true,"href":"https:\/\/beethoven.org.pl\/recenzje\/wp-json\/wp\/v2\/users\/2"}],"replies":[{"embeddable":true,"href":"https:\/\/beethoven.org.pl\/recenzje\/wp-json\/wp\/v2\/comments?post=311"}],"version-history":[{"count":1,"href":"https:\/\/beethoven.org.pl\/recenzje\/wp-json\/wp\/v2\/pages\/311\/revisions"}],"predecessor-version":[{"id":312,"href":"https:\/\/beethoven.org.pl\/recenzje\/wp-json\/wp\/v2\/pages\/311\/revisions\/312"}],"wp:attachment":[{"href":"https:\/\/beethoven.org.pl\/recenzje\/wp-json\/wp\/v2\/media?parent=311"}],"curies":[{"name":"wp","href":"https:\/\/api.w.org\/{rel}","templated":true}]}}