{"id":257,"date":"2011-04-19T12:24:16","date_gmt":"2011-04-19T10:24:16","guid":{"rendered":"http:\/\/dev.yoho.pl\/beethoven\/recenzje\/?page_id=257"},"modified":"2016-12-19T12:24:55","modified_gmt":"2016-12-19T11:24:55","slug":"pasja-wedlug-sw-mateusza-19-kwietnia-19-30","status":"publish","type":"page","link":"https:\/\/beethoven.org.pl\/recenzje\/pasja-wedlug-sw-mateusza-19-kwietnia-19-30\/","title":{"rendered":"Pasja wed\u0142ug \u015bw. Mateusza &#8211; 19 kwietnia, 19.30"},"content":{"rendered":"<p>Jednym z najwa\u017cniejszych obszar\u00f3w dzia\u0142alno\u015bci Wielkanocnych Festiwali Ludwiga van Beethovena jest promocja m\u0142odych talent\u00f3w. Umo\u017cliwienie wschodz\u0105cym gwiazdom wyst\u0119pu na wielkiej scenie ma ogromny walor promocyjny, a dla samych wykonawc\u00f3w stanowi niebagatelne do\u015bwiadczenie artystyczne. Wykonawcy nierzadko bywaj\u0105 naprawd\u0119 m\u0142odzi a do\u015bwiadczenie, jakie zdobywaj\u0105 \u2013 ogromne. Tak w\u0142a\u015bnie by\u0142o w przypadku Ch\u00f3ru Ch\u0142opi\u0119cego Filharmonii Wroc\u0142awskiej.<br \/>\nCh\u00f3r wyst\u0105pi\u0142 we wtorkowy wiecz\u00f3r, bior\u0105c udzia\u0142 w wykonani <i>Pasji wed\u0142ug \u015bw. Mateusza<\/i> Jana Sebastiana Bacha. M\u0142odo\u015b\u0107 odnosi si\u0119 nie tylko do wieku \u015bpiewak\u00f3w, ale r\u00f3wnie\u017c do zespo\u0142u jako ca\u0142o\u015bci, ch\u00f3r bowiem powsta\u0142 ledwie dwa lata temu. Przez ten kr\u00f3tki czas wykonana zosta\u0142a ogromna praca, kt\u00f3ra przynios\u0142a wspania\u0142e rezultaty. Ch\u0142opcy nie tylko \u015bpiewaj\u0105 czysto i precyzyjnie, ale przede wszystkim maj\u0105 ju\u017c wyra\u017ane, ch\u00f3ralne brzmienie. Wielka w tym niew\u0105tpliwie zas\u0142uga Ma\u0142gorzaty Podzielny, kt\u00f3ra pracuje z zespo\u0142em od samego pocz\u0105tku. Ch\u00f3r ch\u0142opi\u0119cy uzupe\u0142niali doro\u015bli ch\u00f3rzy\u015bci Ch\u00f3ru Filharmonii Wroc\u0142awskiej, tworz\u0105c razem zgrany zesp\u00f3\u0142.<br \/>\nInnym m\u0142odym zespo\u0142em na estradzie by\u0142a Wroc\u0142awska Orkiestra Barokowa, powsta\u0142a pi\u0119\u0107 lat temu grupa muzyk\u00f3w, graj\u0105cych na instrumentach historycznych, zwi\u0105zana z Filharmoni\u0105 Wroc\u0142awsk\u0105. Dla m\u0142odych, pe\u0142nych entuzjazmu muzyk\u00f3w, <i>Pasja wed\u0142ug \u015bw. Mateusza<\/i> by\u0142a wyzwaniem, nie tylko ze wzgl\u0119du na rozmiary dzie\u0142a, ale przede wszystkim z uwagi na jego zawarto\u015b\u0107 tre\u015bciow\u0105, stanowi\u0105c\u0105 niewyczerpane \u017ar\u00f3d\u0142o inspiracji dla pokole\u0144 wykonawc\u00f3w.<br \/>\nZesp\u00f3\u0142 nale\u017cy do nurtu wykona\u0144 historycznie poinformowanych. By\u0142o oczywiste z ka\u017cdej zagranej przez muzyk\u00f3w nuty, \u017ce przeczytali dziesi\u0105tki traktat\u00f3w i ksi\u0105\u017cek, \u017ce por\u00f3wnali sposoby smyczkowania z wielu o\u015brodk\u00f3w, poznali palcowania zalecane przez rozmaitych mistrz\u00f3w przesz\u0142o\u015bci. Na obecnym etapie rozwoju Orkiestry, jej wykonaniu brakuje jednak spontaniczno\u015bci i naturalno\u015bci, a przede wszystkim \u2013 osobistego podej\u015bcia. Niestety, wykonanie Bachowskiego arcydzie\u0142a szele\u015bci\u0142o papierem. Podr\u0119cznikowe regu\u0142ki by\u0142y czasem stosowane mechanicznie, bez g\u0142\u0119bszej refleksji nad celem zastosowanych przez Bacha \u015brodk\u00f3w. Jest to naturalny etap rozwoju ka\u017cdego muzyka i ka\u017cdego zespo\u0142u. Jeste\u015bmy przekonani, \u017ce wkr\u00f3tce nast\u0105pi etap kolejny: asymilacji wiedzy i wykorzystania do\u015bwiadcze\u0144, \u017ce wkr\u00f3tce Orkiestra b\u0119dzie w stanie wypracowa\u0107 w\u0142asne, odr\u0119bne podej\u015bcie do muzyki barokowej. B\u0119dziemy si\u0119 temu z zainteresowaniem przygl\u0105da\u0107.<br \/>\nSpo\u015br\u00f3d solist\u00f3w najwi\u0119kszy sukces odni\u00f3s\u0142 Nicholas Mulroy, znany z wykonywania partii Ewangelisty w obu Bachowskich pasjach. H\u00e5kan Vramsmo i Mariusz Godlewski mieli dobre momenty, podobnie jak mezzosopranistka Katie Bray. Interesuj\u0105cym aspektem wykonania by\u0142o powierzenie partii sopranu Agacie Zubel, wsp\u00f3\u0142czesnej kompozytorce i wokalistce, kojarzonej raczej z nurtem live electronics.<br \/>\nKrzysztof Komarnicki<br \/>\npolskieradio.pl<\/p>","protected":false},"excerpt":{"rendered":"<p>Jednym z najwa\u017cniejszych obszar\u00f3w dzia\u0142alno\u015bci Wielkanocnych Festiwali Ludwiga van Beethovena jest promocja m\u0142odych talent\u00f3w. Umo\u017cliwienie wschodz\u0105cym gwiazdom wyst\u0119pu na wielkiej scenie ma ogromny walor promocyjny, a dla samych wykonawc\u00f3w stanowi niebagatelne do\u015bwiadczenie artystyczne. Wykonawcy nierzadko bywaj\u0105 naprawd\u0119 m\u0142odzi a do\u015bwiadczenie, jakie zdobywaj\u0105 \u2013 ogromne. Tak w\u0142a\u015bnie by\u0142o w przypadku Ch\u00f3ru Ch\u0142opi\u0119cego Filharmonii Wroc\u0142awskiej. Ch\u00f3r wyst\u0105pi\u0142 [&hellip;]<\/p>\n","protected":false},"author":2,"featured_media":0,"parent":0,"menu_order":0,"comment_status":"closed","ping_status":"closed","template":"","meta":{"footnotes":""},"class_list":["post-257","page","type-page","status-publish","hentry"],"_links":{"self":[{"href":"https:\/\/beethoven.org.pl\/recenzje\/wp-json\/wp\/v2\/pages\/257","targetHints":{"allow":["GET"]}}],"collection":[{"href":"https:\/\/beethoven.org.pl\/recenzje\/wp-json\/wp\/v2\/pages"}],"about":[{"href":"https:\/\/beethoven.org.pl\/recenzje\/wp-json\/wp\/v2\/types\/page"}],"author":[{"embeddable":true,"href":"https:\/\/beethoven.org.pl\/recenzje\/wp-json\/wp\/v2\/users\/2"}],"replies":[{"embeddable":true,"href":"https:\/\/beethoven.org.pl\/recenzje\/wp-json\/wp\/v2\/comments?post=257"}],"version-history":[{"count":1,"href":"https:\/\/beethoven.org.pl\/recenzje\/wp-json\/wp\/v2\/pages\/257\/revisions"}],"predecessor-version":[{"id":258,"href":"https:\/\/beethoven.org.pl\/recenzje\/wp-json\/wp\/v2\/pages\/257\/revisions\/258"}],"wp:attachment":[{"href":"https:\/\/beethoven.org.pl\/recenzje\/wp-json\/wp\/v2\/media?parent=257"}],"curies":[{"name":"wp","href":"https:\/\/api.w.org\/{rel}","templated":true}]}}