{"id":226,"date":"2011-04-09T11:50:02","date_gmt":"2011-04-09T09:50:02","guid":{"rendered":"http:\/\/dev.yoho.pl\/beethoven\/recenzje\/?page_id=226"},"modified":"2016-12-19T11:51:36","modified_gmt":"2016-12-19T10:51:36","slug":"inauguracja-9-kwietnia-godz-19-30","status":"publish","type":"page","link":"https:\/\/beethoven.org.pl\/recenzje\/inauguracja-9-kwietnia-godz-19-30\/","title":{"rendered":"Inauguracja &#8211; 9 kwietnia, godz. 19.30"},"content":{"rendered":"<p>Program koncertu otwieraj\u0105cego 15. \u2013 jubileuszowy \u2013 Wielkanocny Festiwal Ludwiga van Beethovena obejmowa\u0142 tylko jedno dzie\u0142o, jedn\u0105 tylko symfoni\u0119, lecz tak monumentaln\u0105 i bogat\u0105, \u017ce starczy\u0142a w zupe\u0142no\u015bci za program wieczoru. Czy zreszt\u0105 mo\u017cliwe jest znalezienie utworu, mog\u0105cego stanowi\u0107 przeciwwag\u0119 dla <i>II Symfonii \u201eZmartwychwastanie\u201d <\/i>Mahlera? Chyba tylko pierwsze dzie\u0142o w tym gatunku, symfoni\u0119 \u201eTytan\u201d tego\u017c kompozytora. Jest bowiem <i>Druga <\/i>ideowym dope\u0142nieniem <i>Pierwszej<\/i>.<br \/>\nBogactwo <i>II Symfonii<\/i> ujawnia si\u0119 nie tylko w jej rozmiarach i liczbie pojawiaj\u0105cych si\u0119 w niej w\u0105tk\u00f3w muzycznych, ale r\u00f3wnie\u017c w odzywaj\u0105cych si\u0119 z estrady zupe\u0142nie wyra\u017anych zapo\u017cyczeniach, jakie znajdujemy w dzie\u0142ach kompozytor\u00f3w doby p\u00f3\u017aniejszej i to wszelkich gatunk\u00f3w orkiestrowych, od Johna Williamsa i Joaquina Rodrigo po muzyk\u0119 rozrywkow\u0105 naszych czas\u00f3w. Nic zreszt\u0105 dziwnego, mistrzostwo przebogatej instrumentacji zachwyca nawet dzi\u015b \u015bwie\u017co\u015bci\u0105 kolorytu, a przeplataj\u0105ce si\u0119 w\u0105tki wznios\u0142e i pospolite \u2013 \u015bwiadomie przez Mahlera wprowadzone \u2013 pozwalaj\u0105 zainspirowa\u0107 kompozytor\u00f3w najrozmaitszych kierunk\u00f3w.<br \/>\nMaestro Antoni Wit potwierdzi\u0142 swoj\u0105 pozycj\u0119 czo\u0142owego interpretatora Mahlera, kt\u00f3r\u0105 osi\u0105gn\u0105\u0142 dzi\u0119ki nagradzanym dokonaniom fonograficznym z udzia\u0142em Orkiestry Symfonicznej Filharmonii Narodowej, kt\u00f3r\u0105 r\u00f3wnie\u017c us\u0142yszeli\u015bmy w sobotni wiecz\u00f3r. Od pierwszego taktu zachwyca\u0142o wywa\u017cenie proporcji, starannie dopracowane piony akordowe, ostro\u015b\u0107 i precyzja rytmicznego konturu. Maj\u0105c do dyspozycji pot\u0119\u017cny aparat wykonawczy, Maestro Wit trzyma\u0142 wykonanie w ryzach, oszcz\u0119dnie gospodaruj\u0105c dynamik\u0105 \u2013 pot\u0119ga brzmienia ujawnia\u0142a si\u0119 w ca\u0142ej pe\u0142ni jedynie w starannie przemy\u015blanych kulminacjach.<br \/>\nTo w\u0142a\u015bnie wyrafinowana prostota w po\u0142\u0105czeniu z precyzj\u0105 pozwoli\u0142y dyrygentowi zbudowa\u0107 form\u0119 czyteln\u0105 i klarown\u0105, utrzyma\u0107 narracj\u0119 w momentach, gdy rytmiczne i melodyczne kontrapunkty zdaj\u0105 si\u0119 rozrywa\u0107 przebieg muzyczny na strz\u0119py. Precyzja rytmiczna da\u0142a wykonaniu r\u00f3wnie\u017c niezwyk\u0142\u0105 lekko\u015b\u0107, zw\u0142aszcza we fragmentach \u017cartobliwych, opartych na muzyce popularnej.<br \/>\nMahler wprowadzi\u0142, z powod\u00f3w ideowych, muzyk\u0119 trywialn\u0105 do swojej symfonii. To zabieg wielce ryzykowny. Cho\u0107 bez trudu mo\u017cna zrozumie\u0107, co autor chcia\u0142 przez powiedzie\u0107, to jednak s\u0142yszy si\u0119 czasem wykonania, w kt\u00f3rych trywialno\u015b\u0107 cytowanej muzyki popularnej pojawia si\u0119 nie na prawach cytatu, ale istoty dzie\u0142a, rozlewa si\u0119 na s\u0105siednie fragmenty, odbieraj\u0105c im moc wyrazu. Maestro Wit unikn\u0105\u0142 tej pu\u0142apki, uzyskuj\u0105c znakomity efekt wyrazowy w ka\u017cdym takcie dzie\u0142a. L\u00e4ndler w cz\u0119\u015bci drugiej by\u0142 arcydzie\u0142em szlachetnej zabawy.<br \/>\nNieod\u017ca\u0142owany Bohdan Pociej twierdzi\u0142, \u017ce muzyka Mahlera ma dar uwznio\u015blania nie tylko odbiorc\u00f3w, ale r\u00f3wnie\u017c samych wykonawc\u00f3w. T\u0119 uwag\u0119 mo\u017cna odnie\u015b\u0107 do znakomitych solistek wieczoru \u2013 Michaeli Kaune i, doskonale znanej warszawskiej publiczno\u015bci, Ekateriny Semenchuk. Ogromne wra\u017cenie zrobi\u0142 \u015bwietnie przygotowany Ch\u00f3r Filharmonii Narodowej (wielkie brawa dla Henryka Wojnarowskiego!), zw\u0142aszcza w poruszaj\u0105cym fragmencie <i>a capella<\/i>.<br \/>\n15 Wielkanocny Festiwal Ludwiga van Beethovena rozpocz\u0105\u0142 si\u0119 od mocnego akordu, od wieczoru b\u0119d\u0105cego triumfem wszystkich bez wyj\u0105tku wykonawc\u00f3w. Nie mo\u017cna sobie wymarzy\u0107 lepszego pocz\u0105tku.<br \/>\nKrzysztof Komarnicki<br \/>\n(polskieradio.pl)<\/p>","protected":false},"excerpt":{"rendered":"<p>Program koncertu otwieraj\u0105cego 15. \u2013 jubileuszowy \u2013 Wielkanocny Festiwal Ludwiga van Beethovena obejmowa\u0142 tylko jedno dzie\u0142o, jedn\u0105 tylko symfoni\u0119, lecz tak monumentaln\u0105 i bogat\u0105, \u017ce starczy\u0142a w zupe\u0142no\u015bci za program wieczoru. Czy zreszt\u0105 mo\u017cliwe jest znalezienie utworu, mog\u0105cego stanowi\u0107 przeciwwag\u0119 dla II Symfonii \u201eZmartwychwastanie\u201d Mahlera? Chyba tylko pierwsze dzie\u0142o w tym gatunku, symfoni\u0119 \u201eTytan\u201d tego\u017c [&hellip;]<\/p>\n","protected":false},"author":2,"featured_media":0,"parent":0,"menu_order":0,"comment_status":"closed","ping_status":"closed","template":"","meta":{"footnotes":""},"class_list":["post-226","page","type-page","status-publish","hentry"],"_links":{"self":[{"href":"https:\/\/beethoven.org.pl\/recenzje\/wp-json\/wp\/v2\/pages\/226","targetHints":{"allow":["GET"]}}],"collection":[{"href":"https:\/\/beethoven.org.pl\/recenzje\/wp-json\/wp\/v2\/pages"}],"about":[{"href":"https:\/\/beethoven.org.pl\/recenzje\/wp-json\/wp\/v2\/types\/page"}],"author":[{"embeddable":true,"href":"https:\/\/beethoven.org.pl\/recenzje\/wp-json\/wp\/v2\/users\/2"}],"replies":[{"embeddable":true,"href":"https:\/\/beethoven.org.pl\/recenzje\/wp-json\/wp\/v2\/comments?post=226"}],"version-history":[{"count":1,"href":"https:\/\/beethoven.org.pl\/recenzje\/wp-json\/wp\/v2\/pages\/226\/revisions"}],"predecessor-version":[{"id":227,"href":"https:\/\/beethoven.org.pl\/recenzje\/wp-json\/wp\/v2\/pages\/226\/revisions\/227"}],"wp:attachment":[{"href":"https:\/\/beethoven.org.pl\/recenzje\/wp-json\/wp\/v2\/media?parent=226"}],"curies":[{"name":"wp","href":"https:\/\/api.w.org\/{rel}","templated":true}]}}