{"id":178,"date":"2013-03-21T10:24:18","date_gmt":"2013-03-21T09:24:18","guid":{"rendered":"http:\/\/dev.yoho.pl\/beethoven\/recenzje\/?page_id=178"},"modified":"2016-12-19T10:25:07","modified_gmt":"2016-12-19T09:25:07","slug":"podroz-w-niezwykla-kraine-21-marca-2013","status":"publish","type":"page","link":"https:\/\/beethoven.org.pl\/recenzje\/podroz-w-niezwykla-kraine-21-marca-2013\/","title":{"rendered":"Podr\u00f3\u017c w niezwyk\u0142\u0105 krain\u0119, 21 marca 2013"},"content":{"rendered":"<p>Kiedy ch\u00f3r zagrzmia\u0142 ze sceny trudno by\u0142o uwierzy\u0107, \u017ce to prawdziwy, \u017cywy, ludzki instrument. \u201eTe Deum\u201d i monumentalna IV Symfonia Es-dur \u201eRomantyczna\u201d Antona Brucknera zabrzmia\u0142y w Filharmonii Narodowej podczas 17. Wielkanocnego Festiwalu Ludwiga van Beethovena.<br \/>\nNa ten koncert czeka\u0142em od tygodni. W naszych filharmoniach, salach koncertowych czy ko\u015bcio\u0142ach rzadko si\u0119 bowiem zdarza us\u0142ysze\u0107 Brucknerowskie \u201eTe Deum\u201d, a ju\u017c bardzo rzadko &#8211; w dobrym wykonaniu. Nie rozczarowa\u0142em si\u0119. W czwartkowy wiecz\u00f3r na festiwalowej scenie pojawi\u0142a si\u0119 orkiestra Sinfonia Varsovia oraz Ch\u00f3r Opery i Filharmonii Podlaskiej pod batut\u0105 holenderskiego dyrygenta Huberta Soudanta.<br \/>\nKilka pierwszych d\u017awi\u0119k\u00f3w i si\u0142a brzmienia, a w\u0142a\u015bciwie grzmi\u0105cy powiew d\u017awi\u0119k\u00f3w rzuci\u0142 na kolana. Ale ta ogromna moc to nie jedyny, a w\u0142a\u015bciwie nie najwa\u017cniejszy element. Podlaski Ch\u00f3r zachwyca\u0142 przede wszystkim doskona\u0142\u0105 sp\u00f3jno\u015bci\u0105, jednorodnym brzmieniem i zrozumieniem idei tego dzie\u0142a. W dynamicznym forte fortissimo by\u0142 jak tn\u0105ce piorunami rozgniewane niebo, w chwilach gdy \u201eTe Deum\u201d przemienia\u0142o si\u0119 w skryt\u0105, intymn\u0105 modlitw\u0119 zwyczajnego cz\u0142owieka urzeka\u0142 delikatnym i natchnionym piano pianissimo. I nie wiem, czy ten ch\u00f3r nie by\u0142 dla mnie wi\u0119kszym objawieniem ni\u017c zaproszeni do udzia\u0142u w koncercie soli\u015bci. Tenor Charles Kim czy sopranistka Rebecca Evans \u015bpiewali bez zarzutu. Ma\u0142o tego &#8211; ich g\u0142osy znakomicie brzmia\u0142y w religijnej, acz pe\u0142nej skrajnych emocji kompozycji, a zw\u0142aszcza w pi\u0119knie wykonanych ansamblach z towarzyszeniem skrzypiec solo (znakomity koncertmistrz Sinfonii Varsovii). Ale to ch\u00f3r by\u0142 bohaterem i najwi\u0119ksz\u0105 gwiazd\u0105 wieczoru.<br \/>\nCzwartkowy koncert pozostanie te\u017c w pami\u0119ci za spraw\u0105 orkiestry. Prowadzona mocn\u0105 r\u0119ka przez Huberta Soudanta nie mia\u0142a w IV Symfonii chwili wytchnienia. Kompozytor nazwa\u0142 swe dzie\u0142o \u201eRomantische Symphonie\u201d i dopisa\u0142 do\u0144 niejako programowe idee. \u201e\u015aredniowieczne miasto \u2013 \u015bwit \u2013 z miejskich wie\u017c rozlegaj\u0105 si\u0119 poranne sygna\u0142y \u2013 bramy otwieraj\u0105 si\u0119 \u2013 na dumnych rumakach rycerze ruszaj\u0105 galopem w pole \u2013 otacza ich czar lasu \u2013 szum drzew i \u015bpiew ptak\u00f3w \u2013 i tak rozwija si\u0119 romantyczny obraz dalej. Scherzo to \u00bbPolowanie\u00ab, a jego Trio \u2013 \u00bbBiesiadna muzyka my\u015bliwych podczas przerwy w polowaniu\u00ab\u201d &#8211; t\u0142umaczy w katalogu programowym Stanis\u0142aw Kosz. Wystarczy\u0142o wi\u0119c zamkn\u0105\u0107 oczy by przenie\u015b\u0107 si\u0119 w t\u0119 niezwyk\u0142\u0105 krain\u0119, bo kapitalnie koncertuj\u0105ce rogi ju\u017c wzywa\u0142y do rozpocz\u0119cia polowania, za\u015b mistrzowskie poci\u0105gni\u0119cia smyczk\u00f3w, tryle i zwiewne melodie flet\u00f3w przywodzi\u0142y na my\u015bl \u015bwiergot le\u015bnych ptak\u00f3w.<br \/>\nUk\u0142adaj\u0105c program tego koncertu organizatorzy Wielkanocnego Festiwalu Ludwiga van Beethovena po\u0142\u0105czyli wielkie wokalno-instrumentalne dzie\u0142o, b\u0119d\u0105ce swoistym wyznaniem wiary Brucknera (napisa\u0142 je w podzi\u0119ce Panu Bogu za to, \u017ce bezpiecznie przeprowadzi\u0142 go przez cierpienia), z czysto instrumentaln\u0105 symfoni\u0105, kt\u00f3rej \u201eprogram\u201d dowodzi\u0107 mo\u017ce ch\u0119ci zbli\u017cenia si\u0119 kompozytora do bardziej przyziemnych, ludzkich spraw. Po\u0142\u0105czenie to nadzwyczaj ciekawe z historycznego punktu widzenia. Bruckner zmar\u0142 bowiem nie doko\u0144czywszy czwartej cz\u0119\u015bci IX Symfonii d-moll. Zamiast niej zwyk\u0142o si\u0119 wykonywa\u0107 w\u0142a\u015bnie \u201eTe Deum\u201d (za jego sugesti\u0105) jako Symfonii wokalno-instrumentalny fina\u0142. I dopiero jego wsp\u00f3\u0142czesna rekonstrukcja pozwoli\u0142a by pi\u0119kne \u201eTe Deum\u201d mog\u0142o zn\u00f3w zaistnie\u0107 jako autonomiczny utw\u00f3r i po blisko 150. latach przynie\u015b\u0107 kompozytorowi chwa\u0142\u0119. Nie bez powodu przecie\u017c nazywane jest najwspanialszym religijnym dokonaniem Antona Brucknera.<br \/>\nTomasz Handzlik<\/p>","protected":false},"excerpt":{"rendered":"<p>Kiedy ch\u00f3r zagrzmia\u0142 ze sceny trudno by\u0142o uwierzy\u0107, \u017ce to prawdziwy, \u017cywy, ludzki instrument. \u201eTe Deum\u201d i monumentalna IV Symfonia Es-dur \u201eRomantyczna\u201d Antona Brucknera zabrzmia\u0142y w Filharmonii Narodowej podczas 17. Wielkanocnego Festiwalu Ludwiga van Beethovena. Na ten koncert czeka\u0142em od tygodni. W naszych filharmoniach, salach koncertowych czy ko\u015bcio\u0142ach rzadko si\u0119 bowiem zdarza us\u0142ysze\u0107 Brucknerowskie \u201eTe [&hellip;]<\/p>\n","protected":false},"author":2,"featured_media":0,"parent":0,"menu_order":0,"comment_status":"closed","ping_status":"closed","template":"","meta":{"footnotes":""},"class_list":["post-178","page","type-page","status-publish","hentry"],"_links":{"self":[{"href":"https:\/\/beethoven.org.pl\/recenzje\/wp-json\/wp\/v2\/pages\/178","targetHints":{"allow":["GET"]}}],"collection":[{"href":"https:\/\/beethoven.org.pl\/recenzje\/wp-json\/wp\/v2\/pages"}],"about":[{"href":"https:\/\/beethoven.org.pl\/recenzje\/wp-json\/wp\/v2\/types\/page"}],"author":[{"embeddable":true,"href":"https:\/\/beethoven.org.pl\/recenzje\/wp-json\/wp\/v2\/users\/2"}],"replies":[{"embeddable":true,"href":"https:\/\/beethoven.org.pl\/recenzje\/wp-json\/wp\/v2\/comments?post=178"}],"version-history":[{"count":1,"href":"https:\/\/beethoven.org.pl\/recenzje\/wp-json\/wp\/v2\/pages\/178\/revisions"}],"predecessor-version":[{"id":179,"href":"https:\/\/beethoven.org.pl\/recenzje\/wp-json\/wp\/v2\/pages\/178\/revisions\/179"}],"wp:attachment":[{"href":"https:\/\/beethoven.org.pl\/recenzje\/wp-json\/wp\/v2\/media?parent=178"}],"curies":[{"name":"wp","href":"https:\/\/api.w.org\/{rel}","templated":true}]}}