{"id":142,"date":"2016-12-20T12:49:55","date_gmt":"2016-12-20T11:49:55","guid":{"rendered":"http:\/\/dev.yoho.pl\/beethoven\/recenzje\/?page_id=142"},"modified":"2016-12-21T13:15:34","modified_gmt":"2016-12-21T12:15:34","slug":"tomasz-handzlik-podboj-muzycznej-korony-europy-gazeta-wyborcza-krakow-22-09-2009","status":"publish","type":"page","link":"https:\/\/beethoven.org.pl\/recenzje\/tomasz-handzlik-podboj-muzycznej-korony-europy-gazeta-wyborcza-krakow-22-09-2009\/","title":{"rendered":"Tomasz Handzlik, Podb\u00f3j muzycznej korony Europy, Gazeta Wyborcza Krak\u00f3w, 22.09.2009"},"content":{"rendered":"<p>Prawdziwa eksplozja nast\u0105pi\u0142a po przerwie. Prowadz\u0105cy w Wiedniu Orkiestr\u0119 Akademii Beethovenowskiej dyrygent Pawe\u0142 Przytocki wbieg\u0142 na scen\u0119 i poderwa\u0142 zesp\u00f3\u0142 do grania, zanim jeszcze dobrze stan\u0105\u0142 na podium. (&#8230;) V symfonia c-moll op. 67 Ludwiga van Beethovena zagrzmia\u0142a niebywa\u0142\u0105 symfoniczn\u0105 si\u0142\u0105, a przy tym doskona\u0142\u0105 selektywno\u015bci\u0105 orkiestrowego brzmienia. Majestatyczne fanfary tr\u0105bek i puzon\u00f3w, zmys\u0142owe marszowe melodie smyczk\u00f3w i zn\u00f3w mocne, z\u0142owrogo brzmi\u0105ce okrzyki instrument\u00f3w d\u0119tych &#8211; w tym wykonaniu V Beethovena to by\u0142 po prostu fajerwerk. Co doceni\u0142a zreszt\u0105 publiczno\u015b\u0107, nagradzaj\u0105c m\u0142odych muzyk\u00f3w d\u0142ugimi owacjami.<\/p>","protected":false},"excerpt":{"rendered":"<p>Prawdziwa eksplozja nast\u0105pi\u0142a po przerwie. Prowadz\u0105cy w Wiedniu Orkiestr\u0119 Akademii Beethovenowskiej dyrygent Pawe\u0142 Przytocki wbieg\u0142 na scen\u0119 i poderwa\u0142 zesp\u00f3\u0142 do grania, zanim jeszcze dobrze stan\u0105\u0142 na podium. (&#8230;) V symfonia c-moll op. 67 Ludwiga van Beethovena zagrzmia\u0142a niebywa\u0142\u0105 symfoniczn\u0105 si\u0142\u0105, a przy tym doskona\u0142\u0105 selektywno\u015bci\u0105 orkiestrowego brzmienia. Majestatyczne fanfary tr\u0105bek i puzon\u00f3w, zmys\u0142owe marszowe [&hellip;]<\/p>\n","protected":false},"author":2,"featured_media":0,"parent":0,"menu_order":1,"comment_status":"closed","ping_status":"closed","template":"","meta":{"footnotes":""},"class_list":["post-142","page","type-page","status-publish","hentry"],"_links":{"self":[{"href":"https:\/\/beethoven.org.pl\/recenzje\/wp-json\/wp\/v2\/pages\/142","targetHints":{"allow":["GET"]}}],"collection":[{"href":"https:\/\/beethoven.org.pl\/recenzje\/wp-json\/wp\/v2\/pages"}],"about":[{"href":"https:\/\/beethoven.org.pl\/recenzje\/wp-json\/wp\/v2\/types\/page"}],"author":[{"embeddable":true,"href":"https:\/\/beethoven.org.pl\/recenzje\/wp-json\/wp\/v2\/users\/2"}],"replies":[{"embeddable":true,"href":"https:\/\/beethoven.org.pl\/recenzje\/wp-json\/wp\/v2\/comments?post=142"}],"version-history":[{"count":1,"href":"https:\/\/beethoven.org.pl\/recenzje\/wp-json\/wp\/v2\/pages\/142\/revisions"}],"predecessor-version":[{"id":143,"href":"https:\/\/beethoven.org.pl\/recenzje\/wp-json\/wp\/v2\/pages\/142\/revisions\/143"}],"wp:attachment":[{"href":"https:\/\/beethoven.org.pl\/recenzje\/wp-json\/wp\/v2\/media?parent=142"}],"curies":[{"name":"wp","href":"https:\/\/api.w.org\/{rel}","templated":true}]}}