{"id":138,"date":"2016-12-14T12:48:34","date_gmt":"2016-12-14T11:48:34","guid":{"rendered":"http:\/\/dev.yoho.pl\/beethoven\/recenzje\/?page_id=138"},"modified":"2016-12-14T12:48:34","modified_gmt":"2016-12-14T11:48:34","slug":"katarzyna-k-gardzina-twoja-muza-nr-32006","status":"publish","type":"page","link":"https:\/\/beethoven.org.pl\/recenzje\/katarzyna-k-gardzina-twoja-muza-nr-32006\/","title":{"rendered":"Katarzyna K. Gardzina, Twoja Muza, nr 3\/2006"},"content":{"rendered":"<p>Wydarzenie to by\u0142o pierwszym wykonaniem utworu w Warszawie. By\u0142a to okazja do wyst\u0119pu dla m\u0142odych w wi\u0119kszo\u015bci artyst\u00f3w, w tym Orkiestry Akademii Beethovenowskiej [&#8230;]<\/p>\n<p>\u201eKandyd\u201d to dzie\u0142o trudne do wykonania. Partia orkiestry jest barwna i zr\u00f3\u017cnicowana. Stawia du\u017ce wymagania tak instrumentalistom, jak i dyrygentowi. Na Politechnice podj\u0119to si\u0119 wi\u0119c karko\u0142omnego zadania: m\u0142odymi si\u0142ami wykonano tak trudne dzie\u0142o. Orkiestra Akademii Beethovenowskiej sprawowa\u0142a si\u0119 dzielnie, gra\u0142a lekko i z zaci\u0119ciem.<\/p>","protected":false},"excerpt":{"rendered":"<p>Wydarzenie to by\u0142o pierwszym wykonaniem utworu w Warszawie. By\u0142a to okazja do wyst\u0119pu dla m\u0142odych w wi\u0119kszo\u015bci artyst\u00f3w, w tym Orkiestry Akademii Beethovenowskiej [&#8230;] \u201eKandyd\u201d to dzie\u0142o trudne do wykonania. Partia orkiestry jest barwna i zr\u00f3\u017cnicowana. Stawia du\u017ce wymagania tak instrumentalistom, jak i dyrygentowi. Na Politechnice podj\u0119to si\u0119 wi\u0119c karko\u0142omnego zadania: m\u0142odymi si\u0142ami wykonano tak [&hellip;]<\/p>\n","protected":false},"author":2,"featured_media":0,"parent":0,"menu_order":0,"comment_status":"closed","ping_status":"closed","template":"","meta":{"footnotes":""},"class_list":["post-138","page","type-page","status-publish","hentry"],"_links":{"self":[{"href":"https:\/\/beethoven.org.pl\/recenzje\/wp-json\/wp\/v2\/pages\/138","targetHints":{"allow":["GET"]}}],"collection":[{"href":"https:\/\/beethoven.org.pl\/recenzje\/wp-json\/wp\/v2\/pages"}],"about":[{"href":"https:\/\/beethoven.org.pl\/recenzje\/wp-json\/wp\/v2\/types\/page"}],"author":[{"embeddable":true,"href":"https:\/\/beethoven.org.pl\/recenzje\/wp-json\/wp\/v2\/users\/2"}],"replies":[{"embeddable":true,"href":"https:\/\/beethoven.org.pl\/recenzje\/wp-json\/wp\/v2\/comments?post=138"}],"version-history":[{"count":1,"href":"https:\/\/beethoven.org.pl\/recenzje\/wp-json\/wp\/v2\/pages\/138\/revisions"}],"predecessor-version":[{"id":139,"href":"https:\/\/beethoven.org.pl\/recenzje\/wp-json\/wp\/v2\/pages\/138\/revisions\/139"}],"wp:attachment":[{"href":"https:\/\/beethoven.org.pl\/recenzje\/wp-json\/wp\/v2\/media?parent=138"}],"curies":[{"name":"wp","href":"https:\/\/api.w.org\/{rel}","templated":true}]}}