{"id":132,"date":"2016-12-14T12:46:04","date_gmt":"2016-12-14T11:46:04","guid":{"rendered":"http:\/\/dev.yoho.pl\/beethoven\/recenzje\/?page_id=132"},"modified":"2016-12-14T12:46:04","modified_gmt":"2016-12-14T11:46:04","slug":"tadeusz-platek-gazeta-krakowska-24-03-2005","status":"publish","type":"page","link":"https:\/\/beethoven.org.pl\/recenzje\/tadeusz-platek-gazeta-krakowska-24-03-2005\/","title":{"rendered":"Tadeusz P\u0142atek, Gazeta Krakowska 24.03.2005"},"content":{"rendered":"<p>Orkiestra Akademii Beethovenowskiej jest zespo\u0142em o ogromnym potencjale, z\u0142o\u017conym wy\u0142\u0105cznie z ambitnych entuzjast\u00f3w.<\/p>\n<p>&nbsp;<\/p>","protected":false},"excerpt":{"rendered":"<p>Orkiestra Akademii Beethovenowskiej jest zespo\u0142em o ogromnym potencjale, z\u0142o\u017conym wy\u0142\u0105cznie z ambitnych entuzjast\u00f3w. &nbsp;<\/p>\n","protected":false},"author":2,"featured_media":0,"parent":0,"menu_order":0,"comment_status":"closed","ping_status":"closed","template":"","meta":{"footnotes":""},"class_list":["post-132","page","type-page","status-publish","hentry"],"_links":{"self":[{"href":"https:\/\/beethoven.org.pl\/recenzje\/wp-json\/wp\/v2\/pages\/132","targetHints":{"allow":["GET"]}}],"collection":[{"href":"https:\/\/beethoven.org.pl\/recenzje\/wp-json\/wp\/v2\/pages"}],"about":[{"href":"https:\/\/beethoven.org.pl\/recenzje\/wp-json\/wp\/v2\/types\/page"}],"author":[{"embeddable":true,"href":"https:\/\/beethoven.org.pl\/recenzje\/wp-json\/wp\/v2\/users\/2"}],"replies":[{"embeddable":true,"href":"https:\/\/beethoven.org.pl\/recenzje\/wp-json\/wp\/v2\/comments?post=132"}],"version-history":[{"count":1,"href":"https:\/\/beethoven.org.pl\/recenzje\/wp-json\/wp\/v2\/pages\/132\/revisions"}],"predecessor-version":[{"id":133,"href":"https:\/\/beethoven.org.pl\/recenzje\/wp-json\/wp\/v2\/pages\/132\/revisions\/133"}],"wp:attachment":[{"href":"https:\/\/beethoven.org.pl\/recenzje\/wp-json\/wp\/v2\/media?parent=132"}],"curies":[{"name":"wp","href":"https:\/\/api.w.org\/{rel}","templated":true}]}}