{"id":124,"date":"2016-12-09T15:47:46","date_gmt":"2016-12-09T14:47:46","guid":{"rendered":"http:\/\/dev.yoho.pl\/beethoven\/recenzje\/?page_id=124"},"modified":"2016-12-09T15:47:46","modified_gmt":"2016-12-09T14:47:46","slug":"katarzyna-korzeniowska-muzyczny-krakow-eu","status":"publish","type":"page","link":"https:\/\/beethoven.org.pl\/recenzje\/katarzyna-korzeniowska-muzyczny-krakow-eu\/","title":{"rendered":"Katarzyna Korzeniowska, muzyczny-krakow.eu"},"content":{"rendered":"<p>&nbsp;<\/p>\n<p><em>\u201eZjawiskowy cz\u0142owiek. Czytelny, precyzyjny i niezwykle charyzmatyczny, momentami wr\u0119cz nonszalancki, ale w granicach dobrego smaku. Niew\u0105tpliwie pewny ka\u017cdego swojego gestu \u2013 gestu \u015bwiadcz\u0105cego zreszt\u0105 o niesamowitej rado\u015bci, jak\u0105 czerpie z dyrygowania.\u201d<\/em><\/p>","protected":false},"excerpt":{"rendered":"<p>&nbsp; \u201eZjawiskowy cz\u0142owiek. Czytelny, precyzyjny i niezwykle charyzmatyczny, momentami wr\u0119cz nonszalancki, ale w granicach dobrego smaku. Niew\u0105tpliwie pewny ka\u017cdego swojego gestu \u2013 gestu \u015bwiadcz\u0105cego zreszt\u0105 o niesamowitej rado\u015bci, jak\u0105 czerpie z dyrygowania.\u201d<\/p>\n","protected":false},"author":2,"featured_media":0,"parent":0,"menu_order":0,"comment_status":"closed","ping_status":"closed","template":"","meta":{"footnotes":""},"class_list":["post-124","page","type-page","status-publish","hentry"],"_links":{"self":[{"href":"https:\/\/beethoven.org.pl\/recenzje\/wp-json\/wp\/v2\/pages\/124","targetHints":{"allow":["GET"]}}],"collection":[{"href":"https:\/\/beethoven.org.pl\/recenzje\/wp-json\/wp\/v2\/pages"}],"about":[{"href":"https:\/\/beethoven.org.pl\/recenzje\/wp-json\/wp\/v2\/types\/page"}],"author":[{"embeddable":true,"href":"https:\/\/beethoven.org.pl\/recenzje\/wp-json\/wp\/v2\/users\/2"}],"replies":[{"embeddable":true,"href":"https:\/\/beethoven.org.pl\/recenzje\/wp-json\/wp\/v2\/comments?post=124"}],"version-history":[{"count":1,"href":"https:\/\/beethoven.org.pl\/recenzje\/wp-json\/wp\/v2\/pages\/124\/revisions"}],"predecessor-version":[{"id":125,"href":"https:\/\/beethoven.org.pl\/recenzje\/wp-json\/wp\/v2\/pages\/124\/revisions\/125"}],"wp:attachment":[{"href":"https:\/\/beethoven.org.pl\/recenzje\/wp-json\/wp\/v2\/media?parent=124"}],"curies":[{"name":"wp","href":"https:\/\/api.w.org\/{rel}","templated":true}]}}