{"id":1092,"date":"2023-04-04T12:32:12","date_gmt":"2023-04-04T10:32:12","guid":{"rendered":"http:\/\/beethoven.org.pl\/recenzje\/?page_id=1092"},"modified":"2023-04-27T13:09:26","modified_gmt":"2023-04-27T11:09:26","slug":"ruch-muzyczny-3-04-michal-klubinski","status":"publish","type":"page","link":"https:\/\/beethoven.org.pl\/recenzje\/ruch-muzyczny-3-04-michal-klubinski\/","title":{"rendered":"Ruch Muzyczny 3.04 Micha\u0142 Klubi\u0144ski"},"content":{"rendered":"<p>W cyklu zapomnianych arcydzie\u0142 operowych, przygotowywanym od 15 lat na Festiwal Beethovenowski przez \u0141ukasza Borowicza, zabrzmia\u0142y w tym roku dwie francuskie XX-wieczne jednoakt\u00f3wki:\u00a0<em>Socrate\u00a0<\/em>(1918) Erika Satiego oraz\u00a0<em>Alexandre bis\u00a0<\/em>(1937) Bohuslava Martin\u016f. R\u00f3\u017cni\u0142y si\u0119 one znacz\u0105co charakterem, wyrazem i zagospodarowaniem \u015brodk\u00f3w.<\/p>\n<p>Utw\u00f3r Satiego to monodram na tenor i orkiestr\u0119 kameraln\u0105 (pojedyncza obsada drzewa, smyczki, harfa, kot\u0142y), przedstawiaj\u0105cy w trzech cz\u0119\u015bciach histori\u0119 \u017cycia Sokratesa, widzian\u0105 oczywi\u015bcie wedle kanonicznych tekst\u00f3w antyku \u2013 dialog\u00f3w Platona. Dzie\u0142o zapowiada wielki prze\u0142om, jaki dokona si\u0119 w mi\u0119dzywojennej adaptacji antycznych w\u0105tk\u00f3w, z\u00a0<em>Kr\u00f3lem Edypem\u00a0<\/em>Strawi\u0144skiego na czele. Parti\u0119 solow\u0105 kreowa\u0142 w nim Eric Huchet, wsp\u00f3\u0142pracownik mi\u0119dzy innymi Marca Minkowskiego, towarzyszy\u0142a mu orkiestra Filharmonii Pozna\u0144skiej. Muzyka Satiego wyr\u00f3\u017cnia si\u0119 delikatnym akompaniowaniem statycznie pojmowanemu tekstowi. Oszcz\u0119dna, bardzo surowa, czasami bezradna wr\u0119cz instrumentacja obleka harmonie kr\u0105\u017c\u0105ce wok\u00f3\u0142 p\u00f3\u017anego Debussy\u2019ego i Honeggera, eksponuje powtarzaj\u0105ce si\u0119 modu\u0142y rytmiczne, kt\u00f3re tylko wzmacniaj\u0105 delikatne poruszenia subtelnej francuszczyzny. Wstrz\u0105saj\u0105co proste opisanie \u015bmierci Sokratesa w finale, mimo nie najlepszych walor\u00f3w swojego g\u0142osu, znakomicie przedstawi\u0142 Huchet.<\/p>\n<p><img decoding=\"async\" src=\"https:\/\/ruchmuzyczny.pl\/cms\/storage\/%23FESTIWAL%20BEETHOVENOWSKI%2023\/339846625_1354652105382145_5406360895381684848_n.jpg\" alt=\"Fot. Bruno Fidrych\" \/><\/p>\n<p>W drugiej cz\u0119\u015bci, dla kontrastu, mieli\u015bmy do czynienia z pyszn\u0105, neoklasyczn\u0105, w wartkim, b\u0142yskotliwym, polistylistycznym idiomie komedi\u0105 ma\u0142\u017ce\u0144sk\u0105 Martin\u016f, w kt\u00f3rej m\u0105\u017c dla zdemaskowania niecnych intencji \u017cony przebiera si\u0119 za swojego kuzyna z Ameryki i osi\u0105ga tym samym sukces jako kochanek. Mo\u017cna podziwia\u0107 bogactwo i zgrabno\u015b\u0107 tej muzyki (przewy\u017cszaj\u0105cej zdecydowanie nasze rodzime pr\u00f3by w tym gatunku), oscyluj\u0105cej wok\u00f3\u0142 politonalno\u015bci i diatoniczno\u015bci Strawi\u0144skiego, unerwionej tkanki rytmicznej, bogatej, cho\u0107 selektywnej instrumentacji, wp\u0142yw\u00f3w\u00a0<em>variet\u00e9\u00a0<\/em>i jazzu, ze znacz\u0105c\u0105 rol\u0105 wirtuozowskiego fortepianu (znakomity Tomasz So\u015bniak). \u0141ukasz Borowicz tradycyjnie prowadzi\u0142 rzecz bardzo popisowo, a \u015bwietne kreacje stworzyli wszyscy soli\u015bci: Natalia Rubi\u015b (Armande) i Eric Huchet (Oscar) oraz uczestnicy Akademii Operowej TW\u2013ON: Dominika Stefa\u0144ska (Philom\u00e8ne), Adrian Janus (Alexandre) i Jan Kubas (Portret).<\/p>","protected":false},"excerpt":{"rendered":"<p>W cyklu zapomnianych arcydzie\u0142 operowych, przygotowywanym od 15 lat na Festiwal Beethovenowski przez \u0141ukasza Borowicza, zabrzmia\u0142y w tym roku dwie francuskie XX-wieczne jednoakt\u00f3wki:\u00a0Socrate\u00a0(1918) Erika Satiego oraz\u00a0Alexandre bis\u00a0(1937) Bohuslava Martin\u016f. R\u00f3\u017cni\u0142y si\u0119 one znacz\u0105co charakterem, wyrazem i zagospodarowaniem \u015brodk\u00f3w. Utw\u00f3r Satiego to monodram na tenor i orkiestr\u0119 kameraln\u0105 (pojedyncza obsada drzewa, smyczki, harfa, kot\u0142y), przedstawiaj\u0105cy w [&hellip;]<\/p>\n","protected":false},"author":2,"featured_media":0,"parent":0,"menu_order":0,"comment_status":"closed","ping_status":"closed","template":"","meta":{"footnotes":""},"class_list":["post-1092","page","type-page","status-publish","hentry"],"_links":{"self":[{"href":"https:\/\/beethoven.org.pl\/recenzje\/wp-json\/wp\/v2\/pages\/1092","targetHints":{"allow":["GET"]}}],"collection":[{"href":"https:\/\/beethoven.org.pl\/recenzje\/wp-json\/wp\/v2\/pages"}],"about":[{"href":"https:\/\/beethoven.org.pl\/recenzje\/wp-json\/wp\/v2\/types\/page"}],"author":[{"embeddable":true,"href":"https:\/\/beethoven.org.pl\/recenzje\/wp-json\/wp\/v2\/users\/2"}],"replies":[{"embeddable":true,"href":"https:\/\/beethoven.org.pl\/recenzje\/wp-json\/wp\/v2\/comments?post=1092"}],"version-history":[{"count":2,"href":"https:\/\/beethoven.org.pl\/recenzje\/wp-json\/wp\/v2\/pages\/1092\/revisions"}],"predecessor-version":[{"id":1107,"href":"https:\/\/beethoven.org.pl\/recenzje\/wp-json\/wp\/v2\/pages\/1092\/revisions\/1107"}],"wp:attachment":[{"href":"https:\/\/beethoven.org.pl\/recenzje\/wp-json\/wp\/v2\/media?parent=1092"}],"curies":[{"name":"wp","href":"https:\/\/api.w.org\/{rel}","templated":true}]}}