{"id":109,"date":"2016-04-13T16:14:12","date_gmt":"2016-04-13T14:14:12","guid":{"rendered":"http:\/\/dev.yoho.pl\/beethoven\/recenzje\/?page_id=109"},"modified":"2016-12-02T16:21:13","modified_gmt":"2016-12-02T15:21:13","slug":"festiwal-geniuszy-skrzypiec-13-04-2014","status":"publish","type":"page","link":"https:\/\/beethoven.org.pl\/recenzje\/festiwal-geniuszy-skrzypiec-13-04-2014\/","title":{"rendered":"Festiwal geniuszy skrzypiec &#8211; 13.04.2014"},"content":{"rendered":"<p>Z ka\u017cdym dniem nabieram coraz wi\u0119kszego przekonania, \u017ce tegoroczny Wielkanocny Festiwal Ludwiga van Beethovena wcale nie jest przegl\u0105dem symfonicznych czy monumentalnych religijno-oratoryjnych dzie\u0142 patrona, ani te\u017c gal\u0105 popis\u00f3w najwspanialszych \u015bpiewak\u00f3w, pianist\u00f3w czy nawet orkiestr (cho\u0107 ostatnie wyst\u0119py Royal Philharmonic Orchestra czy Rotterdam Philharmonic Orchestra tej akurat tezie zdaj\u0105 si\u0119 mocno przeczy\u0107). Odnosz\u0119 jednak nieodparte wra\u017cenie, \u017ce festiwalowa scena sta\u0142a si\u0119 prawdziw\u0105 aren\u0105 dla najwybitniejszych skrzypk\u00f3w \u015bwiata.<br \/>\nNajpierw Arabella Steinbacher z Royal Philharmonic Orchestra, Charlesem Dutoit i fenomenalnym wykonaniem Koncertu Prokofiewa, potem znakomici kamerali\u015bci Cuarteto Casals i Emerson String Quartet, a wreszcie fantastyczny Daniel Hope z diabelnie trudn\u0105 Sonat\u0105 na skrzypce solo Erwina Schulhoffa. Wczoraj do grona genialnych skrzypk\u00f3w Wielkanocnego Festiwalu do\u0142\u0105czy\u0142a Gruzinka Lisa Batiashvili. W jej wykonaniu i prowadzonej przez Yannicka N\u00e9zet-S\u00e9guina Rotterdam Philharmonic Orchestra us\u0142yszeli\u015bmy Koncert skrzypcowy D-dur op. 61 Ludwiga van Beethovena.<br \/>\n\u017be Batiashvili jest artystk\u0105 wyj\u0105tkow\u0105 nikogo przekonywa\u0107 nie trzeba, wszak dorobek m\u0142odziutkiej wci\u0105\u017c skrzypaczki jest osza\u0142amiaj\u0105cy. Jednak na \u017cywo polscy melomani mogli si\u0119 o tym przekona\u0107 po raz pierwszy, bo Batiashvili zago\u015bci\u0142a u nas po raz pierwszy. Czy potwierdzi\u0142a sw\u0105 s\u0142aw\u0119?<br \/>\nW koncercie Beethovena pokaza\u0142a nie tylko m\u0105dr\u0105, sp\u00f3jn\u0105 w muzycznej dramaturgii interpretacj\u0119, ale od pierwszej do ostatniej nuty zachwyca\u0142a te\u017c perli\u015bcie czystym i natchnionym d\u017awi\u0119kiem. Jej fla\u017colety w Allegro ma non troppo by\u0142y dos\u0142ownie nieziemskie, podobnie zreszt\u0105, jak pie\u015bniowe i liryczne frazy Larghetta. Kapitalnym towarzyszem solistki okaza\u0142a si\u0119 rotterdamska orkiestra, kt\u00f3r\u0105 Yannick N\u00e9zet-S\u00e9guin prowadzi\u0142 niezwykle czujnie i delikatnie, by pierwszy g\u0142os nale\u017ca\u0142 przede wszystkim do Batiashvili. Apogeum jej mistrzostwa nast\u0105pi\u0142o w kadencji cz\u0119\u015bci I (opracowanie autorstwa Schnittkego). Drapie\u017cne d\u017awi\u0119ki towarzyszy\u0142y tu subtelnym mu\u015bni\u0119ciom strun, a pe\u0142ne szale\u0144stwa frazy mocno kontrastowa\u0142y z poezj\u0105 \u015bpiewnego tonu skrzypiec artystki. To by\u0142 popis arcygenialny! Popis jakiego dawno nie s\u0142yszeli\u015bmy na scenach polskich filharmonii.<br \/>\nNagrodzeni wielominutowymi owacjami arty\u015bci na bis wykonali tradycyjn\u0105 pie\u015b\u0144 gruzi\u0144sk\u0105, zaaran\u017cowan\u0105 na skrzypce i orkiestr\u0119 kameraln\u0105, a opatrzon\u0105 wyj\u0105tkow\u0105 dedykacj\u0105. Lisa Batiashvili zwr\u00f3ci\u0142a si\u0119 do publiczno\u015bci przyznaj\u0105c, \u017ce cieszy si\u0119, i\u017c ma wreszcie okazj\u0119 wyst\u0105pi\u0107 w Polsce, bo to kraj, kt\u00f3ry dla jej rodziny zawsze by\u0142 bardzo wa\u017cny i bliski. Wskazuj\u0105c za\u015b na dyrygenta, siebie i orkiestr\u0119 powiedzia\u0142a: &#8211; Przyjechali\u015bmy do Polski zaledwie w kilka dni po rocznicy tragedii, kt\u00f3ra spotka\u0142a waszych rodak\u00f3w pod Smole\u0144skiem. To w\u0142a\u015bnie im, a tak\u017ce wszystkim, kt\u00f3rzy wspominaj\u0105 ofiary katastrofy chcieliby\u015bmy zadedykowa\u0107 t\u0119 pie\u015b\u0144.<br \/>\nNiedzielny koncert w Filharmonii Narodowej nie sko\u0144czy\u0142 si\u0119 jednak tym smutnym, cho\u0107 pi\u0119knym przecie\u017c akcentem. W drugiej cz\u0119\u015bci wieczoru Rotterdamczycy wykonali bowiem VI Symfoni\u0119 h-moll \u201ePatetyczn\u0105\u201d op. 74 Piotra Czajkowskiego. Tu Yannick N\u00e9zet-S\u00e9guin w pe\u0142ni zaprezentowa\u0142 pot\u0119g\u0119 swojej orkiestry, kt\u00f3ra znakomicie odmalowa\u0142a napi\u0119cia, ekstazy (Allegro), jak te\u017c utrzymane w stylistyce wdzi\u0119cznego i pe\u0142nego gracji walca frazy Allegro con grazia. Rozczarowa\u0142o nieco zagonione i niezbyt subtelne Allegro molto vivace, ale kiedy w samym finale smyczki odezwa\u0142y si\u0119 wzruszaj\u0105cym lamentem okaza\u0142o si\u0119 orkiestra mo\u017ce brzmie\u0107 niczym nabo\u017cny ch\u00f3r.<br \/>\nI tak Rotterdam Philharmonic Orchestra dowiod\u0142a, \u017ce cho\u0107 w tegorocznym programie Festiwalu bezsprzecznie kr\u00f3luj\u0105 geniusze skrzypiec, to r\u00f3wnie\u017c par\u0119 orkiestr i dyrygent\u00f3w przejdzie niew\u0105tpliwie do jego historii.<br \/>\nTomasz Handzlik<\/p>","protected":false},"excerpt":{"rendered":"<p>Z ka\u017cdym dniem nabieram coraz wi\u0119kszego przekonania, \u017ce tegoroczny Wielkanocny Festiwal Ludwiga van Beethovena wcale nie jest przegl\u0105dem symfonicznych czy monumentalnych religijno-oratoryjnych dzie\u0142 patrona, ani te\u017c gal\u0105 popis\u00f3w najwspanialszych \u015bpiewak\u00f3w, pianist\u00f3w czy nawet orkiestr (cho\u0107 ostatnie wyst\u0119py Royal Philharmonic Orchestra czy Rotterdam Philharmonic Orchestra tej akurat tezie zdaj\u0105 si\u0119 mocno przeczy\u0107). Odnosz\u0119 jednak nieodparte wra\u017cenie, [&hellip;]<\/p>\n","protected":false},"author":2,"featured_media":0,"parent":0,"menu_order":0,"comment_status":"closed","ping_status":"closed","template":"","meta":{"footnotes":""},"class_list":["post-109","page","type-page","status-publish","hentry"],"_links":{"self":[{"href":"https:\/\/beethoven.org.pl\/recenzje\/wp-json\/wp\/v2\/pages\/109","targetHints":{"allow":["GET"]}}],"collection":[{"href":"https:\/\/beethoven.org.pl\/recenzje\/wp-json\/wp\/v2\/pages"}],"about":[{"href":"https:\/\/beethoven.org.pl\/recenzje\/wp-json\/wp\/v2\/types\/page"}],"author":[{"embeddable":true,"href":"https:\/\/beethoven.org.pl\/recenzje\/wp-json\/wp\/v2\/users\/2"}],"replies":[{"embeddable":true,"href":"https:\/\/beethoven.org.pl\/recenzje\/wp-json\/wp\/v2\/comments?post=109"}],"version-history":[{"count":1,"href":"https:\/\/beethoven.org.pl\/recenzje\/wp-json\/wp\/v2\/pages\/109\/revisions"}],"predecessor-version":[{"id":110,"href":"https:\/\/beethoven.org.pl\/recenzje\/wp-json\/wp\/v2\/pages\/109\/revisions\/110"}],"wp:attachment":[{"href":"https:\/\/beethoven.org.pl\/recenzje\/wp-json\/wp\/v2\/media?parent=109"}],"curies":[{"name":"wp","href":"https:\/\/api.w.org\/{rel}","templated":true}]}}