{"id":1066,"date":"2022-09-08T13:26:38","date_gmt":"2022-09-08T11:26:38","guid":{"rendered":"http:\/\/beethoven.org.pl\/recenzje\/?page_id=1066"},"modified":"2022-09-08T13:26:38","modified_gmt":"2022-09-08T11:26:38","slug":"recital-aleksandry-swigut","status":"publish","type":"page","link":"https:\/\/beethoven.org.pl\/recenzje\/recital-aleksandry-swigut\/","title":{"rendered":"Recital Aleksandry \u015awigut"},"content":{"rendered":"<p>\u015arodowy recital Aleksandry \u015awigut mia\u0142 ukaza\u0107 zwi\u0105zki \u0142\u0105cz\u0105ce Ignacego Feliksa Dobrzy\u0144skiego z Fryderykiem Chopinem. Dobrzy\u0144ski do\u0142\u0105czy\u0142 do klasy prowadzonej przez J\u00f3zefa Elsnera w Szkole G\u0142\u00f3wnej Muzyki w Warszawie w roku 1826, gdy studiowa\u0142 tam r\u00f3wnie\u017c Chopin, najzdolniejszy z uczni\u00f3w Elsnera. Dobrzy\u0144ski wyra\u017anie zabiega\u0142 o uwag\u0119 m\u0142odszego o trzy lata kolegi. W 1828 roku dedykowa\u0142 mu swoj\u0105 fortepianow\u0105 \u201eFantaisie quasi Fugue sur un Mazurek favori\u201d\u00a0op. 10, a gdy Chopin mia\u0142 debiutowa\u0107 swoimi koncertami fortepianowymi w Teatrze Narodowym, Dobrzy\u0144ski liczy\u0142 na to, \u017ce w tym samym programie znajdzie si\u0119 jego I Symfonia, tymczasem m\u0142odziutki Fryderyk wybra\u0142 II Symfoni\u0119 innego swojego kolegi, J\u00f3zefa Nowakowskiego, widz\u0105c w nim \u2013 chyba s\u0142usznie \u2013 zdolniejszego kompozytora ni\u017c Dobrzy\u0144ski.<\/p>\n<p>Drogi Chopina i Dobrzy\u0144skiego si\u0119 rozesz\u0142y \u2013 Fryderyk wyjecha\u0142 do Pary\u017ca, Ignacy Feliks zosta\u0142 w Warszawie, a jednak w swojej tw\u00f3rczo\u015bci fortepianowej wzorowa\u0142 si\u0119 na Chopinie, na\u015bladuj\u0105c jego styl, a w 1857 roku nawi\u0105za\u0142 do jednego z utwor\u00f3w dawnego szkolnego kolegi, pisz\u0105c \u201eMarsz \u017ca\u0142obny b-moll\u201d op. 66. W\u0142a\u015bnie ten utw\u00f3r wszed\u0142 do programu Aleksandry \u015awigut.<\/p>\n<p>Pianistka wyst\u0105pi\u0142a w Pa\u0142acu na Wyspie w glorii chwa\u0142y \u2013 kilka dni wcze\u015bniej zdoby\u0142a II nagrod\u0119 na 17. Mi\u0119dzynarodowym Konkursie Pianistycznym im. Edwarda Griega w Bergen. Nagrod\u0119 do\u0142\u0105czy\u0142a do zbioru innych konkursowych trofe\u00f3w, z kt\u00f3rych wa\u017cny jest zw\u0142aszcza srebrny medal na I Mi\u0119dzynarodowym Konkursie Chopinowskim na Instrumentach Historycznych w Warszawie (2018). Poniewa\u017c gra na instrumentach historycznych jest wa\u017cnym nurtem jej koncertowej dzia\u0142alno\u015bci, artystka wykona\u0142a utwory Chopina i Dobrzy\u0144skiego na fortepianie Erarda z 1842 roku z kolekcji Andrzeja W\u0142odarczyka.<\/p>\n<p>Bardzo nastrojowo zabrzmia\u0142y nieco sentymentalne trzy nokturny z op. 21. Sonat\u0119 b-moll op. 35 artystka zagra\u0142a bardzo dramatycznie. Pierwsza cz\u0119\u015b\u0107 <em>Grave. Doppio movimento <\/em>a\u017c kipia\u0142a od nami\u0119tno\u015bci i gwa\u0142townych emocji. W <em>Scherzu<\/em> artystka u\u017cy\u0142a masywnego d\u017awi\u0119ku, co niekoniecznie przypad\u0142o do gustu moim uszom, za to cz\u0119\u015b\u0107 \u015brodkowa <em>Scherza <\/em>wyr\u00f3\u017cnia\u0142a si\u0119 delikatno\u015bci\u0105 i wdzi\u0119kiem. <em>Marche funebre <\/em>r\u00f3wnie\u017c by\u0142 zbudowany na kontrastach, nie tylko mi\u0119dzy cz\u0119\u015bciami ABA1, ale r\u00f3wnie\u017c mi\u0119dzy poszczeg\u00f3lnymi frazami. <em>Finale. Presto<\/em> mia\u0142o w sobie co\u015b z preludi\u00f3w op. 28 Chopina. Artystka dobrze zapanowa\u0142a nad form\u0105, koncepcja sonaty by\u0142a sp\u00f3jna brzmieniowo i wyrazowo, wsp\u00f3lna ni\u0107 \u0142\u0105czy\u0142a poszczeg\u00f3lne ogniwa cyklu sonatowego.<\/p>\n<p>Zrobi\u0142a jednak s\u0142uchaczom niespodziank\u0119, graj\u0105c <em>attacca<\/em>, zaraz po Sonacie b-moll Chopina, \u201eMarsz \u017ca\u0142obny b-moll\u201d Dobrzy\u0144skiego, jakby by\u0142o on pi\u0105t\u0105 cz\u0119\u015bci\u0105 tego dzie\u0142a. Pomys\u0142 ciekawy, tym bardziej, \u017ce w niekt\u00f3rych figurach melodycznych, harmonicznych i rytmicznych w tym utworze odzywa\u0142y si\u0119 echa \u201eMarsza \u017ca\u0142obnego\u201d z Chopinowskiej sonaty. A jednak muzyka Dobrzy\u0144skiego bardzo odbiega\u0142a od Chopinowskiej frazy, marsz ci\u0105gn\u0105\u0142 si\u0119 wydawa\u0142oby si\u0119 bez ko\u0144ca, mimo stara\u0144 artystki, aby przyda\u0107 tej kompozycji artystycznej warto\u015bci.<\/p>\n<p>Nast\u0119pnie Aleksandra \u015awigut brawurowo wykona\u0142a \u201eWariacje B-dur na temat \u00abLa ci darem la mano\u00bb z opery \u00abDon Giovanni\u00bb Mozarta\u201d op. 2 Chopina, a na bis \u201eNokturn C-dur\u201d Edwarda Griega.<\/p>\n<p><strong>Anna S. D\u0119bowska<\/strong><\/p>\n<p>\u015aroda, 7 wrze\u015bnia, Pa\u0142ac na Wyspie w \u0141azienkach Kr\u00f3lewskich w Warszawie<\/p>\n<p>&nbsp;<\/p>\n<p>&nbsp;<\/p>","protected":false},"excerpt":{"rendered":"<p>\u015arodowy recital Aleksandry \u015awigut mia\u0142 ukaza\u0107 zwi\u0105zki \u0142\u0105cz\u0105ce Ignacego Feliksa Dobrzy\u0144skiego z Fryderykiem Chopinem. Dobrzy\u0144ski do\u0142\u0105czy\u0142 do klasy prowadzonej przez J\u00f3zefa Elsnera w Szkole G\u0142\u00f3wnej Muzyki w Warszawie w roku 1826, gdy studiowa\u0142 tam r\u00f3wnie\u017c Chopin, najzdolniejszy z uczni\u00f3w Elsnera. Dobrzy\u0144ski wyra\u017anie zabiega\u0142 o uwag\u0119 m\u0142odszego o trzy lata kolegi. W 1828 roku dedykowa\u0142 mu [&hellip;]<\/p>\n","protected":false},"author":8,"featured_media":0,"parent":0,"menu_order":0,"comment_status":"closed","ping_status":"closed","template":"","meta":{"footnotes":""},"class_list":["post-1066","page","type-page","status-publish","hentry"],"_links":{"self":[{"href":"https:\/\/beethoven.org.pl\/recenzje\/wp-json\/wp\/v2\/pages\/1066","targetHints":{"allow":["GET"]}}],"collection":[{"href":"https:\/\/beethoven.org.pl\/recenzje\/wp-json\/wp\/v2\/pages"}],"about":[{"href":"https:\/\/beethoven.org.pl\/recenzje\/wp-json\/wp\/v2\/types\/page"}],"author":[{"embeddable":true,"href":"https:\/\/beethoven.org.pl\/recenzje\/wp-json\/wp\/v2\/users\/8"}],"replies":[{"embeddable":true,"href":"https:\/\/beethoven.org.pl\/recenzje\/wp-json\/wp\/v2\/comments?post=1066"}],"version-history":[{"count":1,"href":"https:\/\/beethoven.org.pl\/recenzje\/wp-json\/wp\/v2\/pages\/1066\/revisions"}],"predecessor-version":[{"id":1067,"href":"https:\/\/beethoven.org.pl\/recenzje\/wp-json\/wp\/v2\/pages\/1066\/revisions\/1067"}],"wp:attachment":[{"href":"https:\/\/beethoven.org.pl\/recenzje\/wp-json\/wp\/v2\/media?parent=1066"}],"curies":[{"name":"wp","href":"https:\/\/api.w.org\/{rel}","templated":true}]}}