{"id":1007,"date":"2022-04-04T11:09:59","date_gmt":"2022-04-04T09:09:59","guid":{"rendered":"http:\/\/beethoven.org.pl\/recenzje\/?page_id=1007"},"modified":"2022-04-04T11:09:59","modified_gmt":"2022-04-04T09:09:59","slug":"pelna-dobrej-energii-ix-symfonia-pod-batuta-giancarlo-guerrero-otworzyla-26-wielkanocny-festiwal","status":"publish","type":"page","link":"https:\/\/beethoven.org.pl\/recenzje\/pelna-dobrej-energii-ix-symfonia-pod-batuta-giancarlo-guerrero-otworzyla-26-wielkanocny-festiwal\/","title":{"rendered":"Pe\u0142na dobrej energii IX Symfonia pod batut\u0105 Giancarlo Guerrero otworzy\u0142a 26. Wielkanocny Festiwal"},"content":{"rendered":"<p>1.<\/p>\n<p>W niedziel\u0119, 3 kwietnia w Filharmonii Narodowej w Warszawie rozpocz\u0105\u0142 si\u0119 26. Wielkanocny Festiwal Ludwiga van Beethovena. Na widowni obecna by\u0142a El\u017cbieta Penderecka, kt\u00f3r\u0105 publiczno\u015b\u0107 powita\u0142a d\u0142ugimi brawami.<\/p>\n<p>\u201eBeethoven \u2013 ojciec wielkiego symfonizmu\u201d \u2013 tak brzmi has\u0142o tegorocznego festiwalu, w konsekwencji wi\u0119c rozpocz\u0119\u0142o go wykonanie IX Symfonii d-moll op. 125. To wyj\u0105tkowe dzie\u0142o \u2013 pot\u0119\u017cne pod wzgl\u0119dem formy i ekspresji \u2013 wprowadzi\u0142o muzyk\u0119 symfoniczn\u0105 w now\u0105 faz\u0119. Beethoven symbolicznie otworzy\u0142 drzwi do wyobra\u017ani romantycznej, du\u017co swobodniej traktuj\u0105cej \u015bcis\u0142e regu\u0142y klasyczne, dla kt\u00f3rej najwa\u017cniejsza by\u0142a si\u0142a romantycznego wyrazu.<\/p>\n<p>Ten utw\u00f3r \u2013 wykonany po raz pierwszy w Wiedniu 7 maja 1824 roku pod batut\u0105 kompozytora \u2013 zmieni\u0142 dzieje \u015bwiatowej symfoniki, <a href=\"http:\/\/m.in\">m.in<\/a>. poprzez do\u0142\u0105czenie do czysto instrumentalnej partii orkiestry tekstu poetyckiego \u2013 \u201eOdy do rado\u015bci\u201d Friedricha Schillera, a co za tym idzie \u2013 kwartetu wokalnego i ch\u00f3ru. Muzykolodzy i teoretycy muzyki spieraj\u0105 si\u0119 o czwart\u0105 cz\u0119\u015b\u0107 symfonii \u2013 jedni uwa\u017caj\u0105, \u017ce jest to kantata wpisana w obieg formy symfonicznej, inni \u2013 jak Charles Rosen, wybitny znawca stylu klasycznego \u2013 dowodz\u0105, \u017ce s\u0142ynne \u201ePresto \u2013 Allegro assai\u201d z \u201eOd\u0105 do rado\u015bci\u201d i jej motywami przetwarzanymi i pokazywanymi przez kompozytora w wielu wariantach, to symfonia w symfonii.<\/p>\n<p>2.<\/p>\n<p>Ze wzgl\u0119du na wzruszaj\u0105ce s\u0142owa o idealnym \u015bwiecie, w kt\u00f3rym \u201ewszyscy ludzie b\u0119d\u0105 bra\u0107mi\u201d, \u201eOda\u201d sta\u0142a si\u0119 symbolicznym hymnem Unii Europejskiej. Beethoven w \u201eDziewi\u0105tej\u201d zawar\u0142 ca\u0142y sw\u00f3j idealizm. Wiedzia\u0142, co to wojna \u2013 rok 1805 i 1809 sp\u0119dzi\u0142 w obleganym przez wojska Napoleona Wiedniu. W \u201eDziewi\u0105tej\u201d s\u0142ycha\u0107 wszystkie niepokoje prze\u0142omu wiek\u00f3w, tragicznych czas\u00f3w, w kt\u00f3rych \u017cy\u0142.<\/p>\n<p>St\u0105d to pragnienia wolno\u015bci i braterstwa zawarte w \u201eOdzie\u201d. To muzyka uniwersalna, kt\u00f3rej szlachetne przes\u0142anie mo\u017ce czasem budzi\u0107 wzruszenie ramion, bywa jednak tak, \u017ce wzrusza i pobudza nadziej\u0119 na lepsze czasy.<\/p>\n<p>Tej nadziei bardzo nam dzisiaj brakuje, gdy w Ukrainie od ponad miesi\u0105ca trwa krwawa i okrutna wojna prowadzona przez wojska rosyjskie. O tym specyficznym, aktualnym kontek\u015bcie IX Symfonii m\u00f3wi\u0142 w imieniu Stowarzyszenia im. Ludwiga van Beethovena Piotr Krasnowolski w s\u0142owie wst\u0119pnym skierowanym do publiczno\u015bci. \u2013 Tak wa\u017cna dla Beethovena wolno\u015b\u0107 zosta\u0142a zabrana naszym s\u0105siadom \u2013 podkre\u015bli\u0142 i zapowiedzia\u0142, \u017ce przez ca\u0142y, trwaj\u0105cy do 15 kwietnia festiwal Stowarzyszenie im. Ludwiga van Beethovena b\u0119dzie wspiera\u0107 obywateli Ukrainy poprzez Polsk\u0105 Akcj\u0119 Humanitarn\u0105, Caritas, organizacje dyplomatyczne i pomocowe.<\/p>\n<p>Zanim wykonano arcydzie\u0142o Beethovena, zabrzmia\u0142 hymn pa\u0144stwowy Ukrainy w wykonaniu Ch\u00f3ru i Orkiestry Narodowego Forum Muzyki we Wroc\u0142awiu, a tak\u017ce ukrai\u0144skiej sopranistki Sofi\u0105 Soloviy. Jest wychowank\u0105 Konserwatorium Lwowskiego, Konserwatorium im. Rossiniego w Pesaro i Accademia Musicale Chigiana w Sienie. Wyst\u0105pi\u0142a z niebiesko-\u017c\u00f3\u0142t\u0105 flag\u0105 Ukrainy, kt\u00f3r\u0105 rozwin\u0119\u0142a podczas wykonania.<\/p>\n<p>3.<\/p>\n<p>Pod batut\u0105 Giancarlo Guerrero, dyrektora artystycznego Filharmonii Wroc\u0142awskiej NFM, IX Symfonia zabrzmia\u0142a znakomicie, momentami wr\u0119cz porywaj\u0105co. Guerrero w szerokim planie pokaza\u0142 rozw\u00f3j tego dzie\u0142a, od pe\u0142nych niepokoju i mrocznych ton\u00f3w cz\u0119\u015bci pierwszej (\u201eAllegro ma non troppo, poco maestoso\u201d) i drugiej (\u201eMolto vivace\u201d), przez uspokojenie i medytacyjny charakter cz\u0119\u015bci trzeciej (\u201eAdagio molto e cantabile \u2013 Andante moderato\u201d), a\u017c po jednoznaczny ton rado\u015bci w finale symfonii, emocj\u0119 znakomicie oddan\u0105 przez Ch\u00f3r NFM. Nie by\u0142o w tej interpretacji niczego wymuszonego, Guerrero swobodnie pokaza\u0142 dramaturgi\u0119 tego dzie\u0142a wpisan\u0105 w partytur\u0119.<\/p>\n<p>Filharmonia Wroc\u0142awska NFM to bez w\u0105tpienia jedna z najlepszych polskich orkiestr, graj\u0105ca na wysokim europejskim poziomie, bardzo zespo\u0142owo, je\u015bli nawet nie zawsze z idealn\u0105 precyzj\u0105 zgrania wszystkich warstw brzmieniowych, to z finezj\u0105 granicz\u0105c\u0105 nieraz z wirtuozeri\u0105. W tym wykonaniu, zw\u0142aszcza w pierwszej cz\u0119\u015bci s\u0142ycha\u0107 by\u0142o przejrzy\u015bcie skomplikowan\u0105 polifoniczn\u0105 faktur\u0119 utworu. By\u0142a w tym wykonaniu lekko\u015b\u0107, by\u0142 majestat, ale niepozbawiony wdzi\u0119ku \u2013 IX Symfonia to jednak wci\u0105\u017c klasycyzm.<\/p>\n<p>Guerrero dyrygowa\u0142 z energi\u0105 p\u0142yn\u0105c\u0105 z kr\u00f3tkich, dosadnych motyw\u00f3w, bardzo witalna by\u0142a to interpretacja. Nie brak\u0142o w niej moment\u00f3w wokalnego niemal roz\u015bpiewania w partii kwintetu smyczkowego czy instrument\u00f3w d\u0119tych drewnianych (w czwartej cz\u0119\u015bci bardzo dobrze wypad\u0142a sekcja instrument\u00f3w d\u0119tych blaszanych).<\/p>\n<p>W pierwszej i drugiej cz\u0119\u015bci IX Symfonii dominuje gniewny i mroczny charakter przetykany tylko na moment ja\u015bniejszymi wej\u015bciami instrument\u00f3w d\u0119tych drewnianych w trybie durowym. Przetworzenie pierwszej cz\u0119\u015bci pod dyrekcj\u0105 Guerrero by\u0142o jak gor\u0105cy kocio\u0142 d\u017awi\u0119kowej lawy, coda w formie marsza \u017ca\u0142obnego zabrzmia\u0142a gro\u017anie i niepokoj\u0105co.<\/p>\n<p>Z kolei \u201eMolto vivace\u201d, owo nieweso\u0142e scherzo zosta\u0142o wykonane pod batut\u0105 Giancarla Guerrera ze \u015bwietnym wyczuciem tempa i charakteru. \u015arodkowa cz\u0119\u015b\u0107 scherza poprowadzona zosta\u0142a przez kwintet smyczkowy i d\u0119te drewniane bardzo bukolicznie, pastoralnie, tak jakby to by\u0142y wspomnienia kompozytora z w\u0142asnych z wycieczek na wie\u015b pod Wiedniem.<\/p>\n<p>4.<\/p>\n<p>W cz\u0119\u015bci czwartej wyr\u00f3\u017cnia\u0142 si\u0119 bas-baryton Tomasza Koniecznego, \u015bpiewaj\u0105cego jak zwykle z doskona\u0142a niemieck\u0105 dykcj\u0105 i \u015bwiadomo\u015bci\u0105 ka\u017cdego s\u0142owa. Dobrze zabrzmia\u0142 tak\u017ce do\u015b\u0107 ciemny w barwie tenor Rafa\u0142a Bartmi\u0144skiego, a g\u0142osy te dobrze zestroi\u0142y si\u0119 z mezzosopranem Ma\u0142gorzaty Walewskiej, nad nimi za\u015b g\u00f3rowa\u0142 g\u0142os Sofii Soloviy. Fantastycznie, bardzo podnio\u015ble zabrzmia\u0142 w tej cz\u0119\u015bci Ch\u00f3r NFM, zw\u0142aszcza w partii napisanej na ch\u00f3r a cappella, w kt\u00f3rej odzywaj\u0105 si\u0119 ju\u017c nie tylko jednostkowe \u201esolistyczne\u201d emocje, ale pragnienia i wiara bohatera zbiorowego.<\/p>\n<p><strong>Anna S. D\u0119bowska<\/strong><\/p>\n<p><em>Niedziela, 3 kwietnia, godz. 19:30, Filharmonia Narodowa w Warszawie<\/em><\/p>","protected":false},"excerpt":{"rendered":"<p>1. W niedziel\u0119, 3 kwietnia w Filharmonii Narodowej w Warszawie rozpocz\u0105\u0142 si\u0119 26. Wielkanocny Festiwal Ludwiga van Beethovena. Na widowni obecna by\u0142a El\u017cbieta Penderecka, kt\u00f3r\u0105 publiczno\u015b\u0107 powita\u0142a d\u0142ugimi brawami. \u201eBeethoven \u2013 ojciec wielkiego symfonizmu\u201d \u2013 tak brzmi has\u0142o tegorocznego festiwalu, w konsekwencji wi\u0119c rozpocz\u0119\u0142o go wykonanie IX Symfonii d-moll op. 125. To wyj\u0105tkowe dzie\u0142o \u2013 [&hellip;]<\/p>\n","protected":false},"author":8,"featured_media":0,"parent":0,"menu_order":0,"comment_status":"closed","ping_status":"closed","template":"","meta":{"footnotes":""},"class_list":["post-1007","page","type-page","status-publish","hentry"],"_links":{"self":[{"href":"https:\/\/beethoven.org.pl\/recenzje\/wp-json\/wp\/v2\/pages\/1007","targetHints":{"allow":["GET"]}}],"collection":[{"href":"https:\/\/beethoven.org.pl\/recenzje\/wp-json\/wp\/v2\/pages"}],"about":[{"href":"https:\/\/beethoven.org.pl\/recenzje\/wp-json\/wp\/v2\/types\/page"}],"author":[{"embeddable":true,"href":"https:\/\/beethoven.org.pl\/recenzje\/wp-json\/wp\/v2\/users\/8"}],"replies":[{"embeddable":true,"href":"https:\/\/beethoven.org.pl\/recenzje\/wp-json\/wp\/v2\/comments?post=1007"}],"version-history":[{"count":1,"href":"https:\/\/beethoven.org.pl\/recenzje\/wp-json\/wp\/v2\/pages\/1007\/revisions"}],"predecessor-version":[{"id":1008,"href":"https:\/\/beethoven.org.pl\/recenzje\/wp-json\/wp\/v2\/pages\/1007\/revisions\/1008"}],"wp:attachment":[{"href":"https:\/\/beethoven.org.pl\/recenzje\/wp-json\/wp\/v2\/media?parent=1007"}],"curies":[{"name":"wp","href":"https:\/\/api.w.org\/{rel}","templated":true}]}}