{"id":845,"date":"2020-10-18T10:03:11","date_gmt":"2020-10-18T08:03:11","guid":{"rendered":"http:\/\/beethoven.org.pl\/recenzje\/?page_id=845"},"modified":"2020-10-18T10:03:11","modified_gmt":"2020-10-18T08:03:11","slug":"mlodziezowy-wieczor-z-chopinem-i-mendelssohnem","status":"publish","type":"page","link":"https:\/\/beethoven.org.pl\/recenzje\/en\/mlodziezowy-wieczor-z-chopinem-i-mendelssohnem\/","title":{"rendered":"(Polski) M\u0142odzie\u017cowy wiecz\u00f3r z Chopinem i Mendelssohnem"},"content":{"rendered":"<p class=\"qtranxs-available-languages-message qtranxs-available-languages-message-en\">Sorry, this entry is only available in <a href=\"https:\/\/beethoven.org.pl\/recenzje\/pl\/wp-json\/wp\/v2\/pages\/845\" class=\"qtranxs-available-language-link qtranxs-available-language-link-pl\" title=\"Polski\">Polski<\/a>.<\/p>","protected":false},"excerpt":{"rendered":"<p>Sorry, this entry is only available in Polski.<\/p>\n","protected":false},"author":8,"featured_media":0,"parent":0,"menu_order":0,"comment_status":"closed","ping_status":"closed","template":"","meta":{"footnotes":""},"class_list":["post-845","page","type-page","status-publish","hentry"],"_links":{"self":[{"href":"https:\/\/beethoven.org.pl\/recenzje\/en\/wp-json\/wp\/v2\/pages\/845","targetHints":{"allow":["GET"]}}],"collection":[{"href":"https:\/\/beethoven.org.pl\/recenzje\/en\/wp-json\/wp\/v2\/pages"}],"about":[{"href":"https:\/\/beethoven.org.pl\/recenzje\/en\/wp-json\/wp\/v2\/types\/page"}],"author":[{"embeddable":true,"href":"https:\/\/beethoven.org.pl\/recenzje\/en\/wp-json\/wp\/v2\/users\/8"}],"replies":[{"embeddable":true,"href":"https:\/\/beethoven.org.pl\/recenzje\/en\/wp-json\/wp\/v2\/comments?post=845"}],"version-history":[{"count":1,"href":"https:\/\/beethoven.org.pl\/recenzje\/en\/wp-json\/wp\/v2\/pages\/845\/revisions"}],"predecessor-version":[{"id":846,"href":"https:\/\/beethoven.org.pl\/recenzje\/en\/wp-json\/wp\/v2\/pages\/845\/revisions\/846"}],"wp:attachment":[{"href":"https:\/\/beethoven.org.pl\/recenzje\/en\/wp-json\/wp\/v2\/media?parent=845"}],"curies":[{"name":"wp","href":"https:\/\/api.w.org\/{rel}","templated":true}]}}