{"id":675,"date":"2018-10-02T11:52:35","date_gmt":"2018-10-02T09:52:35","guid":{"rendered":"http:\/\/beethoven.org.pl\/recenzje\/?page_id=675"},"modified":"2018-10-02T11:55:30","modified_gmt":"2018-10-02T09:55:30","slug":"michal-klubinski-beethoven-magazine-krzysztof-ksiazek-chopin-piano-works-dux","status":"publish","type":"page","link":"https:\/\/beethoven.org.pl\/recenzje\/en\/michal-klubinski-beethoven-magazine-krzysztof-ksiazek-chopin-piano-works-dux\/","title":{"rendered":"(Polski) Micha\u0142 Klubi\u0144ski, Beethoven Magazine &#8211; &#8220;Krzysztof Ksi\u0105\u017cek, Chopin Piano Works, DUX&#8221;"},"content":{"rendered":"<p class=\"qtranxs-available-languages-message qtranxs-available-languages-message-en\">Sorry, this entry is only available in <a href=\"https:\/\/beethoven.org.pl\/recenzje\/pl\/wp-json\/wp\/v2\/pages\/675\" class=\"qtranxs-available-language-link qtranxs-available-language-link-pl\" title=\"Polski\">Polski<\/a>.<\/p>","protected":false},"excerpt":{"rendered":"<p>Sorry, this entry is only available in Polski.<\/p>\n","protected":false},"author":2,"featured_media":0,"parent":0,"menu_order":0,"comment_status":"closed","ping_status":"closed","template":"","meta":{"footnotes":""},"class_list":["post-675","page","type-page","status-publish","hentry"],"_links":{"self":[{"href":"https:\/\/beethoven.org.pl\/recenzje\/en\/wp-json\/wp\/v2\/pages\/675","targetHints":{"allow":["GET"]}}],"collection":[{"href":"https:\/\/beethoven.org.pl\/recenzje\/en\/wp-json\/wp\/v2\/pages"}],"about":[{"href":"https:\/\/beethoven.org.pl\/recenzje\/en\/wp-json\/wp\/v2\/types\/page"}],"author":[{"embeddable":true,"href":"https:\/\/beethoven.org.pl\/recenzje\/en\/wp-json\/wp\/v2\/users\/2"}],"replies":[{"embeddable":true,"href":"https:\/\/beethoven.org.pl\/recenzje\/en\/wp-json\/wp\/v2\/comments?post=675"}],"version-history":[{"count":1,"href":"https:\/\/beethoven.org.pl\/recenzje\/en\/wp-json\/wp\/v2\/pages\/675\/revisions"}],"predecessor-version":[{"id":676,"href":"https:\/\/beethoven.org.pl\/recenzje\/en\/wp-json\/wp\/v2\/pages\/675\/revisions\/676"}],"wp:attachment":[{"href":"https:\/\/beethoven.org.pl\/recenzje\/en\/wp-json\/wp\/v2\/media?parent=675"}],"curies":[{"name":"wp","href":"https:\/\/api.w.org\/{rel}","templated":true}]}}