{"id":531,"date":"2017-04-08T11:34:30","date_gmt":"2017-04-08T09:34:30","guid":{"rendered":"http:\/\/beethoven.org.pl\/recenzje\/?page_id=531"},"modified":"2017-04-22T21:35:41","modified_gmt":"2017-04-22T19:35:41","slug":"english-unknown-bizet-or-an-oriental-love-story","status":"publish","type":"page","link":"https:\/\/beethoven.org.pl\/recenzje\/en\/english-unknown-bizet-or-an-oriental-love-story\/","title":{"rendered":"Unknown Bizet, or an oriental love story"},"content":{"rendered":"<p>A light, juvenile symphony and the exotic opera <i>Djamileh <\/i>by Georges Bizet charmed the audience on Friday night.<\/p>\n<p>The major work on the programme of the Friday concert was the opera <i>Djamileh<\/i>, while <i>Symphony in C major, <\/i>composed by a 17-year-old Bizet in 1855, served as an appetizer. Surprisingly, it was this symphony by Georges Bizet that emerged as a true gem, a juvenile work of the brilliant composer of the legendary <i>Carmen<\/i>. Let\u2019s say it right up front: there is nothing innovative about it, indeed quite the opposite: we find clear influences of Beethoven, Schubert, Mendelssohn, or even the Italian bel canto composers. Bizet\u2019s style was yet to come. But the symphony is characterized by unpretentiousness, charm, and an exuberant wealth of musical ideas and connotations. It gives us many delectable passages: the oboe solo, which brings an oriental feel (a good introduction to <i>Djamileh<\/i>), the rustic third movement (<i>Menuetto: Allegro vivace<\/i>) with a pastoral oboe solo, or the tonally attractive instrumental effects, such as the pizzicato accompaniment of the violins in the second movement (<i>Adagio<\/i>). The work sounded splendid under the direction of \u0141ukasz Borowicz.<\/p>\n<p>The story of<i> Djamileh<\/i> is grist to the mill of those idealists and romantics who believe that love always wins and even the most happy-go-lucky man will finally allow himself to be ensnared by love. Georges Bizet\u2019s one-act opera <i>Djamileh <\/i>(1871), which yesterday received its Polish premiere in concert form under highly successful \u0141ukasz Borowicz, is set to a libretto by Louis Gallet. Sultan Haroun (tenor) is an oriental counterpart of the Duke of Mantua from Verdi\u2019s <i>Rigoletto<\/i>, an inveterate womanizer whose \u201cheart is a desert\u201d; he has a passion for sex with slave-girls \u2013 every month his servant Splendiano (baritone \u2013 George Mosley) provides him with a new mistress. His next slave-girl is Djamileh (mezzo-soprano), who does not conceal her burning affection for Haroun. Her faith moves mountains: the remorseful sultan declares his love, and a happy ending ensues. For this simple story Bizet composed charming music, and it\u2019s a wonder it was not appreciated by his contemporaries. Especially the accusations of his being influenced by Wagner seem absurd today: <i>Djamileh<\/i> is a superbly instrumented score, in which French charm is combined with oriental style to create an enchanting atmosphere.<\/p>\n<p>Bizet\u2019s opera, unknown to the public in Poland, received a fine performance at the Easter Festival. \u0141ukasz Borowicz rose to the task with care and characteristic enthusiasm which infected the Pozna\u0144 Chamber Choir and the Orchestra of Pozna\u0144 Philharmonic. An interesting approach was to entrust the recitatives to an actor \u2013 Wojciech Pszoniak read the Polish text, the lines that each of the protagonists would deliver on stage. The word \u201cread\u201d would be an understatement: for each character \u2013 Haroun, Splendiano, Djamileh and the Slave Merchant, the actor found a distinct timbre and pitch, thus speaking in many voices and becoming a polyphonic actor. He adopted a buffa tone (<i>Djamileh<\/i> is a comic opera) and used irony to show the alleged suffering of Haroun, blas\u00e9 from having too many women. A theatre of imagination.<\/p>\n<p>Well done to soloists! The performance of <i>Djamileh<\/i>, with the artistic consultancy of Piotr Kami\u0144ski, was carried out in collaboration with the Yale School of Music Voice and Opera Department and its artistic director, professor Doris Yarick-Cross. The lyrical tenor of Eric Barry, with whom the festival audience is familiar, sounded great as Haroun. What gave me the greatest pleasure was to hear the dense, flowing legato sung with one continuous breath by mezzo-soprano Jennifer Feinstein, who portrayed Djamileh. She has achieved a lot as an artist, singing Santuzza in <i>Cavalleria rusticana<\/i>, Adalgisa in <i>Norma<\/i> and Carmen with St. Petersburg Opera and \u2013 interestingly for Poles \u2013 Sofia in <i>Halka <\/i>with the German Pfalztheater Kaiserslautern.<\/p>\n<p><b>Anna S. D\u0119bowska<\/b><\/p>\n<p><i>Friday, 7 April, 7:30 pm, Warsaw Philharmonic Concert Hall<\/i><\/p>","protected":false},"excerpt":{"rendered":"<p>A light, juvenile symphony and the exotic opera Djamileh by Georges Bizet charmed the audience on Friday night. The major work on the programme of the Friday concert was the opera Djamileh, while Symphony in C major, composed by a 17-year-old Bizet in 1855, served as an appetizer. Surprisingly, it was this symphony by Georges [&hellip;]<\/p>\n","protected":false},"author":8,"featured_media":0,"parent":0,"menu_order":0,"comment_status":"closed","ping_status":"closed","template":"","meta":{"footnotes":""},"class_list":["post-531","page","type-page","status-publish","hentry"],"_links":{"self":[{"href":"https:\/\/beethoven.org.pl\/recenzje\/en\/wp-json\/wp\/v2\/pages\/531","targetHints":{"allow":["GET"]}}],"collection":[{"href":"https:\/\/beethoven.org.pl\/recenzje\/en\/wp-json\/wp\/v2\/pages"}],"about":[{"href":"https:\/\/beethoven.org.pl\/recenzje\/en\/wp-json\/wp\/v2\/types\/page"}],"author":[{"embeddable":true,"href":"https:\/\/beethoven.org.pl\/recenzje\/en\/wp-json\/wp\/v2\/users\/8"}],"replies":[{"embeddable":true,"href":"https:\/\/beethoven.org.pl\/recenzje\/en\/wp-json\/wp\/v2\/comments?post=531"}],"version-history":[{"count":1,"href":"https:\/\/beethoven.org.pl\/recenzje\/en\/wp-json\/wp\/v2\/pages\/531\/revisions"}],"predecessor-version":[{"id":532,"href":"https:\/\/beethoven.org.pl\/recenzje\/en\/wp-json\/wp\/v2\/pages\/531\/revisions\/532"}],"wp:attachment":[{"href":"https:\/\/beethoven.org.pl\/recenzje\/en\/wp-json\/wp\/v2\/media?parent=531"}],"curies":[{"name":"wp","href":"https:\/\/api.w.org\/{rel}","templated":true}]}}