{"id":490,"date":"2017-04-10T23:34:48","date_gmt":"2017-04-10T21:34:48","guid":{"rendered":"http:\/\/beethoven.org.pl\/recenzje\/?page_id=490"},"modified":"2017-05-15T11:32:19","modified_gmt":"2017-05-15T09:32:19","slug":"wieczor-z-poematami-symfonicznymi","status":"publish","type":"page","link":"https:\/\/beethoven.org.pl\/recenzje\/en\/wieczor-z-poematami-symfonicznymi\/","title":{"rendered":"Evening of tone poems"},"content":{"rendered":"<p>So far at the Easter Festival, the influences of painting on music have manifested themselves most extensively on Monday in the symphonic poems of Mieczys\u0142aw Kar\u0142owicz and Max Reger, and, taking into account an exhibition of J\u00f3zef Wilko\u0144\u2019s works <em>Don Quixote and Sancho Panza<\/em>, which accompanies the festival at the Warsaw Philharmonic, also in Richard Strauss\u2019s <em>Don Quixote<\/em>, although this symphonic poem makes a direct reference to the legendary mock-heroic poem by Miguel de Cervantes. They were performed by the Warsaw Philharmonic Orchestra led by the Dutch conductor Hubert Soudant.<\/p>\n<p>&nbsp;<\/p>\n<p>Polish music lovers are filled with pride when they hear the works of Mieczys\u0142aw Kar\u0142owicz. All of his symphonic poems are worthy of European masterpieces \u2013 the composer had a flair for melodic ingenuity, his works are masterfully orchestrated, with dense polyphony; this especially concerns the poem presented on Monday,\u00a0 <em>Stanis\u0142aw and Anna O\u015bwiecim<\/em>, Op. 12 (1908), a Polish version of Romeo and Juliet. It was based on a tale of the passionate but incestuous love of brother and sister, which receives a papal dispensation but the siblings never marry because Anna dies, as does Stanis\u0142aw shortly afterwards. For Kar\u0142owicz, \u00a0the direct inspiration for composing this powerful, dramatic work was a painting by Stanis\u0142aw Bergman, a student of Jan Matejko, and his score strikingly juxtaposes three clear motifs: Stanis\u0142aw, Anna, and the fate motif.<\/p>\n<p>A completely different musical language emerged in the <em>Vier Tondichtungen nach Arnold B\u00f6cklin<\/em>, Op. 128, one of the best works of Max Reger (1913). It was inspired by symbolic paintings of Arnold B\u00f6cklin, a Swiss painter living in Italy, author of the famous <em>Isle of the Dead <\/em>(he created five versions in all). Sergei Rachmaninov admired this painting so much that he composed an emotionally dense symphonic poem with the obsessive motif of death. Reger\u2019s poems were composed five years after Rachmaninov\u2019s work \u2013 the German composer made references to several of B\u00f6cklin\u2019s paintings, including <em>The Isle of the Dead<\/em>. The first poem, entitled <em>The Hermit Fiddler, <\/em>is a kind of archaized orchestral idyll, in which for almost the entire work a solo violin soars above the tutti strings and woodwinds. The solo was performed by Maria Machowska, the concertmaster of the Warsaw Philharmonic Orchestra, who emphasized the composition\u2019s lyrical atmosphere. The second poem \u2013 <em>Playing in the Waves <\/em>\u2013 is lively and playful, and the orchestra imitates the motion of the waves. The third \u2013 <em>Isle of the Dead<\/em> \u2013 is characterized by sombre tones, and the fourth, entitled <em>Bacchanale<\/em>, inspired by several paintings by B\u00f6cklin, is marked by the orchestra\u2019s violent climaxes. This highly interesting work needs the hand of a visionary conductor.<\/p>\n<p>&nbsp;<\/p>\n<p>In the second half of the concert we were treated to Richard Strauss\u2019s <em>Don Quixote<\/em>, in which three instruments intertwine: solo violin, viola, and cello. The cello speaks on behalf of the Knight of the Woeful Figure \u2013 this truly stunning part was performed by the greatest virtuosos of this instrument, such as Pablo Casals and Mstislav Rostropovich. On Monday it was played by the Israeli Amit Peled, who had Pablo Casals\u2019s 1733 Matteo Gofriller marvelous cello. Indeed, the tone of this extraordinary instrument resembles the timbre of a human voice. Cervantes\u2019 Don Quixote is a parody of the chivalric epic, and Richard Strauss aptly grasped the ironic substance of the great Spanish novel. This musical epic uses very impressive means of instrumental colour and complex polyphony to depict successive episodes from the life and exploits of Don Quixote (theme with variations). The knight errant takes a flock of sheep as an imperial army, monks as enchanters, and a peasant woman as a noble lady. In <em>The Ride through the Air<\/em>, Richard Strauss even uses a wind machine. Under the baton of Hubert Soudant, <em>Don Quixote <\/em>sounded evocatively and at times very characteristically. The Warsaw Philharmonic Orchestra handled this extremely difficult work very well.<\/p>\n<p><strong>Anna S. D\u0119bowska <\/strong><\/p>\n<p><em>Monday, 10 April, 7:30 pm, Warsaw Philharmonic Concert Hall<\/em><\/p>","protected":false},"excerpt":{"rendered":"<p>So far at the Easter Festival, the influences of painting on music have manifested themselves most extensively on Monday in the symphonic poems of Mieczys\u0142aw Kar\u0142owicz and Max Reger, and, taking into account an exhibition of J\u00f3zef Wilko\u0144\u2019s works Don Quixote and Sancho Panza, which accompanies the festival at the Warsaw Philharmonic, also in Richard [&hellip;]<\/p>\n","protected":false},"author":8,"featured_media":0,"parent":0,"menu_order":0,"comment_status":"closed","ping_status":"closed","template":"","meta":{"footnotes":""},"class_list":["post-490","page","type-page","status-publish","hentry"],"_links":{"self":[{"href":"https:\/\/beethoven.org.pl\/recenzje\/en\/wp-json\/wp\/v2\/pages\/490","targetHints":{"allow":["GET"]}}],"collection":[{"href":"https:\/\/beethoven.org.pl\/recenzje\/en\/wp-json\/wp\/v2\/pages"}],"about":[{"href":"https:\/\/beethoven.org.pl\/recenzje\/en\/wp-json\/wp\/v2\/types\/page"}],"author":[{"embeddable":true,"href":"https:\/\/beethoven.org.pl\/recenzje\/en\/wp-json\/wp\/v2\/users\/8"}],"replies":[{"embeddable":true,"href":"https:\/\/beethoven.org.pl\/recenzje\/en\/wp-json\/wp\/v2\/comments?post=490"}],"version-history":[{"count":4,"href":"https:\/\/beethoven.org.pl\/recenzje\/en\/wp-json\/wp\/v2\/pages\/490\/revisions"}],"predecessor-version":[{"id":538,"href":"https:\/\/beethoven.org.pl\/recenzje\/en\/wp-json\/wp\/v2\/pages\/490\/revisions\/538"}],"wp:attachment":[{"href":"https:\/\/beethoven.org.pl\/recenzje\/en\/wp-json\/wp\/v2\/media?parent=490"}],"curies":[{"name":"wp","href":"https:\/\/api.w.org\/{rel}","templated":true}]}}