{"id":1059,"date":"2022-09-06T14:45:52","date_gmt":"2022-09-06T12:45:52","guid":{"rendered":"http:\/\/beethoven.org.pl\/recenzje\/?page_id=1059"},"modified":"2022-09-06T22:13:13","modified_gmt":"2022-09-06T20:13:13","slug":"kwartet-slaski-i-wybiegajacy-w-przyszlosc-dobrzynski","status":"publish","type":"page","link":"https:\/\/beethoven.org.pl\/recenzje\/en\/kwartet-slaski-i-wybiegajacy-w-przyszlosc-dobrzynski\/","title":{"rendered":"(Polski) Kwartet \u015al\u0105ski i wybiegaj\u0105cy w przysz\u0142o\u015b\u0107 Dobrzy\u0144ski"},"content":{"rendered":"<p class=\"qtranxs-available-languages-message qtranxs-available-languages-message-en\">Sorry, this entry is only available in <a href=\"https:\/\/beethoven.org.pl\/recenzje\/pl\/wp-json\/wp\/v2\/pages\/1059\" class=\"qtranxs-available-language-link qtranxs-available-language-link-pl\" title=\"Polski\">Polski<\/a>.<\/p>","protected":false},"excerpt":{"rendered":"<p>Sorry, this entry is only available in Polski.<\/p>\n","protected":false},"author":8,"featured_media":0,"parent":0,"menu_order":0,"comment_status":"closed","ping_status":"closed","template":"","meta":{"footnotes":""},"class_list":["post-1059","page","type-page","status-publish","hentry"],"_links":{"self":[{"href":"https:\/\/beethoven.org.pl\/recenzje\/en\/wp-json\/wp\/v2\/pages\/1059","targetHints":{"allow":["GET"]}}],"collection":[{"href":"https:\/\/beethoven.org.pl\/recenzje\/en\/wp-json\/wp\/v2\/pages"}],"about":[{"href":"https:\/\/beethoven.org.pl\/recenzje\/en\/wp-json\/wp\/v2\/types\/page"}],"author":[{"embeddable":true,"href":"https:\/\/beethoven.org.pl\/recenzje\/en\/wp-json\/wp\/v2\/users\/8"}],"replies":[{"embeddable":true,"href":"https:\/\/beethoven.org.pl\/recenzje\/en\/wp-json\/wp\/v2\/comments?post=1059"}],"version-history":[{"count":2,"href":"https:\/\/beethoven.org.pl\/recenzje\/en\/wp-json\/wp\/v2\/pages\/1059\/revisions"}],"predecessor-version":[{"id":1064,"href":"https:\/\/beethoven.org.pl\/recenzje\/en\/wp-json\/wp\/v2\/pages\/1059\/revisions\/1064"}],"wp:attachment":[{"href":"https:\/\/beethoven.org.pl\/recenzje\/en\/wp-json\/wp\/v2\/media?parent=1059"}],"curies":[{"name":"wp","href":"https:\/\/api.w.org\/{rel}","templated":true}]}}