{"id":1034,"date":"2022-04-14T23:46:05","date_gmt":"2022-04-14T21:46:05","guid":{"rendered":"http:\/\/beethoven.org.pl\/recenzje\/?page_id=1034"},"modified":"2022-04-14T23:46:05","modified_gmt":"2022-04-14T21:46:05","slug":"modlitwa-za-ukraine-karlowicz-i-dvorak-pod-dyrekcja-yaroslava-shemeta","status":"publish","type":"page","link":"https:\/\/beethoven.org.pl\/recenzje\/en\/modlitwa-za-ukraine-karlowicz-i-dvorak-pod-dyrekcja-yaroslava-shemeta\/","title":{"rendered":"(Polski) &#8221;Modlitwa za Ukrain\u0119&#8221;, Kar\u0142owicz i Dvo\u0159\u00e1k pod dyrekcj\u0105 Yaroslava Shemeta"},"content":{"rendered":"<p class=\"qtranxs-available-languages-message qtranxs-available-languages-message-en\">Sorry, this entry is only available in <a href=\"https:\/\/beethoven.org.pl\/recenzje\/pl\/wp-json\/wp\/v2\/pages\/1034\" class=\"qtranxs-available-language-link qtranxs-available-language-link-pl\" title=\"Polski\">Polski<\/a>.<\/p>","protected":false},"excerpt":{"rendered":"<p>Sorry, this entry is only available in Polski.<\/p>\n","protected":false},"author":8,"featured_media":0,"parent":0,"menu_order":0,"comment_status":"closed","ping_status":"closed","template":"","meta":{"footnotes":""},"class_list":["post-1034","page","type-page","status-publish","hentry"],"_links":{"self":[{"href":"https:\/\/beethoven.org.pl\/recenzje\/en\/wp-json\/wp\/v2\/pages\/1034","targetHints":{"allow":["GET"]}}],"collection":[{"href":"https:\/\/beethoven.org.pl\/recenzje\/en\/wp-json\/wp\/v2\/pages"}],"about":[{"href":"https:\/\/beethoven.org.pl\/recenzje\/en\/wp-json\/wp\/v2\/types\/page"}],"author":[{"embeddable":true,"href":"https:\/\/beethoven.org.pl\/recenzje\/en\/wp-json\/wp\/v2\/users\/8"}],"replies":[{"embeddable":true,"href":"https:\/\/beethoven.org.pl\/recenzje\/en\/wp-json\/wp\/v2\/comments?post=1034"}],"version-history":[{"count":1,"href":"https:\/\/beethoven.org.pl\/recenzje\/en\/wp-json\/wp\/v2\/pages\/1034\/revisions"}],"predecessor-version":[{"id":1035,"href":"https:\/\/beethoven.org.pl\/recenzje\/en\/wp-json\/wp\/v2\/pages\/1034\/revisions\/1035"}],"wp:attachment":[{"href":"https:\/\/beethoven.org.pl\/recenzje\/en\/wp-json\/wp\/v2\/media?parent=1034"}],"curies":[{"name":"wp","href":"https:\/\/api.w.org\/{rel}","templated":true}]}}