{"id":67,"date":"2016-07-29T10:16:33","date_gmt":"2016-07-29T08:16:33","guid":{"rendered":"http:\/\/dev.yoho.pl\/beethoven\/orkiestra\/?page_id=67"},"modified":"2023-03-18T19:25:23","modified_gmt":"2023-03-18T18:25:23","slug":"o-nas","status":"publish","type":"page","link":"https:\/\/beethoven.org.pl\/orkiestra\/o-nas\/","title":{"rendered":"O nas"},"content":{"rendered":"<p>\u201e&#8230; Ju\u017c po pierwszych taktach s\u0142ycha\u0107, \u017ce za\u0142o\u017cona w 2003 roku Orkiestra Akademii Beethovenowskiej z Krakowa sk\u0142ada si\u0119 z najbardziej uzdolnionych m\u0142odych talent\u00f3w muzycznych w Polsce.\u201d<\/p>\n<p><em>Annika Senger\/ Online Musik Magazine <\/em><\/p>\n<p><em>\u00a0<\/em><\/p>\n<p>Jeden z czo\u0142owych polskich zespo\u0142\u00f3w symfonicznych m\u0142odego pokolenia. Tworz\u0105 go najwybitniejsi studenci i absolwenci europejskich wy\u017cszych szk\u00f3\u0142 muzycznych, m.in. Akademii Muzycznej w Krakowie, Hochschule f\u00fcr Musik und Darstellende Kunst w Stuttgarcie, Hochschule f\u00fcr Musik w Karlsruhe, Royal Music Conservatoire w Brukseli, Conservatoire International de Musique w Pary\u017cu i Universit\u00e4t f\u00fcr Musik und darstellende Kunst w Grazu. Zesp\u00f3\u0142 rozpocz\u0105\u0142 dzia\u0142alno\u015b\u0107 w 2003 roku, tu\u017c po sukcesach na 53 festiwalu J\u00fcnger K\u00fcnstler Bayreuth.<\/p>\n<p>&nbsp;<\/p>\n<p>W 2005 roku, za spraw\u0105 El\u017cbiety Pendereckiej, Orkiestra Akademii Beethovenowskiej zadebiutowa\u0142a podczas IX Wielkanocnego Festiwalu Ludwiga van Beethovena w Warszawie, gromadz\u0105c wy\u015bmienite recenzje oraz otrzymuj\u0105c wiele zaprosze\u0144 do udzia\u0142u w presti\u017cowych festiwalach w kraju i za granic\u0105.<\/p>\n<p>&nbsp;<\/p>\n<p>Orkiestra nagra\u0142a dotychczas siedemna\u015bcie p\u0142yt, mi\u0119dzy innymi dla wytw\u00f3rni DUX Poland, Centaur Reccords USA, Le Foxx Music oraz Universal Music. Podpisa\u0142a r\u00f3wnie\u017c kontrakt z renomowan\u0105 oficyn\u0105 wydawnicz\u0105 EMI London KPM. Z r\u00f3wnie wielkim sukcesem jak po partytury muzyki klasycznej, Orkiestra Akademii Beethovenowskiej si\u0119ga po przeboje muzyki rozrywkowej czy filmowej. Na koncie ma nagrania \u015bcie\u017cek d\u017awi\u0119kowych dla takich gigant\u00f3w jak Warner Bros czy Monolith, wsp\u00f3\u0142prac\u0119 z kompozytorami Hansem Zimmerem, Elliotem Goldenthalem, Micha\u0142em Lorencem i Janem A. P. Kaczmarkiem, a tak\u017ce rejestracj\u0119 niezwykle popularnego albumu \u201eSiedem Pie\u015bni Marii\u201d (Universal Music Polska), kt\u00f3ry w b\u0142yskawicznym tempie zyska\u0142 status platynowej p\u0142yty, sprzedaj\u0105c si\u0119 w nak\u0142adzie przekraczaj\u0105cym 300 tysi\u0119cy egzemplarzy.<\/p>\n<p>&nbsp;<\/p>\n<p>Artystyczn\u0105 i organizacyjn\u0105 piecz\u0119 nad zespo\u0142em pe\u0142ni od samego pocz\u0105tku Marcin Klejdysz. Od listopada 2013 roku, na zaproszenie artyst\u00f3w Orkiestry Akademii Beethovenowskiej, funkcj\u0119 pierwszego dyrygenta obj\u0105\u0142 maestro Jacek Kaspszyk.<\/p>\n<p>&nbsp;<\/p>\n<p>Wysok\u0105 klas\u0119 orkiestry potwierdza r\u00f3wnie\u017c wsp\u00f3\u0142praca z najwi\u0119kszymi autorytetami sztuki dyrygenckiej, kompozytorami i solistami, w\u015br\u00f3d kt\u00f3rych znale\u017ali si\u0119 Krzysztof Penderecki, Gabriel Chmura, Micha\u0142 Dworzy\u0144ski, Wolfgang Seeliger, Andreas Spering, \u0141ukasz Borowicz, Cristiano Vasquez, Micha\u0142 Klauza, Piotr Su\u0142kowski, Pawe\u0142 Przytocki, Steven Isserlis, Kaja Danczowska, Krzysztof Jab\u0142o\u0144ski, Aleksandra Kurzak, \u0141ukasz D\u0142ugosz, Gautier Capu\u00e7on, Ma\u0142gorzata Walewska, Aleksander Kobrin, Kolja Blacher, Wibi Soerjadi, Thomas Quasthoff, Konstantin Scherbakov, Ingolf Wunder, Christian Lindberg, Oystein Baadsvik, Kevin Kenner, Bartosz Koziak, So-Ock Kim, Edita Gruberova, Iwona Sobotka, Rafa\u0142 Bartmi\u0144ski, a tak\u017ce triumfatorzy i uczestnicy XVII Mi\u0119dzynarodowego Konkursu Pianistycznego im. Fryderyka Chopina w Warszawie: Charles Richard-Hamelin, Szymon Nehring, Dmitry Shishkin, Krzysztof Ksi\u0105\u017cek.<\/p>\n<p>&nbsp;<\/p>\n<p>Zesp\u00f3\u0142 go\u015bci\u0142 na s\u0142ynnych scenach koncertowych Europy i \u015bwiata, w tym Alte Oper Frankfurt, wiede\u0144skiej Musikverein, Great Hall of People w Pekinie, Xinhai Concert Hall, Sanat Concert Hall w Stambule czy Konzerthaus w Berlinie. Regularnie wyst\u0119puje na Wielkanocnym Festiwalu Ludwiga van Beethovena Warszawie, Festiwalu Muzyki Polskiej w Moskwie, Last Night of the Proms in Cracow oraz Festiwalu Muzyki Filmowej w Krakowie, podczas kt\u00f3rego w 2014 roku mia\u0142 zaszczyt u\u015bwietni\u0107 spektakularn\u0105 Mi\u0119dzynarodow\u0105 Gal\u0119 100-lecia Ameryka\u0144skiego Stowarzyszenia Kompozytor\u00f3w, Autor\u00f3w i Wydawc\u00f3w (ASCAP). W maju 2017 roku Orkiestra Akademii Beethovenowskiej ponownie we\u017amie udzia\u0142 w Festiwalu Muzyki Filmowej w Krakowie, tym razem koncertuj\u0105c podczas uroczystej gali jubileuszowej 10-lecia tego wydarzenia.<\/p>\n<p>&nbsp;<\/p>\n<p>Orkiestra daje cykliczne koncerty z Ch\u00f3rem Koncertowym Darmstadt, gdzie od 2011 roku pe\u0142ni rol\u0119 zespo\u0142u rezyduj\u0105cego. Przyk\u0142ada tak\u017ce ogromn\u0105 wag\u0119 do edukacji najm\u0142odszych meloman\u00f3w. Przy wsparciu Ministerstwa Kultury i Dziedzictwa Narodowego, Polskiego Instytutu Sztuki Filmowej oraz lokalnych samorz\u0105d\u00f3w zrealizowa\u0142a kilkadziesi\u0105t koncert\u00f3w w cyklach: Bolek i Lolek symfonicznie, Bajkowe melodie, Ptasie plotki czyli rzecz o muzyce. Na zaproszenie Krakowskiego Biura Festiwalowego orkiestra zainaugurowa\u0142a otwarcie hali Tauron Areny dla 16 tysi\u0119cy najm\u0142odszych widz\u00f3w w produkcji Pixar in concert.<\/p>\n<p>Obecnie Orkiestra Akademii Beethovenowskiej koncertuje w kraju i za granic\u0105, realizuj\u0105c m.in. 8. edycj\u0119 autorskiego cyklu \u201eJeszcze polska muzyka&#8230;\u201d promuj\u0105cego zapomnian\u0105 muzyk\u0119 polsk\u0105.<\/p>","protected":false},"excerpt":{"rendered":"<p>\u201e&#8230; Ju\u017c po pierwszych taktach s\u0142ycha\u0107, \u017ce za\u0142o\u017cona w 2003 roku Orkiestra Akademii Beethovenowskiej z Krakowa sk\u0142ada si\u0119 z najbardziej uzdolnionych m\u0142odych talent\u00f3w muzycznych w Polsce.\u201d Annika Senger\/ Online Musik Magazine \u00a0 Jeden z czo\u0142owych polskich zespo\u0142\u00f3w symfonicznych m\u0142odego pokolenia. Tworz\u0105 go najwybitniejsi studenci i absolwenci europejskich wy\u017cszych szk\u00f3\u0142 muzycznych, m.in. Akademii Muzycznej w Krakowie, [&hellip;]<\/p>\n","protected":false},"author":1,"featured_media":0,"parent":0,"menu_order":2,"comment_status":"closed","ping_status":"closed","template":"","meta":{"footnotes":""},"class_list":["post-67","page","type-page","status-publish","hentry"],"_links":{"self":[{"href":"https:\/\/beethoven.org.pl\/orkiestra\/wp-json\/wp\/v2\/pages\/67","targetHints":{"allow":["GET"]}}],"collection":[{"href":"https:\/\/beethoven.org.pl\/orkiestra\/wp-json\/wp\/v2\/pages"}],"about":[{"href":"https:\/\/beethoven.org.pl\/orkiestra\/wp-json\/wp\/v2\/types\/page"}],"author":[{"embeddable":true,"href":"https:\/\/beethoven.org.pl\/orkiestra\/wp-json\/wp\/v2\/users\/1"}],"replies":[{"embeddable":true,"href":"https:\/\/beethoven.org.pl\/orkiestra\/wp-json\/wp\/v2\/comments?post=67"}],"version-history":[{"count":4,"href":"https:\/\/beethoven.org.pl\/orkiestra\/wp-json\/wp\/v2\/pages\/67\/revisions"}],"predecessor-version":[{"id":174,"href":"https:\/\/beethoven.org.pl\/orkiestra\/wp-json\/wp\/v2\/pages\/67\/revisions\/174"}],"wp:attachment":[{"href":"https:\/\/beethoven.org.pl\/orkiestra\/wp-json\/wp\/v2\/media?parent=67"}],"curies":[{"name":"wp","href":"https:\/\/api.w.org\/{rel}","templated":true}]}}