{"id":1693,"date":"2017-10-06T15:22:48","date_gmt":"2017-10-06T13:22:48","guid":{"rendered":"http:\/\/beethoven.org.pl\/artysci\/?page_id=1693"},"modified":"2025-08-28T11:11:19","modified_gmt":"2025-08-28T09:11:19","slug":"duo-zahaczewska-ksiazek-ksiazek","status":"publish","type":"page","link":"https:\/\/beethoven.org.pl\/artysci\/duo-zahaczewska-ksiazek-ksiazek\/","title":{"rendered":"Ksi\u0105\u017cek Piano Duo"},"content":{"rendered":"<p><\/p>\n<h3 style=\"text-align: center\">Laureaci nagr\u00f3d, wyr\u00f3\u017cniani w dziedzinie kameralistyki w Polsce i na \u015bwiecie<\/h3>\n<p>&nbsp;<\/p>\n<p><img loading=\"lazy\" decoding=\"async\" class=\"alignnone wp-image-1695 size-full\" src=\"http:\/\/beethoven.org.pl\/artysci\/wp-content\/uploads\/sites\/2\/2017\/10\/Przechwytywanie.png\" alt=\"\" width=\"929\" height=\"621\" srcset=\"https:\/\/beethoven.org.pl\/artysci\/wp-content\/uploads\/sites\/2\/2017\/10\/Przechwytywanie.png 929w, https:\/\/beethoven.org.pl\/artysci\/wp-content\/uploads\/sites\/2\/2017\/10\/Przechwytywanie-300x201.png 300w, https:\/\/beethoven.org.pl\/artysci\/wp-content\/uploads\/sites\/2\/2017\/10\/Przechwytywanie-768x513.png 768w\" sizes=\"auto, (max-width: 929px) 100vw, 929px\" \/><\/p>\n<p>&nbsp;<\/p>\n<p>Zesp\u00f3\u0142 za\u0142o\u017cony w 2012 r. przez Agnieszk\u0119 Zahaczewsk\u0105-Ksi\u0105\u017cek i Krzysztofa Ksi\u0105\u017cka. Muzycy rozpocz\u0119li wsp\u00f3\u0142prac\u0119 pod okiem dr hab. S\u0142awomira Cierpika w Akademii Muzycznej w Krakowie, p\u00f3\u017aniej pracowali tak\u017ce pod kierunkiem prof. Marii Szwajger-Ku\u0142akowskiej i prof. Arie Vardiego.<\/p>\n<p>W 2025 roku Ksi\u0105\u017cek Piano Duo zosta\u0142o laureatami II nagrody 12. Mi\u0119dzynarodowego Konkursu Muzyki Kameralnej Franz Schubert und die Musik der Moderne w Grazu w kategorii duety fortepianowe.<\/p>\n<p>W 2024 nak\u0142adem Polskiego Radia i Stowarzyszenia im Ludwiga van Beethovena ukaza\u0142a si\u0119 p\u0142yta duetu \u201eAlla polacca!\u201d. Bezprecedensowy album zawiera przekr\u00f3j klasycystycznych utwor\u00f3w pisanych w Polsce na cztery r\u0119ce, kt\u00f3re przetrwa\u0142y do naszych czas\u00f3w \u2013 utw\u00f3ry Fryderyka Chopina, J\u00f3zefa Elsnera i Ignacego Feliksa Dobrzy\u0144skiego.<\/p>\n<p>Koncertowali w wielu miejscach w Polsce i za granic\u0105 (Szwajcaria, Francja, Wielka Brytania, RPA). W 2019 r. zdobyli II nagrod\u0119 i nagrod\u0119 specjaln\u0105 na XXI Mi\u0119dzynarodowym Konkursie Duet\u00f3w Fortepianowych im. F. Schuberta w Jeseniku oraz tytu\u0142 finalisty oraz nagrod\u0119 specjaln\u0105 na III Mi\u0119dzynarodowym Konkursie Duet\u00f3w Fortepianowych im. S. Sz\u04e7renyi w Bukareszcie. W 2020 r. arty\u015bci otrzymali stypendium \u201eM\u0142oda Polska\u201d. S\u0105 zwyci\u0119zcami \u00a0II Mi\u0119dzynarodowego\u00a0Konkursu Muzyki Polskiej im. Stanis\u0142awa Moniuszki w kategorii zespo\u0142y kameralne.<\/p>\n<p>Ksi\u0105\u017cek Piano Duo jest reprezentowane jest przez Stowarzyszenie im. Ludwiga van Beethovena.<\/p>\n<p>&nbsp;<\/p>\n<p><strong>Agnieszka Zahaczewska-Ksi\u0105\u017cek\u00a0<\/strong><\/p>\n<p>nauk\u0119 gry na fortepianie rozpocz\u0119\u0142a w wieku 7 lat. By\u0142a uczennic\u0105 Pa\u0144stwowej Szko\u0142y Muzycznej w Nowym S\u0105czu, kt\u00f3r\u0105 uko\u0144czy\u0142a z wyr\u00f3\u017cnieniem. Uczy\u0142a si\u0119 u Danuty Jarz\u0105bek, a nast\u0119pnie, od 2007 r. u prof. Stefana Wojtasa. W 2015r. uko\u0144czy\u0142a z wyr\u00f3\u017cnieniem studia w Akademii Muzycznej w Krakowie w klasie prof. Stefana Wojtasa. W latach 2015-2017 odbywa\u0142a studia podyplomowe w klasie prof. Wojciecha \u015awita\u0142y w Akademii Muzycznej im. Karola Szymanowskiego w Katowicach. Obecnie jest doktorantk\u0105 w katowickiej uczelni w klasie kameralistyki fortepianowej prof. Marii Szwajger- Ku\u0142akowskiej.<\/p>\n<p>W czasie studi\u00f3w w Krakowie kszta\u0142ci\u0142a swe umiej\u0119tno\u015bci kameralne pod kierunkiem prof. Kai Danczowskiej, dr Justyny Danczowskiej oraz dr hab.S\u0142awomira Cierpika. W 2015 r. jako cz\u0142onkini kwintetu fortepianowego zdoby\u0142a III nagrod\u0119 na Og\u00f3lnopolskim Turnieju Kameralnym w Bydgoszczy.<\/p>\n<p>Od 2018 r. wyst\u0119puje w trio fortepianowym (<em>Trio Legend<\/em> tworzy wraz z Krzysztofem Katan\u0105 i Monik\u0105 Krasick\u0105). Zesp\u00f3\u0142 otrzyma\u0142 II nagrod\u0119 na VIII Mi\u0119dzynarodowym Konkursie Muzyki Kameralnej im. Johannesa Brahmsa w Gda\u0144sku (2018) oraz I nagrod\u0119 na XXVI Mi\u0119dzynarodowym Konkursie im. Johannesa Brahmsa w P\u00f6rtschach (2019). Bra\u0142 udzia\u0142 w kursach mistrzowskich prowadzonych przez Guarneri Trio Prague w Wengen (Szwajcaria) oraz Schlitzu (Niemcy). Trio pracowa\u0142o tak\u017ce pod kierunkiem takich profesor\u00f3w jak Chia Chou, Ulrich Koella, Ida Bieler, Maria Szwajger-Ku\u0142akowska, Wies\u0142aw Kwa\u015bny. W pa\u017adzierniku 2019 r. trio rozpocz\u0119\u0142o studia w klasie prof. Stephana Goernera w Kunstuniversit\u00e4t w Grazu.<\/p>\n<p>Agnieszka od lat tworzy tak\u017ce duet fortepianowy z Krzysztofem Ksi\u0105\u017ckiem. Wsp\u00f3\u0142prac\u0119 zaczynali pod okiem dr hab. S\u0142awomira Cierpika w Akademii Muzycznej w Krakowie. Po\u017aniej\u00a0 pracowali tak\u017ce pod kierunkiem prof. Marii Szwajger-Ku\u0142akowskiej i Arie Vardiego. Wsp\u00f3lnie koncertowali w wielu miejscach w Polsce i za granic\u0105 (Szwajcaria, Francja, Wielka Brytania, RPA). W 2019 r. duet zdoby\u0142 II nagrod\u0119 i nagrod\u0119 specjaln\u0105 za najlepsze wykonanie dzie\u0142 Schuberta na XXI Mi\u0119dzynarodowym Konkursie Duet\u00f3w Fortepianowych im. F. Schuberta w Jeseniku oraz tytu\u0142 finalisty oraz nagrod\u0119 specjaln\u0105 przyznan\u0105 przez Jury M\u0142odych na III Mi\u0119dzynarodowym Konkursie Duet\u00f3w Fortepianowych im. Suzany Sz\u04e7renyi w Bukareszcie. Duet reprezentowany jest przez Stowarzyszenie im. Ludwiga van Beethovena.<\/p>\n<p>Agnieszka jest r\u00f3wnie\u017c laureatk\u0105 m\u0142odzie\u017cowych konkurs\u00f3w pianistycznych (m.in. Og\u00f3lnopolskiego Konkursu Chopinowskiego im. W\u0142adys\u0142awa K\u0119dry w \u0141odzi, Mi\u0119dzynarodowego Konkursu im. Juliusza Zar\u0119bskiego w \u0141omiankach, Og\u00f3lnopolskiego &#8222;Chopinowskie Interpretacje M\u0142odych&#8221; w Koninie-\u017bychlinie). Wyst\u0105pi\u0142a z recitalami w ramach organizowanych przez NIFC koncert\u00f3w w Muzeum Chopina w Warszawie oraz \u017belazowej Woli.<\/p>\n<p>Wielokrotnie bra\u0142a udzia\u0142 w kursach mistrzowskich, pracuj\u0105c pod kierunkiem takich profesor\u00f3w, jak Tamas Ungar, Katarzyna Popowa-Zydro\u0144, J\u00f3zef Stompel, Andrzej Tatarski, Jerzy Sterczy\u0144ski, Zbigniew Raubo i inni.<\/p>\n<p>By\u0142a stypendystk\u0105 Burmistrza Krynicy-Zdroju, fundacji stypendialnej Almanachu Muszyny, Rektora Akademii Muzycznej- w Krakowie i Katowicach, oraz programu stypendialnego \u201eM\u0142oda Polska\u201d.<\/p>\n<p>Pianistka pracuje r\u00f3wnie\u017c jako akompaniator w katedrze skrzypiec i alt\u00f3wki w Akademii Muzycznej w Krakowie.<\/p>\n<p>&nbsp;<\/p>\n<p><strong>Krzysztof Ksi\u0105\u017cek\u00a0<\/strong><a href=\"http:\/\/beethoven.org.pl\/impresariat\/artysci\/artysta\/?bio=krzysztof-ksiazek\">o arty\u015bcie<\/a><\/p>\n<p>&nbsp;<\/p>","protected":false},"excerpt":{"rendered":"<p>Laureaci nagr\u00f3d, wyr\u00f3\u017cniani w dziedzinie kameralistyki w Polsce i na \u015bwiecie &nbsp; &nbsp; Zesp\u00f3\u0142 za\u0142o\u017cony w 2012 r. przez Agnieszk\u0119 Zahaczewsk\u0105-Ksi\u0105\u017cek i Krzysztofa Ksi\u0105\u017cka. Muzycy rozpocz\u0119li wsp\u00f3\u0142prac\u0119 pod okiem dr hab. S\u0142awomira Cierpika w Akademii Muzycznej w Krakowie, p\u00f3\u017aniej pracowali tak\u017ce pod kierunkiem prof. Marii Szwajger-Ku\u0142akowskiej i prof. Arie Vardiego. W 2025 roku Ksi\u0105\u017cek Piano [&hellip;]<\/p>\n","protected":false},"author":2,"featured_media":0,"parent":0,"menu_order":92,"comment_status":"closed","ping_status":"closed","template":"template-artist.php","meta":{"footnotes":""},"categories":[9],"class_list":["post-1693","page","type-page","status-publish","hentry","category-zespoly"],"_links":{"self":[{"href":"https:\/\/beethoven.org.pl\/artysci\/wp-json\/wp\/v2\/pages\/1693","targetHints":{"allow":["GET"]}}],"collection":[{"href":"https:\/\/beethoven.org.pl\/artysci\/wp-json\/wp\/v2\/pages"}],"about":[{"href":"https:\/\/beethoven.org.pl\/artysci\/wp-json\/wp\/v2\/types\/page"}],"author":[{"embeddable":true,"href":"https:\/\/beethoven.org.pl\/artysci\/wp-json\/wp\/v2\/users\/2"}],"replies":[{"embeddable":true,"href":"https:\/\/beethoven.org.pl\/artysci\/wp-json\/wp\/v2\/comments?post=1693"}],"version-history":[{"count":21,"href":"https:\/\/beethoven.org.pl\/artysci\/wp-json\/wp\/v2\/pages\/1693\/revisions"}],"predecessor-version":[{"id":2522,"href":"https:\/\/beethoven.org.pl\/artysci\/wp-json\/wp\/v2\/pages\/1693\/revisions\/2522"}],"wp:attachment":[{"href":"https:\/\/beethoven.org.pl\/artysci\/wp-json\/wp\/v2\/media?parent=1693"}],"wp:term":[{"taxonomy":"category","embeddable":true,"href":"https:\/\/beethoven.org.pl\/artysci\/wp-json\/wp\/v2\/categories?post=1693"}],"curies":[{"name":"wp","href":"https:\/\/api.w.org\/{rel}","templated":true}]}}