{"id":1537,"date":"2017-04-11T09:51:17","date_gmt":"2017-04-11T07:51:17","guid":{"rendered":"http:\/\/beethoven.org.pl\/artysci\/?page_id=1537"},"modified":"2017-04-11T10:55:33","modified_gmt":"2017-04-11T08:55:33","slug":"yu-chien-tseng-2","status":"publish","type":"page","link":"https:\/\/beethoven.org.pl\/artysci\/yu-chien-tseng-2\/","title":{"rendered":"Yu-Chien Tseng"},"content":{"rendered":"<p>Tajwa\u0144ski skrzypek Yu-Chien (Benny) Tseng w b\u0142yskawicznym tempie buduje mi\u0119dzynarodow\u0105 pozycj\u0119 wspaniale zapowiadaj\u0105cego si\u0119 m\u0142odego solisty, cenionego za \u201cwdzi\u0119k, opanowanie i zawrotn\u0105 wirtuozeri\u0119\u201d.<\/p>\n<p>Po ostatnim debiucie z Niemieck\u0105 Orkiestr\u0105 Radiow\u0105 Saarbr\u00fccken krytycy nie szcz\u0119dzili pochwa\u0142 dla jego interpretacji <em>Koncertu skrzypcowego<\/em> Beethovena, pisz\u0105c: \u201eKlasycznie wywa\u017cona, bez popisywania si\u0119; delikatne i dyskretne niuanse; pe\u0142en kultury d\u017awi\u0119k; pe\u0142na wdzi\u0119ku i rado\u015bci, swobodna elegancja, pozbawiona jakiejkolwiek pozy. Doskona\u0142e!\u201d<\/p>\n<p>W lipcu 2015 roku zosta\u0142 uhonorowany najwy\u017csz\u0105 nagrod\u0105 przyznan\u0105 podczas XV Mi\u0119dzynarodowego Konkursu Skrzypcowego im. Piotra Czajkowskiego. Studiowa\u0142 u wybitnych nauczycieli \u2013 Aarona Rosanda i Idy Kavafian w Curtis Institute of Music. Jest ponadto laureatem I nagrody zar\u00f3wno w\u00a0Mi\u0119dzynarodowym Konkursie Skrzypcowym w Singapurze, jak i Mi\u0119dzynarodowym Konkursie Skrzypcowym im. Pablo Sarasate w Pampelunie.<\/p>\n<p>Yu-Chien Tseng rozwija obiecuj\u0105c\u0105 karier\u0119 solow\u0105, maj\u0105c ju\u017c na swoim koncie \u2013 obok recitali w Azji, Ameryce i Europie \u2013 wyst\u0119py z takimi orkiestrami, jak: London Philharmonic, Filharmonia Monachijska, Orkiestra Filharmonii Czeskiej, Orkiestra Filadelfijska, Narodowa Orkiestra Symfoniczna Belgii, Orkiestra Symfoniczna Tajpej, Narodowa Orkiestra Symfoniczna Tajwanu, Orkiestra Symfoniczna Nawarry i Kr\u00f3lewska Orkiestra Kameralna Walonii.<\/p>\n<p>Debiutem fonograficznym skrzypka by\u0142a p\u0142yta z francuskimi sonatami skrzypcowymi (Francka, Ravela i Debussy\u2019ego), wydana przez wytw\u00f3rni\u0119 Fuga Libera w 2012 roku. Latem 2016 roku podpisa\u0142 nowy kontrakt z Deutsche Grammophon: pierwsze nagranie \u2013 p\u0142yta z recitalem \u2013 ukaza\u0142o si\u0119 w styczniu 2017 roku, natomiast w dalszej cz\u0119\u015bci roku uka\u017ce si\u0119 jeszcze nagranie solisty z orkiestr\u0105.<\/p>\n<p>Artysta gra na skrzypcach Giuseppe Guarneriego del Ges\u00f9 z 1732 roku Ex \u201eCastelbarco-Tarisio\u201d, wypo\u017cyczonych przez Fundacj\u0119 Kultury Chi-Mei na Tajwanie.<\/p>","protected":false},"excerpt":{"rendered":"<p>Tajwa\u0144ski skrzypek Yu-Chien (Benny) Tseng w b\u0142yskawicznym tempie buduje mi\u0119dzynarodow\u0105 pozycj\u0119 wspaniale zapowiadaj\u0105cego si\u0119 m\u0142odego solisty, cenionego za \u201cwdzi\u0119k, opanowanie i zawrotn\u0105 wirtuozeri\u0119\u201d. Po ostatnim debiucie z Niemieck\u0105 Orkiestr\u0105 Radiow\u0105 Saarbr\u00fccken krytycy nie szcz\u0119dzili pochwa\u0142 dla jego interpretacji Koncertu skrzypcowego Beethovena, pisz\u0105c: \u201eKlasycznie wywa\u017cona, bez popisywania si\u0119; delikatne i dyskretne niuanse; pe\u0142en kultury d\u017awi\u0119k; pe\u0142na [&hellip;]<\/p>\n","protected":false},"author":6,"featured_media":0,"parent":0,"menu_order":97,"comment_status":"closed","ping_status":"closed","template":"template-artist.php","meta":{"footnotes":""},"categories":[],"class_list":["post-1537","page","type-page","status-publish","hentry"],"_links":{"self":[{"href":"https:\/\/beethoven.org.pl\/artysci\/wp-json\/wp\/v2\/pages\/1537","targetHints":{"allow":["GET"]}}],"collection":[{"href":"https:\/\/beethoven.org.pl\/artysci\/wp-json\/wp\/v2\/pages"}],"about":[{"href":"https:\/\/beethoven.org.pl\/artysci\/wp-json\/wp\/v2\/types\/page"}],"author":[{"embeddable":true,"href":"https:\/\/beethoven.org.pl\/artysci\/wp-json\/wp\/v2\/users\/6"}],"replies":[{"embeddable":true,"href":"https:\/\/beethoven.org.pl\/artysci\/wp-json\/wp\/v2\/comments?post=1537"}],"version-history":[{"count":1,"href":"https:\/\/beethoven.org.pl\/artysci\/wp-json\/wp\/v2\/pages\/1537\/revisions"}],"predecessor-version":[{"id":1539,"href":"https:\/\/beethoven.org.pl\/artysci\/wp-json\/wp\/v2\/pages\/1537\/revisions\/1539"}],"wp:attachment":[{"href":"https:\/\/beethoven.org.pl\/artysci\/wp-json\/wp\/v2\/media?parent=1537"}],"wp:term":[{"taxonomy":"category","embeddable":true,"href":"https:\/\/beethoven.org.pl\/artysci\/wp-json\/wp\/v2\/categories?post=1537"}],"curies":[{"name":"wp","href":"https:\/\/api.w.org\/{rel}","templated":true}]}}