{"id":1505,"date":"2017-04-10T15:58:32","date_gmt":"2017-04-10T13:58:32","guid":{"rendered":"http:\/\/beethoven.org.pl\/artysci\/?page_id=1505"},"modified":"2017-04-11T10:54:16","modified_gmt":"2017-04-11T08:54:16","slug":"adrian-strooper","status":"publish","type":"page","link":"https:\/\/beethoven.org.pl\/artysci\/adrian-strooper\/","title":{"rendered":"Adrian Strooper"},"content":{"rendered":"<p><strong>Adrian Strooper<\/strong>. Tenor australijskiego pochodzenia, Adrian Strooper, rozpocz\u0105\u0142 solow\u0105 karier\u0119 po wygraniu licznych konkurs\u00f3w wokalnych, kt\u00f3re otworzy\u0142y mu drzwi do wyst\u0119p\u00f3w w Ameryce i Europie. Jako m\u0142ody \u015bpiewak do\u0142\u0105czy\u0142 do Opernstudio Opery Kolo\u0144skiej, by\u0142 tak\u017ce cz\u0142onkiem Young Singers Project \u2013 programu dla m\u0142odych \u015bpiewak\u00f3w w ramach Festiwalu w Salzburgu. W 2006 roku podpisa\u0142 kontrakt z Komische Oper Berlin, gdzie jako tenor rezydent \u015bpiewa partie Le\u0144skiego\/<em>Eugeniusz Oniegin<\/em>, Don Ottavia\/<em>Don Giovanni <\/em>i Tamina\/<em>Czarodziejski flet<\/em>, odbywaj\u0105c liczne tourn\u00e9es do takich teatr\u00f3w operowych, jak Liceu w Barcelonie, Op\u00e9ra Comique w Pary\u017cu, Grand Theatre w Szanghaju i Teatr Bolszoj w Moskwie. Podczas Festiwalu w Adelajdzie w 2017 roku zadebiutowa\u0142 w roli Jonathana w <em>Saulu<\/em> H\u00e4ndla, w inscenizacji Barriego Kosky\u2019ego wyprodukowanej dla Glyndebourne.<\/p>\n<p>Pozosta\u0142e role w repertuarze Stroopera to: Belmonte\/<em>Uprowadzenie z Seraju<\/em>, Ernesto\/<em>Don Pasquale<\/em>, Ferrando\/<em>Cos\u00ec fan tutte<\/em>, Lizander\/<em>Sen nocy letniej<\/em>, Rinuccio\/<em>Gianni Schicchi<\/em>, Jowisz\/<em>Semele<\/em>, Brighella\/<em>Ariadna na Naxos<\/em> oraz m\u0142ody Graf\/<em>\u017bo\u0142nierze<\/em>.<\/p>\n<p>Wyst\u0119powa\u0142 go\u015bcinnie w Semperoper w Dre\u017anie, Operze w Lipsku, Deutsche Oper am Rhein, Staatstheater am G\u00e4rtnerplatz, Theater Bremen, Op\u00e9ra de Toulon, a tak\u017ce w Nowej Zelandii i Australii. Repertuar symfoniczny Stroopera obejmuje dzie\u0142a Haydna, H\u00e4ndla, Beethovena i Mendelssohna, wykonywane w\u00a0ramach wsp\u00f3\u0142pracy z Orkiestr\u0105 Kameraln\u0105 Concertgebouw, Noord Nederlands Orkest i Latvijas Concerti z\u00a0Rygi. Wyst\u0105pi\u0142 tak\u017ce podczas Festiwalu Muzyki Dawnej w Innsbrucku, na festiwalach w Salzburgu i Aix-en-Provence.<\/p>\n<p>Strooper mia\u0142 przyjemno\u015b\u0107 pracowa\u0107 z takimi dyrygentami jak Yannick N\u00e9zet-S\u00e9guin, Simone Young, Sebastian Weigle, Ren\u00e9 Jacobs, Henrik N\u00e1n\u00e1si, Marco Comin, Paul Goodwin, Roy Goodman i Alessandro de Marchi.<\/p>","protected":false},"excerpt":{"rendered":"<p>Adrian Strooper. Tenor australijskiego pochodzenia, Adrian Strooper, rozpocz\u0105\u0142 solow\u0105 karier\u0119 po wygraniu licznych konkurs\u00f3w wokalnych, kt\u00f3re otworzy\u0142y mu drzwi do wyst\u0119p\u00f3w w Ameryce i Europie. Jako m\u0142ody \u015bpiewak do\u0142\u0105czy\u0142 do Opernstudio Opery Kolo\u0144skiej, by\u0142 tak\u017ce cz\u0142onkiem Young Singers Project \u2013 programu dla m\u0142odych \u015bpiewak\u00f3w w ramach Festiwalu w Salzburgu. W 2006 roku podpisa\u0142 kontrakt z [&hellip;]<\/p>\n","protected":false},"author":6,"featured_media":0,"parent":0,"menu_order":105,"comment_status":"closed","ping_status":"closed","template":"template-artist.php","meta":{"footnotes":""},"categories":[],"class_list":["post-1505","page","type-page","status-publish","hentry"],"_links":{"self":[{"href":"https:\/\/beethoven.org.pl\/artysci\/wp-json\/wp\/v2\/pages\/1505","targetHints":{"allow":["GET"]}}],"collection":[{"href":"https:\/\/beethoven.org.pl\/artysci\/wp-json\/wp\/v2\/pages"}],"about":[{"href":"https:\/\/beethoven.org.pl\/artysci\/wp-json\/wp\/v2\/types\/page"}],"author":[{"embeddable":true,"href":"https:\/\/beethoven.org.pl\/artysci\/wp-json\/wp\/v2\/users\/6"}],"replies":[{"embeddable":true,"href":"https:\/\/beethoven.org.pl\/artysci\/wp-json\/wp\/v2\/comments?post=1505"}],"version-history":[{"count":1,"href":"https:\/\/beethoven.org.pl\/artysci\/wp-json\/wp\/v2\/pages\/1505\/revisions"}],"predecessor-version":[{"id":1507,"href":"https:\/\/beethoven.org.pl\/artysci\/wp-json\/wp\/v2\/pages\/1505\/revisions\/1507"}],"wp:attachment":[{"href":"https:\/\/beethoven.org.pl\/artysci\/wp-json\/wp\/v2\/media?parent=1505"}],"wp:term":[{"taxonomy":"category","embeddable":true,"href":"https:\/\/beethoven.org.pl\/artysci\/wp-json\/wp\/v2\/categories?post=1505"}],"curies":[{"name":"wp","href":"https:\/\/api.w.org\/{rel}","templated":true}]}}