{"id":1502,"date":"2017-04-10T15:56:39","date_gmt":"2017-04-10T13:56:39","guid":{"rendered":"http:\/\/beethoven.org.pl\/artysci\/?page_id=1502"},"modified":"2017-04-11T10:54:09","modified_gmt":"2017-04-11T08:54:09","slug":"storioni-trio","status":"publish","type":"page","link":"https:\/\/beethoven.org.pl\/artysci\/storioni-trio\/","title":{"rendered":"Storioni Trio"},"content":{"rendered":"<p><strong>Bart van de Roer <\/strong>(fortepian), <strong>Wouter Vossen<\/strong> (skrzypce), <strong>Marc Vossen<\/strong> (wiolonczela)<\/p>\n<p>Za\u0142o\u017cone w 1995 roku w Holandii Storioni Trio to zesp\u00f3\u0142 wykonuj\u0105cy utwory na trio fortepianowe, od dzie\u0142 klasycznych po wsp\u00f3\u0142czesne, od Haydna po Henzego. Muzycy specjalizuj\u0105 si\u0119 w koncertach potr\u00f3jnych (Beethoven,\u00a0Casella, Juon, Martin\u016f, Mo\u00f3r, Vor\u00edsek), a ponadto zamawiaj\u0105 i wykonuj\u0105 koncerty potr\u00f3jne m.in. Kevina Volansa, Petera-Jana Wagemansa, Nico Muhly\u2019ego i Willema Jethsa.<\/p>\n<p>Podczas niedawnych koncert\u00f3w w Szwajcarii i Holandii zesp\u00f3\u0142 wykona\u0142 wszystkie tria fortepianowe Beethovena, graj\u0105c zar\u00f3wno na instrumentach z epoki, jak i wsp\u00f3\u0142czesnych. Z kolei nagranie <em>Koncertu potr\u00f3jnego <\/em>Beethovena na instrumentach dawnych wraz z Orkiestr\u0105 Symfoniczn\u0105 Holandii (pod batut\u0105 Jana Willema de Vrienda) zyska\u0142o uznanie mi\u0119dzynarodowej krytyki.<\/p>\n<p>Zesp\u00f3\u0142 pe\u0142ni funkcj\u0119 dyrektora artystycznego odbywaj\u0105cego si\u0119 co roku w Holandii dziesi\u0119ciodniowego Festiwalu Storioni. Podczas jego 10. edycji, w styczniu 2017 roku, do tria ponownie do\u0142\u0105czyli \u015bwiatowej s\u0142awy muzycy oraz wschodz\u0105ce talenty. Ka\u017cdego roku podczas festiwalu prezentowany jest przynajmniej jeden nowo zam\u00f3wiony utw\u00f3r \u2013 koncert potr\u00f3jny lub trio fortepianowe.<\/p>\n<p>Muzycy Storioni Trio zapraszani byli wielokrotnie do takich sal koncertowych, jak Wigmore Hall czy Carnegie Hall, a tak\u017ce na festiwale w Kuhmo, Mecklenburg-Vorpommern, Dni Muzyki Kameralnej w Osnabr\u00fcck i Festiwal Tri\u00f3w w Filharmonii Moskiewskiej. Podczas tras koncertowych arty\u015bci go\u015bcili w Indiach, na Bliskim Wschodzie i Tajwanie, w Australii, Japonii i Stanach Zjednoczonych. W kwietniu 2017 roku Storioni Trio zadebiutuje z Orkiestr\u0105 Filharmoniczn\u0105 Hongkongu pod batut\u0105 Jaapa van Zwedena.<\/p>\n<p>Wouter Vossen gra a skrzypcach Laurentiusa Storioniego (Cremona 1794), a Marc Vossen na wiolonczeli Giovanniego Grancino (Mediolan 1700).<\/p>","protected":false},"excerpt":{"rendered":"<p>Bart van de Roer (fortepian), Wouter Vossen (skrzypce), Marc Vossen (wiolonczela) Za\u0142o\u017cone w 1995 roku w Holandii Storioni Trio to zesp\u00f3\u0142 wykonuj\u0105cy utwory na trio fortepianowe, od dzie\u0142 klasycznych po wsp\u00f3\u0142czesne, od Haydna po Henzego. Muzycy specjalizuj\u0105 si\u0119 w koncertach potr\u00f3jnych (Beethoven,\u00a0Casella, Juon, Martin\u016f, Mo\u00f3r, Vor\u00edsek), a ponadto zamawiaj\u0105 i wykonuj\u0105 koncerty potr\u00f3jne m.in. Kevina [&hellip;]<\/p>\n","protected":false},"author":6,"featured_media":0,"parent":0,"menu_order":106,"comment_status":"closed","ping_status":"closed","template":"template-artist.php","meta":{"footnotes":""},"categories":[],"class_list":["post-1502","page","type-page","status-publish","hentry"],"_links":{"self":[{"href":"https:\/\/beethoven.org.pl\/artysci\/wp-json\/wp\/v2\/pages\/1502","targetHints":{"allow":["GET"]}}],"collection":[{"href":"https:\/\/beethoven.org.pl\/artysci\/wp-json\/wp\/v2\/pages"}],"about":[{"href":"https:\/\/beethoven.org.pl\/artysci\/wp-json\/wp\/v2\/types\/page"}],"author":[{"embeddable":true,"href":"https:\/\/beethoven.org.pl\/artysci\/wp-json\/wp\/v2\/users\/6"}],"replies":[{"embeddable":true,"href":"https:\/\/beethoven.org.pl\/artysci\/wp-json\/wp\/v2\/comments?post=1502"}],"version-history":[{"count":1,"href":"https:\/\/beethoven.org.pl\/artysci\/wp-json\/wp\/v2\/pages\/1502\/revisions"}],"predecessor-version":[{"id":1504,"href":"https:\/\/beethoven.org.pl\/artysci\/wp-json\/wp\/v2\/pages\/1502\/revisions\/1504"}],"wp:attachment":[{"href":"https:\/\/beethoven.org.pl\/artysci\/wp-json\/wp\/v2\/media?parent=1502"}],"wp:term":[{"taxonomy":"category","embeddable":true,"href":"https:\/\/beethoven.org.pl\/artysci\/wp-json\/wp\/v2\/categories?post=1502"}],"curies":[{"name":"wp","href":"https:\/\/api.w.org\/{rel}","templated":true}]}}