{"id":1499,"date":"2017-04-10T15:54:06","date_gmt":"2017-04-10T13:54:06","guid":{"rendered":"http:\/\/beethoven.org.pl\/artysci\/?page_id=1499"},"modified":"2017-04-11T10:53:57","modified_gmt":"2017-04-11T08:53:57","slug":"hubert-soudant","status":"publish","type":"page","link":"https:\/\/beethoven.org.pl\/artysci\/hubert-soudant\/","title":{"rendered":"Hubert Soudant"},"content":{"rendered":"<p><strong>Hubert Soudant<\/strong> rozpocz\u0105\u0142 edukacj\u0119 muzyczn\u0105 w swoim rodzinnym mie\u015bcie Maastricht w Holandii. Zdoby\u0142 nagrody w wielu mi\u0119dzynarodowych konkursach, m.in. w Besan\u00e7on (1969), Konkursie Dyrygenckim im. Herberta von Karajana w Berlinie (1971) oraz Konkursie Cantelli w Mediolanie (1973).<\/p>\n<p>Dyrygowa\u0142 wieloma europejskimi orkiestrami o mi\u0119dzynarodowej renomie \u2013 zar\u00f3wno podczas koncert\u00f3w symfonicznych, jak i w teatrach operowych \u2013 w\u015br\u00f3d kt\u00f3rych wymieni\u0107 nale\u017cy Berliner Philharmoniker, London Philharmonic, Bamberg Symphony, Wiener Symphoniker, orkiestry Filharmonii w Oslo, Sztokholmie, Orkiestr\u0119 La Scali, Orchestra della RAI di Turino, inne wiod\u0105ce zespo\u0142y W\u0142och oraz orkiestry z Japonii.<\/p>\n<p>Soudant jest sta\u0142ym go\u015bciem mi\u0119dzynarodowych wydarze\u0144, takich jak festiwale w Salzburgu, Spoleto, Rawennie i Wiedniu, a tak\u017ce Praska Wiosna czy Festiwal Brucknera w Linzu.<\/p>\n<p>Jego debiut operowy mia\u0142 miejsce w Teatro Regio di Parma w 1985 roku \u2013 sukces ten przyni\u00f3s\u0142 mu zaproszenia do wsp\u00f3\u0142pracy z Oper\u0105 Bastille w Pary\u017cu, a tak\u017ce wszystkimi wiod\u0105cymi teatrami operowymi we W\u0142oszech, w\u0142\u0105cznie z La Fenice w Wenecji oraz operami w Bolonii i Trie\u015bcie.<\/p>\n<p>We wrze\u015bniu 1994 roku Hubert Soudant zosta\u0142 powo\u0142any na stanowisko dyrektora muzycznego Orchestre National des Pays de la Loire oraz g\u0142\u00f3wnego dyrygenta Orkiestry Mozarteum w Salzburgu. Sta\u0142a, pe\u0142na sukces\u00f3w praca nad muzyk\u0105 Mozarta, rozw\u00f3j repertuaru francuskiego, a tak\u017ce ci\u0105g\u0142e propagowanie dzie\u0142 Brucknera to najistotniejsze dziedziny, na kt\u00f3rych skupia si\u0119 z Orkiestr\u0105 Mozarteum, co znajduje odzwierciedlenie w r\u00f3\u017cnorodnych nagraniach p\u0142ytowych.<\/p>\n<p>W 1999 roku obj\u0105\u0142 funkcj\u0119 pierwszego dyrygenta go\u015bcinnego, a od wrze\u015bnia 2004 do 2014 roku by\u0142 dyrektorem muzycznym Tokijskiej Orkiestry Symfonicznej. Poza sta\u0142ymi zobowi\u0105zaniami, Hubert Soudant wyst\u0119puje go\u015bcinnie w Europie, Japonii i Stanach Zjednoczonych.<\/p>\n<p>&nbsp;<\/p>","protected":false},"excerpt":{"rendered":"<p>Hubert Soudant rozpocz\u0105\u0142 edukacj\u0119 muzyczn\u0105 w swoim rodzinnym mie\u015bcie Maastricht w Holandii. Zdoby\u0142 nagrody w wielu mi\u0119dzynarodowych konkursach, m.in. w Besan\u00e7on (1969), Konkursie Dyrygenckim im. Herberta von Karajana w Berlinie (1971) oraz Konkursie Cantelli w Mediolanie (1973). Dyrygowa\u0142 wieloma europejskimi orkiestrami o mi\u0119dzynarodowej renomie \u2013 zar\u00f3wno podczas koncert\u00f3w symfonicznych, jak i w teatrach operowych \u2013 [&hellip;]<\/p>\n","protected":false},"author":6,"featured_media":0,"parent":0,"menu_order":107,"comment_status":"closed","ping_status":"closed","template":"template-artist.php","meta":{"footnotes":""},"categories":[],"class_list":["post-1499","page","type-page","status-publish","hentry"],"_links":{"self":[{"href":"https:\/\/beethoven.org.pl\/artysci\/wp-json\/wp\/v2\/pages\/1499","targetHints":{"allow":["GET"]}}],"collection":[{"href":"https:\/\/beethoven.org.pl\/artysci\/wp-json\/wp\/v2\/pages"}],"about":[{"href":"https:\/\/beethoven.org.pl\/artysci\/wp-json\/wp\/v2\/types\/page"}],"author":[{"embeddable":true,"href":"https:\/\/beethoven.org.pl\/artysci\/wp-json\/wp\/v2\/users\/6"}],"replies":[{"embeddable":true,"href":"https:\/\/beethoven.org.pl\/artysci\/wp-json\/wp\/v2\/comments?post=1499"}],"version-history":[{"count":1,"href":"https:\/\/beethoven.org.pl\/artysci\/wp-json\/wp\/v2\/pages\/1499\/revisions"}],"predecessor-version":[{"id":1501,"href":"https:\/\/beethoven.org.pl\/artysci\/wp-json\/wp\/v2\/pages\/1499\/revisions\/1501"}],"wp:attachment":[{"href":"https:\/\/beethoven.org.pl\/artysci\/wp-json\/wp\/v2\/media?parent=1499"}],"wp:term":[{"taxonomy":"category","embeddable":true,"href":"https:\/\/beethoven.org.pl\/artysci\/wp-json\/wp\/v2\/categories?post=1499"}],"curies":[{"name":"wp","href":"https:\/\/api.w.org\/{rel}","templated":true}]}}